{"id":756,"date":"2024-12-15T16:37:39","date_gmt":"2024-12-15T15:37:39","guid":{"rendered":"https:\/\/www.robotsgallery.es\/?post_type=product&#038;p=756"},"modified":"2025-10-10T12:09:54","modified_gmt":"2025-10-10T10:09:54","slug":"irb-6640-irc5-m2004-205-kg","status":"publish","type":"product","link":"https:\/\/www.robotsgallery.es\/fr\/robot\/irb-6640-irc5-m2004-205-kg\/","title":{"rendered":"IRB 6640 IRC5 M2004 205 kg"},"content":{"rendered":"<p>La version 2012 de l'ABB IRB 6640 est la solution id\u00e9ale pour les applications industrielles n\u00e9cessitant une manipulation de mat\u00e9riaux lourds avec une grande pr\u00e9cision. Avec une capacit\u00e9 de charge de 205 kg et une port\u00e9e horizontale de 2,75 m\u00e8tres, ce robot est parfait pour les processus de soudage, la manipulation de mat\u00e9riaux et le chargement de machines. Mont\u00e9 au sol, ses six axes et sa capacit\u00e9 \u00e0 se plier vers l'arri\u00e8re lui conf\u00e8rent une grande flexibilit\u00e9 et un excellent acc\u00e8s dans des environnements complexes. Ce mod\u00e8le est id\u00e9al pour ceux qui recherchent un robot efficace et de grande capacit\u00e9, compatible avec les contr\u00f4leurs S4C+ et IRC5, facilitant son int\u00e9gration et son utilisation.<\/p>\n<table style=\"border-collapse: collapse; width: 100%;\" border=\"1\">\n<tbody>\n<tr>\n<td style=\"width: 50%; padding-left: 40px;\"><span class=\"nombre\"><strong>Technical Data:<\/strong><br \/>\n\u2022 Payload: 205 Kg<br \/>\n\u2022 Maximum Reach: 2750 mm<br \/>\n\u2022 Repeatability: 0.05 mm<br \/>\n\u2022 Controller: IRC5 M2004 <\/span><\/td>\n<td style=\"width: 50%; padding-left: 40px;\"><span class=\"nombre\"><strong>Axis motion speed<\/strong><br \/>\n\u2022 Axis 1: 110\u00ba\/s<br \/>\n\u2022 Axis 2: 90\u00ba\/s<br \/>\n\u2022 Axis 3: 90\u00ba\/s<br \/>\n\u2022 Axis 4: 190\u00ba\/s<br \/>\n\u2022 Axis 5: 140\u00ba\/s<br \/>\n\u2022 Axis 6: 235\u00ba\/s<\/span><\/td>\n<\/tr>\n<\/tbody>\n<\/table>\n<p style=\"text-align: center;\"><iframe title=\"YouTube video player\" src=\"\/\/www.youtube.com\/embed\/ysfZdROtHHQ?si=Mw-SMKMMxND-8ovh\" width=\"560\" height=\"315\" frameborder=\"0\" allowfullscreen=\"allowfullscreen\"><\/iframe><\/p>","protected":false},"excerpt":{"rendered":"<p>Robot ABB IRB 6640 d\u2019occasion avec contr\u00f4leur IRC5 M2004, jusqu\u2019\u00e0 205 kg de charge utile<\/p>","protected":false},"featured_media":759,"comment_status":"closed","ping_status":"closed","template":"","meta":{"_seopress_robots_primary_cat":"none","_seopress_titles_title":"Robot ABB IRB 6640 IRC5 M2004 205 kg carga","_seopress_titles_desc":"Robot industrial reacondicionado en venta. Seleccionamos los mejores robots. Con garant\u00eda y a un precio accesible. \u00a1Desc\u00fabrelo y mejora tu productividad!","_seopress_robots_index":"","_seopress_analysis_target_kw":""},"product_brand":[],"product_cat":[96,27,28,29,100,98,99,103,102,105,31,101],"product_tag":[],"class_list":{"0":"post-756","1":"product","2":"type-product","3":"status-publish","4":"has-post-thumbnail","6":"product_cat-aplicador-masillas-y-adhesivos","7":"product_cat-carga-descarga-piezas","8":"product_cat-ensamblaje-partes","9":"product_cat-manipulacion-piezas","10":"product_cat-manipulacion-interprensas","11":"product_cat-mecanizado","12":"product_cat-paletizacion-robotizada","13":"product_cat-paletizado-de-sacos","14":"product_cat-pulido-con-robots-industriales-de-ocasion","15":"product_cat-robots-soldadura","16":"product_cat-soldadura-pernos","17":"product_cat-soldadura-por-puntos","19":"first","20":"instock","21":"shipping-taxable","22":"product-type-simple"},"_links":{"self":[{"href":"https:\/\/www.robotsgallery.es\/fr\/wp-json\/wp\/v2\/product\/756","targetHints":{"allow":["GET"]}}],"collection":[{"href":"https:\/\/www.robotsgallery.es\/fr\/wp-json\/wp\/v2\/product"}],"about":[{"href":"https:\/\/www.robotsgallery.es\/fr\/wp-json\/wp\/v2\/types\/product"}],"replies":[{"embeddable":true,"href":"https:\/\/www.robotsgallery.es\/fr\/wp-json\/wp\/v2\/comments?post=756"}],"version-history":[{"count":5,"href":"https:\/\/www.robotsgallery.es\/fr\/wp-json\/wp\/v2\/product\/756\/revisions"}],"predecessor-version":[{"id":3555,"href":"https:\/\/www.robotsgallery.es\/fr\/wp-json\/wp\/v2\/product\/756\/revisions\/3555"}],"wp:featuredmedia":[{"embeddable":true,"href":"https:\/\/www.robotsgallery.es\/fr\/wp-json\/wp\/v2\/media\/759"}],"wp:attachment":[{"href":"https:\/\/www.robotsgallery.es\/fr\/wp-json\/wp\/v2\/media?parent=756"}],"wp:term":[{"taxonomy":"product_brand","embeddable":true,"href":"https:\/\/www.robotsgallery.es\/fr\/wp-json\/wp\/v2\/product_brand?post=756"},{"taxonomy":"product_cat","embeddable":true,"href":"https:\/\/www.robotsgallery.es\/fr\/wp-json\/wp\/v2\/product_cat?post=756"},{"taxonomy":"product_tag","embeddable":true,"href":"https:\/\/www.robotsgallery.es\/fr\/wp-json\/wp\/v2\/product_tag?post=756"}],"curies":[{"name":"wp","href":"https:\/\/api.w.org\/{rel}","templated":true}]}}