{"id":748,"date":"2024-12-15T02:21:15","date_gmt":"2024-12-15T01:21:15","guid":{"rendered":"https:\/\/www.robotsgallery.es\/?post_type=product&#038;p=748"},"modified":"2025-10-26T12:00:32","modified_gmt":"2025-10-26T11:00:32","slug":"irb-6640-irc5-m2004-235-kg","status":"publish","type":"product","link":"https:\/\/www.robotsgallery.es\/fr\/robot\/irb-6640-irc5-m2004-235-kg\/","title":{"rendered":"IRB 6640 IRC5 M2004 235 kg"},"content":{"rendered":"<p>Le ABB IRB 6640 de 2012 est un robot industriel robuste et polyvalent, con\u00e7u pour r\u00e9aliser des t\u00e2ches exigeantes dans des environnements industriels. Avec une capacit\u00e9 de charge maximale de 235 kg et six axes de mouvement, il est id\u00e9al pour les applications de manipulation de mat\u00e9riaux, de chargement de machines et de soudage par points. Ce mod\u00e8le offre une port\u00e9e horizontale allant jusqu'\u00e0 2,55 m\u00e8tres. Mont\u00e9 au sol, il offre une flexibilit\u00e9 exceptionnelle, lui permettant de se d\u00e9placer derri\u00e8re lui-m\u00eame pour faciliter l'acc\u00e8s. De plus, il est pr\u00eat \u00e0 \u00eatre contr\u00f4l\u00e9 \u00e0 la fois avec le S4C+ et le IRC5, offrant une configuration \u00e0 la fois efficace et facile \u00e0 g\u00e9rer.<\/p>\n<table style=\"border-collapse: collapse; width: 100%;\" border=\"1\">\n<tbody>\n<tr>\n<td style=\"width: 50%; padding-left: 40px;\"><span class=\"nombre\"><strong>Technical Data:<\/strong><br \/>\n\u2022 Payload: 235 Kg<br \/>\n\u2022 Maximum Reach: 2550 mm<br \/>\n\u2022 Repeatability: 0.05 mm<br \/>\n\u2022 Controller: IRC5 M2004<\/span><\/td>\n<td style=\"width: 50%; padding-left: 40px;\"><span class=\"nombre\"><strong>Axis motion speed<\/strong><br \/>\n\u2022 Axis 1: 110\u00ba\/s<br \/>\n\u2022 Axis 2: 90\u00ba\/s<br \/>\n\u2022 Axis 3: 90\u00ba\/s<br \/>\n\u2022 Axis 4: 190\u00ba\/s<br \/>\n\u2022 Axis 5: 140\u00ba\/s<br \/>\n\u2022 Axis 6: 235\u00ba\/s<\/span><\/td>\n<\/tr>\n<\/tbody>\n<\/table>\n<p>&nbsp;<\/p>\n<p><center><iframe title=\"YouTube video player\" src=\"\/\/www.youtube.com\/embed\/ysfZdROtHHQ?si=3l6PLihA4yf-jXnN\" width=\"560\" height=\"315\" frameborder=\"0\" allowfullscreen=\"allowfullscreen\"><\/iframe><\/center><\/p>","protected":false},"excerpt":{"rendered":"<p>Robot ABB IRB 6640 d\u2019occasion avec contr\u00f4leur IRC5 M2004, jusqu\u2019\u00e0 235 kg de charge utile.<\/p>","protected":false},"featured_media":752,"comment_status":"closed","ping_status":"closed","template":"","meta":{"_seopress_robots_primary_cat":"none","_seopress_titles_title":"ABB IRB 6640 IRC5 M2004 235 kg carga","_seopress_titles_desc":"Excelente robot industrial de segunda mano a la venta. Reacondicionado y con garant\u00eda. \u00a1Optimiza tu productividad al mejor precio!","_seopress_robots_index":"","_seopress_analysis_target_kw":""},"product_brand":[],"product_cat":[27,28,29,100,98,99,102,105,104,30,31,97,101],"product_tag":[],"class_list":{"0":"post-748","1":"product","2":"type-product","3":"status-publish","4":"has-post-thumbnail","6":"product_cat-carga-descarga-piezas","7":"product_cat-ensamblaje-partes","8":"product_cat-manipulacion-piezas","9":"product_cat-manipulacion-interprensas","10":"product_cat-mecanizado","11":"product_cat-paletizacion-robotizada","12":"product_cat-pulido-con-robots-industriales-de-ocasion","13":"product_cat-robots-soldadura","14":"product_cat-robot-usado-construccion","15":"product_cat-soldadura-al-arco","16":"product_cat-soldadura-pernos","17":"product_cat-soldadura-laser-nd-yag","18":"product_cat-soldadura-por-puntos","20":"first","21":"instock","22":"shipping-taxable","23":"product-type-simple"},"_links":{"self":[{"href":"https:\/\/www.robotsgallery.es\/fr\/wp-json\/wp\/v2\/product\/748","targetHints":{"allow":["GET"]}}],"collection":[{"href":"https:\/\/www.robotsgallery.es\/fr\/wp-json\/wp\/v2\/product"}],"about":[{"href":"https:\/\/www.robotsgallery.es\/fr\/wp-json\/wp\/v2\/types\/product"}],"replies":[{"embeddable":true,"href":"https:\/\/www.robotsgallery.es\/fr\/wp-json\/wp\/v2\/comments?post=748"}],"version-history":[{"count":4,"href":"https:\/\/www.robotsgallery.es\/fr\/wp-json\/wp\/v2\/product\/748\/revisions"}],"predecessor-version":[{"id":3557,"href":"https:\/\/www.robotsgallery.es\/fr\/wp-json\/wp\/v2\/product\/748\/revisions\/3557"}],"wp:featuredmedia":[{"embeddable":true,"href":"https:\/\/www.robotsgallery.es\/fr\/wp-json\/wp\/v2\/media\/752"}],"wp:attachment":[{"href":"https:\/\/www.robotsgallery.es\/fr\/wp-json\/wp\/v2\/media?parent=748"}],"wp:term":[{"taxonomy":"product_brand","embeddable":true,"href":"https:\/\/www.robotsgallery.es\/fr\/wp-json\/wp\/v2\/product_brand?post=748"},{"taxonomy":"product_cat","embeddable":true,"href":"https:\/\/www.robotsgallery.es\/fr\/wp-json\/wp\/v2\/product_cat?post=748"},{"taxonomy":"product_tag","embeddable":true,"href":"https:\/\/www.robotsgallery.es\/fr\/wp-json\/wp\/v2\/product_tag?post=748"}],"curies":[{"name":"wp","href":"https:\/\/api.w.org\/{rel}","templated":true}]}}