{"id":447,"date":"2024-12-12T12:54:42","date_gmt":"2024-12-12T11:54:42","guid":{"rendered":"https:\/\/www.robotsgallery.es\/?post_type=product&#038;p=447"},"modified":"2025-10-28T11:34:05","modified_gmt":"2025-10-28T10:34:05","slug":"r2000ib-210f-r30ia","status":"publish","type":"product","link":"https:\/\/www.robotsgallery.es\/fr\/robot\/r2000ib-210f-r30ia\/","title":{"rendered":"R2000iB 210F R30iA"},"content":{"rendered":"<p>Le Fanuc R-2000iB 210F est un robot 6 axes mont\u00e9 au sol. Sa charge utile de 210 kg et sa port\u00e9e horizontale de 2655 mm le rendent id\u00e9al pour de nombreuses applications, notamment le soudage, la manutention et l'assemblage. Le Fanuc R-2000iB a une conception de poignet et de bras mince lui permettant de s'adapter dans les espaces confin\u00e9s. Il offre aux fabricants une plus grande polyvalence pour les charges de travail lourdes. Le contr\u00f4leur R-30iA utilise une technologie de pointe dans un design fiable et efficace. La fonctionnalit\u00e9 de processus et les fonctionnalit\u00e9s d'architecture ouverte fournissent une intelligence qui am\u00e9liore les performances de l'application et du mouvement tout en simplifiant l'int\u00e9gration du syst\u00e8me. Le contr\u00f4leur offre des contr\u00f4les des temps d'acc\u00e9l\u00e9ration et de d\u00e9c\u00e9l\u00e9ration. Cela conduit \u00e0 des temps de cycle plus courts. Le contr\u00f4leur fournit un syst\u00e8me de vision 2D int\u00e9gr\u00e9 pour acc\u00e9l\u00e9rer l'installation des applications de vision et ceci peut facilement \u00eatre am\u00e9lior\u00e9 en un syst\u00e8me de vision 3D.<\/p>\n<table style=\"border-collapse: collapse; width: 100%;\" border=\"1\">\n<tbody>\n<tr>\n<td style=\"width: 50%; padding-left: 40px;\"><span class=\"nombre\"><strong>Technical Data:<\/strong><br \/>\n\u2022 Payload: 210 Kg.<br \/>\n\u2022 Arm Reach: 2655 mm.<br \/>\n\u2022 Repeatability: 0,3 mm.<br \/>\n\u2022 Controller: R3OiA<\/span><\/td>\n<td style=\"width: 50%; padding-left: 40px;\"><span class=\"nombre\"><strong>Axis motion speed:<\/strong><br \/>\n\u2022 Axis 1: 95\u00ba\/s<br \/>\n\u2022 Axis 2: 90\u00ba\/s<br \/>\n\u2022 Axis 3: 95\u00ba\/s<br \/>\n\u2022 Axis 4: 120\u00ba\/s<br \/>\n\u2022 Axis 5: 120\u00ba\/s<br \/>\n\u2022 Axis 6: 190\u00ba\/s<\/span><\/td>\n<\/tr>\n<\/tbody>\n<\/table>","protected":false},"excerpt":{"rendered":"<p>Robot FANUC R2000iB 210F d\u2019occasion avec contr\u00f4leur R30iA<\/p>","protected":false},"featured_media":460,"comment_status":"closed","ping_status":"closed","template":"","meta":{"_seopress_robots_primary_cat":"none","_seopress_titles_title":"Fanuc R2000iB 210F R30iA","_seopress_titles_desc":"Robot industrial de segunda mano FANUC. Reacondicionado y garantizado para ofrecerte m\u00e1xima productividad y un excelente retorno de inversi\u00f3n.","_seopress_robots_index":"","_seopress_analysis_target_kw":""},"product_brand":[],"product_cat":[96,27,28,29,100,98,99,103,102,105,104,30,31,97,101],"product_tag":[],"class_list":{"0":"post-447","1":"product","2":"type-product","3":"status-publish","4":"has-post-thumbnail","6":"product_cat-aplicador-masillas-y-adhesivos","7":"product_cat-carga-descarga-piezas","8":"product_cat-ensamblaje-partes","9":"product_cat-manipulacion-piezas","10":"product_cat-manipulacion-interprensas","11":"product_cat-mecanizado","12":"product_cat-paletizacion-robotizada","13":"product_cat-paletizado-de-sacos","14":"product_cat-pulido-con-robots-industriales-de-ocasion","15":"product_cat-robots-soldadura","16":"product_cat-robot-usado-construccion","17":"product_cat-soldadura-al-arco","18":"product_cat-soldadura-pernos","19":"product_cat-soldadura-laser-nd-yag","20":"product_cat-soldadura-por-puntos","22":"first","23":"instock","24":"shipping-taxable","25":"product-type-simple"},"_links":{"self":[{"href":"https:\/\/www.robotsgallery.es\/fr\/wp-json\/wp\/v2\/product\/447","targetHints":{"allow":["GET"]}}],"collection":[{"href":"https:\/\/www.robotsgallery.es\/fr\/wp-json\/wp\/v2\/product"}],"about":[{"href":"https:\/\/www.robotsgallery.es\/fr\/wp-json\/wp\/v2\/types\/product"}],"replies":[{"embeddable":true,"href":"https:\/\/www.robotsgallery.es\/fr\/wp-json\/wp\/v2\/comments?post=447"}],"version-history":[{"count":4,"href":"https:\/\/www.robotsgallery.es\/fr\/wp-json\/wp\/v2\/product\/447\/revisions"}],"predecessor-version":[{"id":3577,"href":"https:\/\/www.robotsgallery.es\/fr\/wp-json\/wp\/v2\/product\/447\/revisions\/3577"}],"wp:featuredmedia":[{"embeddable":true,"href":"https:\/\/www.robotsgallery.es\/fr\/wp-json\/wp\/v2\/media\/460"}],"wp:attachment":[{"href":"https:\/\/www.robotsgallery.es\/fr\/wp-json\/wp\/v2\/media?parent=447"}],"wp:term":[{"taxonomy":"product_brand","embeddable":true,"href":"https:\/\/www.robotsgallery.es\/fr\/wp-json\/wp\/v2\/product_brand?post=447"},{"taxonomy":"product_cat","embeddable":true,"href":"https:\/\/www.robotsgallery.es\/fr\/wp-json\/wp\/v2\/product_cat?post=447"},{"taxonomy":"product_tag","embeddable":true,"href":"https:\/\/www.robotsgallery.es\/fr\/wp-json\/wp\/v2\/product_tag?post=447"}],"curies":[{"name":"wp","href":"https:\/\/api.w.org\/{rel}","templated":true}]}}