{"id":427,"date":"2024-12-12T09:02:55","date_gmt":"2024-12-12T08:02:55","guid":{"rendered":"https:\/\/www.robotsgallery.es\/?post_type=product&#038;p=427"},"modified":"2026-01-05T11:41:39","modified_gmt":"2026-01-05T10:41:39","slug":"r2000i-165f-rj3i-model-b","status":"publish","type":"product","link":"https:\/\/www.robotsgallery.es\/fr\/robot\/r2000i-165f-rj3i-model-b\/","title":{"rendered":"R2000i \/ 165F RJ3i model B"},"content":{"rendered":"<p>La s\u00e9rie de robots R-2000i est la derni\u00e8re g\u00e9n\u00e9ration de robots de grande charge et avec un haut rendement industriel. Le R-2000i repr\u00e9sente une \u00e9volution avanc\u00e9e dans la s\u00e9rie de robots de FANUC Robotics. Pendant que la grande majorit\u00e9 des caract\u00e9ristiques du S-430i se maintiennent, le R-2000i apporte des valeurs plus hautes et am\u00e9liore le rendement, la s\u00e9curit\u00e9 et la manipulation. Il inclut la nouvelle intelligente RJ3i model B. Le robot industriel Fanuc R-2000i avec contr\u00f4leur RJ3i model B est un robot de 6 axes utilis\u00e9 par les entreprises de automobilisme dans tout le monde. C\u2019est un des robots les plus rapides de sa classe. Cela fait que le R2000i soit tr\u00e8s utile dans beaucoup d\u2019applications o\u00f9 la capacit\u00e9 de embo\u00eeter dans des espaces r\u00e9duits est importante, le poignet \u00e9troit y compris, aide pour cela. Le poignet de la R-2000i a une calcification IP de IP67 et le reste du bras est IP54. Ce robot peut travailler derri\u00e8re lui m\u00eame. Le bras est l\u00e9ger, rapide et compact, pour cela, il est sans doute un robot tr\u00e8s polyvalent. Le Fanuc R-2000i vient pourvu avec le contr\u00f4leur RJ3i model B. Les avantages du RJ3i model B sont le temps de d\u00e9marrage, l\u2019excellente connectivit\u00e9, le langage de programmation puissant, les circuits de s\u00e9curit\u00e9, E\/S extensibles et options de bus.<\/p>\n<table style=\"border-collapse: collapse; width: 100%;\" border=\"1\">\n<tbody>\n<tr>\n<td style=\"width: 50%; padding-left: 40px;\"><span class=\"nombre\"><strong>Technical Data:<\/strong><br \/>\n\u2022 Payload: 165 Kg.<br \/>\n\u2022 Arm Reach: 2650 mm.<br \/>\n\u2022 Repeatability: 0,2 mm.<br \/>\n\u2022 Controller: RJ3i model B<\/span><\/td>\n<td style=\"width: 50%; padding-left: 40px;\"><span class=\"nombre\"><strong>Axis motion speed:<\/strong><br \/>\n\u2022 Axis 1: 105\u00ba\/s<br \/>\n\u2022 Axis 2: 105\u00ba\/s<br \/>\n\u2022 Axis 3: 105\u00ba\/s<br \/>\n\u2022 Axis 4: 130\u00ba\/s<br \/>\n\u2022 Axis 5: 130\u00ba\/s<br \/>\n\u2022 Axis 6: 210\u00ba\/s <\/span><\/td>\n<\/tr>\n<\/tbody>\n<\/table>\n<p><iframe src=\"\/\/www.youtube.com\/embed\/NcZ-XYwTtV8?si=QoFnj0X-JB012PjO\" width=\"560\" height=\"314\" allowfullscreen=\"allowfullscreen\"><\/iframe><\/p>","protected":false},"excerpt":{"rendered":"<p>Fanuc R2000i\/165F RJ3i model B<\/p>","protected":false},"featured_media":431,"comment_status":"closed","ping_status":"closed","template":"","meta":{"_seopress_robots_primary_cat":"none","_seopress_titles_title":"Fanuc R2000 i \/ 165F RJ3i model B","_seopress_titles_desc":"Robot Fanuc de segunda mano para grandes cargas, ideal para tareas de manipulaci\u00f3n, ensamblaje o soldadura, listo para trabajar y mejorar tu productividad al mejor precio. Entrega inmediata.","_seopress_robots_index":"","_seopress_analysis_target_kw":""},"product_brand":[],"product_cat":[96,27,28,29,100,98,99,103,102,105,30,31,97,101],"product_tag":[],"class_list":{"0":"post-427","1":"product","2":"type-product","3":"status-publish","4":"has-post-thumbnail","6":"product_cat-aplicador-masillas-y-adhesivos","7":"product_cat-carga-descarga-piezas","8":"product_cat-ensamblaje-partes","9":"product_cat-manipulacion-piezas","10":"product_cat-manipulacion-interprensas","11":"product_cat-mecanizado","12":"product_cat-paletizacion-robotizada","13":"product_cat-paletizado-de-sacos","14":"product_cat-pulido-con-robots-industriales-de-ocasion","15":"product_cat-robots-soldadura","16":"product_cat-soldadura-al-arco","17":"product_cat-soldadura-pernos","18":"product_cat-soldadura-laser-nd-yag","19":"product_cat-soldadura-por-puntos","21":"first","22":"instock","23":"shipping-taxable","24":"product-type-simple"},"_links":{"self":[{"href":"https:\/\/www.robotsgallery.es\/fr\/wp-json\/wp\/v2\/product\/427","targetHints":{"allow":["GET"]}}],"collection":[{"href":"https:\/\/www.robotsgallery.es\/fr\/wp-json\/wp\/v2\/product"}],"about":[{"href":"https:\/\/www.robotsgallery.es\/fr\/wp-json\/wp\/v2\/types\/product"}],"replies":[{"embeddable":true,"href":"https:\/\/www.robotsgallery.es\/fr\/wp-json\/wp\/v2\/comments?post=427"}],"version-history":[{"count":3,"href":"https:\/\/www.robotsgallery.es\/fr\/wp-json\/wp\/v2\/product\/427\/revisions"}],"predecessor-version":[{"id":3659,"href":"https:\/\/www.robotsgallery.es\/fr\/wp-json\/wp\/v2\/product\/427\/revisions\/3659"}],"wp:featuredmedia":[{"embeddable":true,"href":"https:\/\/www.robotsgallery.es\/fr\/wp-json\/wp\/v2\/media\/431"}],"wp:attachment":[{"href":"https:\/\/www.robotsgallery.es\/fr\/wp-json\/wp\/v2\/media?parent=427"}],"wp:term":[{"taxonomy":"product_brand","embeddable":true,"href":"https:\/\/www.robotsgallery.es\/fr\/wp-json\/wp\/v2\/product_brand?post=427"},{"taxonomy":"product_cat","embeddable":true,"href":"https:\/\/www.robotsgallery.es\/fr\/wp-json\/wp\/v2\/product_cat?post=427"},{"taxonomy":"product_tag","embeddable":true,"href":"https:\/\/www.robotsgallery.es\/fr\/wp-json\/wp\/v2\/product_tag?post=427"}],"curies":[{"name":"wp","href":"https:\/\/api.w.org\/{rel}","templated":true}]}}