{"id":3097,"date":"2024-08-19T13:57:55","date_gmt":"2024-08-19T11:57:55","guid":{"rendered":"https:\/\/www.robotsgallery.es\/?post_type=product&#038;p=3097"},"modified":"2025-02-26T00:03:05","modified_gmt":"2025-02-25T23:03:05","slug":"kr-200l170-2-comp","status":"publish","type":"product","link":"https:\/\/www.robotsgallery.es\/fr\/robot\/kr-200l170-2-comp\/","title":{"rendered":"KR 200L170-2 Comp"},"content":{"rendered":"<p>Les robots lourds KUKA Comp comprennent les mod\u00e8les suivants : KUKA KR200-2 Comp, KR200L170-2 Comp et KR200L140-2 Comp. Ces robots sont \u00e0 6 axes et sont plus l\u00e9gers et plus rapides. Ils sont \u00e9quip\u00e9s d'un contr\u00f4leur KRC2 ED05 plus puissant. Le contr\u00f4leur KRC2, \u00e9dition 2005 (ED05), garantit une grande fiabilit\u00e9 et un acc\u00e8s continu aux avantages de la technologie de pointe de KUKA. Jusqu'\u00e0 deux axes externes peuvent \u00eatre int\u00e9gr\u00e9s dans le contr\u00f4leur de base et jusqu'\u00e0 six axes externes dans un contr\u00f4leur de niveau sup\u00e9rieur. Le contr\u00f4leur se caract\u00e9rise par sa facilit\u00e9 d'entretien, sa bonne accessibilit\u00e9 et sa structure modulaire, qui permet de remplacer rapidement et facilement les composants.<\/p>\n<table style=\"border-collapse: collapse; width: 100%;\" border=\"1\">\n<tbody>\n<tr>\n<td style=\"width: 50%; padding-left: 80px;\"><span class=\"nombre\"><strong>Technical Data:<\/strong><br \/>\n\u2022 Payload: 170 kg<br \/>\n\u2022 Arm reach: 2600 mm<\/span><\/td>\n<td style=\"width: 50%; padding-left: 80px;\"><strong>Axis motion speed:<\/strong><br \/>\n\u2022 Axis 1: 89\u00ba\/s<br \/>\n\u2022 Axis 2: 85\u00ba\/s<br \/>\n\u2022 Axis 3: 82\u00ba\/s<br \/>\n\u2022 Axis 4: 117\u00ba\/s<br \/>\n\u2022 Axis 5: 120\u00ba\/s<br \/>\n\u2022 Axis 6: 195\u00ba\/s<\/td>\n<\/tr>\n<\/tbody>\n<\/table>","protected":false},"excerpt":{"rendered":"<p>KUKA KR 200L170-2 Comp<\/p>","protected":false},"featured_media":3101,"comment_status":"closed","ping_status":"closed","template":"","meta":{"_seopress_robots_primary_cat":"none","_seopress_titles_title":"","_seopress_titles_desc":"","_seopress_robots_index":""},"product_brand":[],"product_cat":[27,28,29,100,98,99,103,105,104,101],"product_tag":[],"class_list":{"0":"post-3097","1":"product","2":"type-product","3":"status-publish","4":"has-post-thumbnail","6":"product_cat-carga-descarga-piezas","7":"product_cat-ensamblaje-partes","8":"product_cat-manipulacion-piezas","9":"product_cat-manipulacion-interprensas","10":"product_cat-mecanizado","11":"product_cat-paletizacion-robotizada","12":"product_cat-paletizado-de-sacos","13":"product_cat-robots-soldadura","14":"product_cat-robot-usado-construccion","15":"product_cat-soldadura-por-puntos","17":"first","18":"outofstock","19":"shipping-taxable","20":"product-type-simple"},"_links":{"self":[{"href":"https:\/\/www.robotsgallery.es\/fr\/wp-json\/wp\/v2\/product\/3097","targetHints":{"allow":["GET"]}}],"collection":[{"href":"https:\/\/www.robotsgallery.es\/fr\/wp-json\/wp\/v2\/product"}],"about":[{"href":"https:\/\/www.robotsgallery.es\/fr\/wp-json\/wp\/v2\/types\/product"}],"replies":[{"embeddable":true,"href":"https:\/\/www.robotsgallery.es\/fr\/wp-json\/wp\/v2\/comments?post=3097"}],"version-history":[{"count":1,"href":"https:\/\/www.robotsgallery.es\/fr\/wp-json\/wp\/v2\/product\/3097\/revisions"}],"predecessor-version":[{"id":3100,"href":"https:\/\/www.robotsgallery.es\/fr\/wp-json\/wp\/v2\/product\/3097\/revisions\/3100"}],"wp:featuredmedia":[{"embeddable":true,"href":"https:\/\/www.robotsgallery.es\/fr\/wp-json\/wp\/v2\/media\/3101"}],"wp:attachment":[{"href":"https:\/\/www.robotsgallery.es\/fr\/wp-json\/wp\/v2\/media?parent=3097"}],"wp:term":[{"taxonomy":"product_brand","embeddable":true,"href":"https:\/\/www.robotsgallery.es\/fr\/wp-json\/wp\/v2\/product_brand?post=3097"},{"taxonomy":"product_cat","embeddable":true,"href":"https:\/\/www.robotsgallery.es\/fr\/wp-json\/wp\/v2\/product_cat?post=3097"},{"taxonomy":"product_tag","embeddable":true,"href":"https:\/\/www.robotsgallery.es\/fr\/wp-json\/wp\/v2\/product_tag?post=3097"}],"curies":[{"name":"wp","href":"https:\/\/api.w.org\/{rel}","templated":true}]}}