{"id":298,"date":"2024-12-11T18:20:19","date_gmt":"2024-12-11T17:20:19","guid":{"rendered":"https:\/\/www.robotsgallery.es\/?post_type=product&#038;p=298"},"modified":"2025-11-05T17:52:57","modified_gmt":"2025-11-05T16:52:57","slug":"irb-4400-60-irc5","status":"publish","type":"product","link":"https:\/\/www.robotsgallery.es\/fr\/robot\/irb-4400-60-irc5\/","title":{"rendered":"IRB 4400 \/ 60 IRC5"},"content":{"rendered":"<p>Le robot ABB IRB 4400 est l\u2019un des plus recherch\u00e9s du march\u00e9. Cela s'explique par deux raisons principales: premi\u00e8rement, ils ne sont pas utilis\u00e9s en grande quantit\u00e9 dans l'industrie automobile et, deuxi\u00e8mement, ils conviennent parfaitement \u00e0 de nombreuses applications de moyenne \/ moyenne port\u00e9e. Le mod\u00e8le 4400\/60 offre une vitesse et une flexibilit\u00e9 excellentes, combinant parfaitement port\u00e9e et capacit\u00e9. L'IRB 4400 est disponible en 4 configurations diff\u00e9rentes, la plus courante \u00e9tant la version standard et la version 60 kg. Le 4400\/60 peut \u00eatre utilis\u00e9 dans de nombreuses applications, notamment le pick and place, la pose en machine, le meulage, la soudure, l'\u00e9bavurage, le rognage et le scellement. Ils sont particuli\u00e8rement populaires dans l'industrie du moulage par injection, o\u00f9 ils peuvent \u00eatre utilis\u00e9s pour charger, d\u00e9charger et ex\u00e9cuter des IML (dans l'\u00e9tiquetage de moules). La 4400\/60 a une excellente pr\u00e9cision et est donc couramment utilis\u00e9e pour la d\u00e9coupe au laser. L'IRB 4400\/60 est un robot extr\u00eamement agile et compact pour les t\u00e2ches de manutention de charges moyennes \u00e0 lourdes. En raison de son excellente polyvalence, il convient \u00e0 des applications tr\u00e8s vari\u00e9es. Equip\u00e9 du contr\u00f4leur IRC5, avec un design renouvel\u00e9 devant son pr\u00e9d\u00e9cesseur. Les instructions RAPID de cette commande facilitent la programmation. Sa capacit\u00e9 de charge de 60 kg \u00e0 des vitesses tr\u00e8s rapides permet la manutention simultan\u00e9e de deux pi\u00e8ces. Sa conception robuste et \u00e9quilibr\u00e9e permet de longs intervalles de maintenance. Des bras en acier bien \u00e9quilibr\u00e9s avec des joints doubles, un arbre \u00e0 deux paires sur l'arbre 2 et l'utilisation de bo\u00eetes de vitesses et de c\u00e2blage sans entretien contribuent \u00e9galement \u00e0 une grande fiabilit\u00e9. Gr\u00e2ce \u00e0 sa grande maniabilit\u00e9, l'ABB IRB 4400\/60 convient parfaitement aux t\u00e2ches dans lesquelles la vitesse et la flexibilit\u00e9 sont n\u00e9cessaires. Sa construction robuste prolonge les intervalles de temps entre la maintenance. Son bras en acier est \u00e9quilibr\u00e9 avec des axes sur les c\u00f4t\u00e9s, son syst\u00e8me de compensation d\u2019axe 2 ainsi que: -Vos bo\u00eetiers de bo\u00eete de vitesses et de c\u00e2blage offrent une grande fiabilit\u00e9. - Ses entra\u00eenements sont optimis\u00e9s pour les couples \u00e9lev\u00e9s avec une consommation d'\u00e9nergie minimale afin de permettre un fonctionnement \u00e9conomique.<\/p>\n<table style=\"border-collapse: collapse; width: 100%;\" border=\"1\">\n<tbody>\n<tr>\n<td style=\"width: 50%; padding-left: 40px;\"><span class=\"nombre\"><strong>Technical Data:<\/strong><br \/>\n\u2022 Payload: 60 Kg<br \/>\n\u2022 Maximum Reach: 1960 mm<br \/>\n\u2022 Repeatability: 0.06 mm<br \/>\n\u2022 Controller: IRC5 M2004 <\/span><\/td>\n<td style=\"width: 50%; padding-left: 40px;\"><span class=\"nombre\"><strong>Axis motion speed<\/strong><br \/>\n\u2022 Axis 1: 150\u00ba\/s<br \/>\n\u2022 Axis 2: 120\u00ba\/s<br \/>\n\u2022 Axis 3: 120\u00ba\/s<br \/>\n\u2022 Axis 4: 225\u00ba\/s<br \/>\n\u2022 Axis 5: 250\u00ba\/s<br \/>\n\u2022 Axis 6: 330\u00ba\/s<\/span><\/td>\n<\/tr>\n<\/tbody>\n<\/table>","protected":false},"excerpt":{"rendered":"<p>Robot d\u2019occasion ABB IRB 4400\/60 avec contr\u00f4leur IRC5<\/p>","protected":false},"featured_media":302,"comment_status":"closed","ping_status":"closed","template":"","meta":{"_seopress_robots_primary_cat":"none","_seopress_titles_title":"IRB 4400","_seopress_titles_desc":"Robot de segunda mano ABB IRB 4400. Revisado, reacondicionado y en perfecto estado de funcionamiento. R\u00e1pida disponibilidad y precio asequible.","_seopress_robots_index":"","_seopress_analysis_target_kw":""},"product_brand":[],"product_cat":[96,28,29,100,98,99,103,102,105,30,31,97,101],"product_tag":[],"class_list":{"0":"post-298","1":"product","2":"type-product","3":"status-publish","4":"has-post-thumbnail","6":"product_cat-aplicador-masillas-y-adhesivos","7":"product_cat-ensamblaje-partes","8":"product_cat-manipulacion-piezas","9":"product_cat-manipulacion-interprensas","10":"product_cat-mecanizado","11":"product_cat-paletizacion-robotizada","12":"product_cat-paletizado-de-sacos","13":"product_cat-pulido-con-robots-industriales-de-ocasion","14":"product_cat-robots-soldadura","15":"product_cat-soldadura-al-arco","16":"product_cat-soldadura-pernos","17":"product_cat-soldadura-laser-nd-yag","18":"product_cat-soldadura-por-puntos","20":"first","21":"instock","22":"shipping-taxable","23":"product-type-simple"},"_links":{"self":[{"href":"https:\/\/www.robotsgallery.es\/fr\/wp-json\/wp\/v2\/product\/298","targetHints":{"allow":["GET"]}}],"collection":[{"href":"https:\/\/www.robotsgallery.es\/fr\/wp-json\/wp\/v2\/product"}],"about":[{"href":"https:\/\/www.robotsgallery.es\/fr\/wp-json\/wp\/v2\/types\/product"}],"replies":[{"embeddable":true,"href":"https:\/\/www.robotsgallery.es\/fr\/wp-json\/wp\/v2\/comments?post=298"}],"version-history":[{"count":5,"href":"https:\/\/www.robotsgallery.es\/fr\/wp-json\/wp\/v2\/product\/298\/revisions"}],"predecessor-version":[{"id":3550,"href":"https:\/\/www.robotsgallery.es\/fr\/wp-json\/wp\/v2\/product\/298\/revisions\/3550"}],"wp:featuredmedia":[{"embeddable":true,"href":"https:\/\/www.robotsgallery.es\/fr\/wp-json\/wp\/v2\/media\/302"}],"wp:attachment":[{"href":"https:\/\/www.robotsgallery.es\/fr\/wp-json\/wp\/v2\/media?parent=298"}],"wp:term":[{"taxonomy":"product_brand","embeddable":true,"href":"https:\/\/www.robotsgallery.es\/fr\/wp-json\/wp\/v2\/product_brand?post=298"},{"taxonomy":"product_cat","embeddable":true,"href":"https:\/\/www.robotsgallery.es\/fr\/wp-json\/wp\/v2\/product_cat?post=298"},{"taxonomy":"product_tag","embeddable":true,"href":"https:\/\/www.robotsgallery.es\/fr\/wp-json\/wp\/v2\/product_tag?post=298"}],"curies":[{"name":"wp","href":"https:\/\/api.w.org\/{rel}","templated":true}]}}