{"id":2908,"date":"2025-05-29T06:18:08","date_gmt":"2025-05-29T04:18:08","guid":{"rendered":"https:\/\/www.robotsgallery.es\/?post_type=product&#038;p=2908"},"modified":"2026-01-04T19:38:54","modified_gmt":"2026-01-04T18:38:54","slug":"irb-6600-irc5-m2004","status":"publish","type":"product","link":"https:\/\/www.robotsgallery.es\/fr\/robot\/irb-6600-irc5-m2004\/","title":{"rendered":"IRB 6600 IRC5 M2004"},"content":{"rendered":"<p>Le robot ABB IRB 6600 est un mod\u00e8le difficile \u00e0 trouver sur le march\u00e9 de l'occasion, car la plupart d'entre eux sont encore utilis\u00e9s dans les processus de fabrication. Ce robot est le successeur de la s\u00e9rie IRB 6400. L'IRB 6600 est largement utilis\u00e9 par les grands fabricants automobiles dans le monde entier, reconnu pour sa rapidit\u00e9, sa robustesse et sa polyvalence. Il peut \u00eatre utilis\u00e9 pour diverses t\u00e2ches telles que la manipulation, le moulage, le soudage, l'\u00e9barbage et l'\u00e9tanch\u00e9it\u00e9. \u00c0 l'origine, l'IRB 6600 \u00e9tait \u00e9quip\u00e9 du contr\u00f4leur S4C+ M2000, mais il a r\u00e9cemment \u00e9t\u00e9 remplac\u00e9 par le IRC5 M2004.<\/p>\n<table style=\"border-collapse: collapse; width: 100%;\" border=\"1\">\n<tbody>\n<tr>\n<td style=\"width: 50%; padding-left: 80px;\"><strong>Technical Data:<\/strong><br \/>\n\u2022 Payload: 175 Kg<br \/>\n\u2022 Maximum Reach: 2800 mm<br \/>\n\u2022 Repeatability: 0.1 mm<br \/>\n\u2022 Controller: IRC5 M2004<\/td>\n<td style=\"width: 50%;\"><span class=\"nombre\"><strong>Axis motion speed<\/strong><br \/>\n\u2022 Axis 1: 100\u00ba\/s<br \/>\n\u2022 Axis 2: 90\u00ba\/s<br \/>\n\u2022 Axis 3: 90\u00ba\/s<br \/>\n\u2022 Axis 4: 150\u00ba\/s<br \/>\n\u2022 Axis 5: 120\u00ba\/s<br \/>\n\u2022 Axis 6: 190\u00ba\/s<\/span><\/td>\n<\/tr>\n<\/tbody>\n<\/table>\n<p style=\"text-align: center;\"><iframe title=\"YouTube video player\" src=\"\/\/www.youtube.com\/embed\/NGLEL96apX4?si=2Gm1X4fljFkGzIDC\" width=\"560\" height=\"315\" frameborder=\"0\" allowfullscreen=\"allowfullscreen\"><\/iframe><\/p>","protected":false},"excerpt":{"rendered":"<p>Robot ABB IRB 6600 d\u2019occasion avec contr\u00f4leur IRC5 M2004<\/p>","protected":false},"featured_media":2915,"comment_status":"closed","ping_status":"closed","template":"","meta":{"_seopress_robots_primary_cat":"none","_seopress_titles_title":"ABB IRB 6600 IRC5 M2004","_seopress_titles_desc":"Robot de segunda mano ABB IRB 6600 con controlador IRC5 M2004, reacondicionado y listo para trabajar.","_seopress_robots_index":"","_seopress_analysis_target_kw":""},"product_brand":[],"product_cat":[96,27,28,29,100,98,99,103,102,105,104,30,31,97,101],"product_tag":[],"class_list":{"0":"post-2908","1":"product","2":"type-product","3":"status-publish","4":"has-post-thumbnail","6":"product_cat-aplicador-masillas-y-adhesivos","7":"product_cat-carga-descarga-piezas","8":"product_cat-ensamblaje-partes","9":"product_cat-manipulacion-piezas","10":"product_cat-manipulacion-interprensas","11":"product_cat-mecanizado","12":"product_cat-paletizacion-robotizada","13":"product_cat-paletizado-de-sacos","14":"product_cat-pulido-con-robots-industriales-de-ocasion","15":"product_cat-robots-soldadura","16":"product_cat-robot-usado-construccion","17":"product_cat-soldadura-al-arco","18":"product_cat-soldadura-pernos","19":"product_cat-soldadura-laser-nd-yag","20":"product_cat-soldadura-por-puntos","22":"first","23":"instock","24":"shipping-taxable","25":"product-type-simple"},"_links":{"self":[{"href":"https:\/\/www.robotsgallery.es\/fr\/wp-json\/wp\/v2\/product\/2908","targetHints":{"allow":["GET"]}}],"collection":[{"href":"https:\/\/www.robotsgallery.es\/fr\/wp-json\/wp\/v2\/product"}],"about":[{"href":"https:\/\/www.robotsgallery.es\/fr\/wp-json\/wp\/v2\/types\/product"}],"replies":[{"embeddable":true,"href":"https:\/\/www.robotsgallery.es\/fr\/wp-json\/wp\/v2\/comments?post=2908"}],"version-history":[{"count":5,"href":"https:\/\/www.robotsgallery.es\/fr\/wp-json\/wp\/v2\/product\/2908\/revisions"}],"predecessor-version":[{"id":3553,"href":"https:\/\/www.robotsgallery.es\/fr\/wp-json\/wp\/v2\/product\/2908\/revisions\/3553"}],"wp:featuredmedia":[{"embeddable":true,"href":"https:\/\/www.robotsgallery.es\/fr\/wp-json\/wp\/v2\/media\/2915"}],"wp:attachment":[{"href":"https:\/\/www.robotsgallery.es\/fr\/wp-json\/wp\/v2\/media?parent=2908"}],"wp:term":[{"taxonomy":"product_brand","embeddable":true,"href":"https:\/\/www.robotsgallery.es\/fr\/wp-json\/wp\/v2\/product_brand?post=2908"},{"taxonomy":"product_cat","embeddable":true,"href":"https:\/\/www.robotsgallery.es\/fr\/wp-json\/wp\/v2\/product_cat?post=2908"},{"taxonomy":"product_tag","embeddable":true,"href":"https:\/\/www.robotsgallery.es\/fr\/wp-json\/wp\/v2\/product_tag?post=2908"}],"curies":[{"name":"wp","href":"https:\/\/api.w.org\/{rel}","templated":true}]}}