{"id":2898,"date":"2024-08-20T06:28:35","date_gmt":"2024-08-20T04:28:35","guid":{"rendered":"https:\/\/www.robotsgallery.es\/?post_type=product&#038;p=2898"},"modified":"2025-02-16T20:31:24","modified_gmt":"2025-02-16T19:31:24","slug":"irb-6400r-s4cplus-rex","status":"publish","type":"product","link":"https:\/\/www.robotsgallery.es\/fr\/robot\/irb-6400r-s4cplus-rex\/","title":{"rendered":"IRB 6400R S4CPlus REX"},"content":{"rendered":"<p>Le IRB 6400 est le robot le plus pr\u00e9cis et rigide de sa classe, excellent par exemple pour la propret\u00e9 et le pre-mecanis\u00e9 des fontes d\u2019aluminium. Un dessin bien prouv\u00e9 uni \u00e0 un minimum d\u2019entretien assure des \u00e9lev\u00e9es p\u00e9riodes utiles. L\u2019option avec contr\u00f4le avanc\u00e9 du mouvement et d\u00e9tection de collisions r\u00e9duit consid\u00e9rablement le risque de d\u00e9g\u00e2ts dans les outils et les pi\u00e8ces. Rapide: cycles de courte dur\u00e9e gr\u00e2ce \u00e0 son contr\u00f4le exclusive, le robot optimise l\u2019acc\u00e9l\u00e9ration et la d\u00e9c\u00e9l\u00e9ration, ce qui se traduit par la moindre dur\u00e9e possible des cycles. Le meilleur dans sa classe pour pr\u00e9cision de parcours et r\u00e9p\u00e9tabilit\u00e9 de positions (RP=1.0mm), et avec le TrueMove, le robot continu toujours le m\u00eame parcours, ind\u00e9pendamment de la vitesse. Le IRB 6400R est fabriqu\u00e9 compl\u00e8tement en acier avec des mat\u00e9riaux r\u00e9sistants. Les bras sont \u00e9quilibr\u00e9s m\u00e9caniquement et dou\u00e9es de paliers doubles.<\/p>\n<table style=\"border-collapse: collapse; width: 100%;\" border=\"1\">\n<tbody>\n<tr>\n<td style=\"width: 50%; padding-left: 80px;\"><span class=\"nombre\"><strong>Technical Data:<\/strong><br \/>\n\u2022 Payload: 120\/150Kg.<br \/>\n\u2022 Arm Reach: 2,5 mm.<br \/>\n\u2022 Repeatability: 0.1 mm.<br \/>\n\u2022 Controller: M2000 S4CPlus.<\/span><\/td>\n<td style=\"width: 50%; padding-left: 80px;\"><span class=\"nombre\"><strong>Axis motion speed:<\/strong><br \/>\n\u2022 Axis 1: 100\u00ba\/s<br \/>\n\u2022 Axis 2: 100\u00ba\/s<br \/>\n\u2022 Axis 3: 100\u00ba\/s<br \/>\n\u2022 Axis 4: 210\u00ba\/s<br \/>\n\u2022 Axis 5: 150\u00ba\/s<br \/>\n\u2022 Axis 6: 210\u00ba\/s<\/span><\/td>\n<\/tr>\n<\/tbody>\n<\/table>\n<p style=\"text-align: center;\"><iframe title=\"YouTube video player\" src=\"\/\/www.youtube.com\/embed\/7Sw3zNZfIbk?si=Ic6wYzTkgOXPSknm\" width=\"560\" height=\"315\" frameborder=\"0\" allowfullscreen=\"allowfullscreen\"><\/iframe><\/p>","protected":false},"excerpt":{"rendered":"<p>ABB IRB 6400R S4CPlus REX<\/p>","protected":false},"featured_media":2904,"comment_status":"closed","ping_status":"closed","template":"","meta":{"_seopress_robots_primary_cat":"none","_seopress_titles_title":"","_seopress_titles_desc":"","_seopress_robots_index":""},"product_brand":[],"product_cat":[96,27,28,29,100,98,99,103,102,105,104,30,31,97,101],"product_tag":[],"class_list":{"0":"post-2898","1":"product","2":"type-product","3":"status-publish","4":"has-post-thumbnail","6":"product_cat-aplicador-masillas-y-adhesivos","7":"product_cat-carga-descarga-piezas","8":"product_cat-ensamblaje-partes","9":"product_cat-manipulacion-piezas","10":"product_cat-manipulacion-interprensas","11":"product_cat-mecanizado","12":"product_cat-paletizacion-robotizada","13":"product_cat-paletizado-de-sacos","14":"product_cat-pulido-con-robots-industriales-de-ocasion","15":"product_cat-robots-soldadura","16":"product_cat-robot-usado-construccion","17":"product_cat-soldadura-al-arco","18":"product_cat-soldadura-pernos","19":"product_cat-soldadura-laser-nd-yag","20":"product_cat-soldadura-por-puntos","22":"first","23":"outofstock","24":"shipping-taxable","25":"product-type-simple"},"_links":{"self":[{"href":"https:\/\/www.robotsgallery.es\/fr\/wp-json\/wp\/v2\/product\/2898","targetHints":{"allow":["GET"]}}],"collection":[{"href":"https:\/\/www.robotsgallery.es\/fr\/wp-json\/wp\/v2\/product"}],"about":[{"href":"https:\/\/www.robotsgallery.es\/fr\/wp-json\/wp\/v2\/types\/product"}],"replies":[{"embeddable":true,"href":"https:\/\/www.robotsgallery.es\/fr\/wp-json\/wp\/v2\/comments?post=2898"}],"version-history":[{"count":3,"href":"https:\/\/www.robotsgallery.es\/fr\/wp-json\/wp\/v2\/product\/2898\/revisions"}],"predecessor-version":[{"id":2903,"href":"https:\/\/www.robotsgallery.es\/fr\/wp-json\/wp\/v2\/product\/2898\/revisions\/2903"}],"wp:featuredmedia":[{"embeddable":true,"href":"https:\/\/www.robotsgallery.es\/fr\/wp-json\/wp\/v2\/media\/2904"}],"wp:attachment":[{"href":"https:\/\/www.robotsgallery.es\/fr\/wp-json\/wp\/v2\/media?parent=2898"}],"wp:term":[{"taxonomy":"product_brand","embeddable":true,"href":"https:\/\/www.robotsgallery.es\/fr\/wp-json\/wp\/v2\/product_brand?post=2898"},{"taxonomy":"product_cat","embeddable":true,"href":"https:\/\/www.robotsgallery.es\/fr\/wp-json\/wp\/v2\/product_cat?post=2898"},{"taxonomy":"product_tag","embeddable":true,"href":"https:\/\/www.robotsgallery.es\/fr\/wp-json\/wp\/v2\/product_tag?post=2898"}],"curies":[{"name":"wp","href":"https:\/\/api.w.org\/{rel}","templated":true}]}}