{"id":2853,"date":"2024-08-21T09:19:38","date_gmt":"2024-08-21T07:19:38","guid":{"rendered":"https:\/\/www.robotsgallery.es\/?post_type=product&#038;p=2853"},"modified":"2025-02-15T15:23:29","modified_gmt":"2025-02-15T14:23:29","slug":"irb-2400-16-s4cplus-m2000","status":"publish","type":"product","link":"https:\/\/www.robotsgallery.es\/fr\/robot\/irb-2400-16-s4cplus-m2000\/","title":{"rendered":"IRB 2400\/16 S4CPlus M2000"},"content":{"rendered":"<p>Le ABB IRB 2400 est un des robots les plus flexibles du march\u00e9. Cette version 2400\/16 est celle qui a la plus grande charge utile 16 Kg et une port\u00e9e 1.5m. Son dessin assure une facile installation. Sa construction robuste et le moindre usage de parties contribuent \u00e0 un haute fiabilit\u00e9 et \u00e0 des larges intervalles entre entretiens. Il est relativement bizarre de trouver dans le march\u00e9 de seconde main. Dans le ABB IRB 2400 le bras et le contr\u00f4leur sont prot\u00e9g\u00e9s jusque IP54, par cons\u00e9quent le robot s\u2019adapte aux environnements industriels.<\/p>\n<table style=\"border-collapse: collapse; width: 100%;\" border=\"1\">\n<tbody>\n<tr>\n<td style=\"width: 50%; padding-left: 80px;\"><strong>Technical Data:<\/strong><br \/>\n\u2022 Payload: 16Kg.<br \/>\n\u2022 Arm Reach: 1550 mm.<br \/>\n\u2022 Repeatability: 0.03 mm.<br \/>\n\u2022 Controller: M2000 S4CPlus.<\/td>\n<td style=\"width: 50%; padding-left: 80px;\"><strong>Axis motion speed:<\/strong><br \/>\n\u2022 Axis 1: 150\u00ba\/s<br \/>\n\u2022 Axis 2: 150\u00ba\/s<br \/>\n\u2022 Axis 3: 150\u00ba\/s<br \/>\n\u2022 Axis 4: 360\u00ba\/s<br \/>\n\u2022 Axis 5: 360\u00ba\/s<br \/>\n\u2022 Axis 6: 450\u00ba\/s<\/td>\n<\/tr>\n<\/tbody>\n<\/table>\n<p style=\"text-align: center;\"><iframe title=\"YouTube video player\" src=\"\/\/www.youtube.com\/embed\/meQ2nAHenDY?si=lFJ0TunAcJOT0154\" width=\"560\" height=\"315\" frameborder=\"0\" allowfullscreen=\"allowfullscreen\"><\/iframe><\/p>","protected":false},"excerpt":{"rendered":"<p>ABB IRB 2400\/16 S4CPlus M2000<\/p>","protected":false},"featured_media":2859,"comment_status":"closed","ping_status":"closed","template":"","meta":{"_seopress_robots_primary_cat":"none","_seopress_titles_title":"","_seopress_titles_desc":"","_seopress_robots_index":""},"product_brand":[],"product_cat":[96,27,28,29,100,98,99,105,30,97],"product_tag":[],"class_list":{"0":"post-2853","1":"product","2":"type-product","3":"status-publish","4":"has-post-thumbnail","6":"product_cat-aplicador-masillas-y-adhesivos","7":"product_cat-carga-descarga-piezas","8":"product_cat-ensamblaje-partes","9":"product_cat-manipulacion-piezas","10":"product_cat-manipulacion-interprensas","11":"product_cat-mecanizado","12":"product_cat-paletizacion-robotizada","13":"product_cat-robots-soldadura","14":"product_cat-soldadura-al-arco","15":"product_cat-soldadura-laser-nd-yag","17":"first","18":"outofstock","19":"shipping-taxable","20":"product-type-simple"},"_links":{"self":[{"href":"https:\/\/www.robotsgallery.es\/fr\/wp-json\/wp\/v2\/product\/2853","targetHints":{"allow":["GET"]}}],"collection":[{"href":"https:\/\/www.robotsgallery.es\/fr\/wp-json\/wp\/v2\/product"}],"about":[{"href":"https:\/\/www.robotsgallery.es\/fr\/wp-json\/wp\/v2\/types\/product"}],"replies":[{"embeddable":true,"href":"https:\/\/www.robotsgallery.es\/fr\/wp-json\/wp\/v2\/comments?post=2853"}],"version-history":[{"count":3,"href":"https:\/\/www.robotsgallery.es\/fr\/wp-json\/wp\/v2\/product\/2853\/revisions"}],"predecessor-version":[{"id":2858,"href":"https:\/\/www.robotsgallery.es\/fr\/wp-json\/wp\/v2\/product\/2853\/revisions\/2858"}],"wp:featuredmedia":[{"embeddable":true,"href":"https:\/\/www.robotsgallery.es\/fr\/wp-json\/wp\/v2\/media\/2859"}],"wp:attachment":[{"href":"https:\/\/www.robotsgallery.es\/fr\/wp-json\/wp\/v2\/media?parent=2853"}],"wp:term":[{"taxonomy":"product_brand","embeddable":true,"href":"https:\/\/www.robotsgallery.es\/fr\/wp-json\/wp\/v2\/product_brand?post=2853"},{"taxonomy":"product_cat","embeddable":true,"href":"https:\/\/www.robotsgallery.es\/fr\/wp-json\/wp\/v2\/product_cat?post=2853"},{"taxonomy":"product_tag","embeddable":true,"href":"https:\/\/www.robotsgallery.es\/fr\/wp-json\/wp\/v2\/product_tag?post=2853"}],"curies":[{"name":"wp","href":"https:\/\/api.w.org\/{rel}","templated":true}]}}