{"id":284,"date":"2024-12-11T17:51:48","date_gmt":"2024-12-11T16:51:48","guid":{"rendered":"https:\/\/www.robotsgallery.es\/?post_type=product&#038;p=284"},"modified":"2026-01-05T11:56:23","modified_gmt":"2026-01-05T10:56:23","slug":"irb-2400l-con-fuente-de-energia-fronius","status":"publish","type":"product","link":"https:\/\/www.robotsgallery.es\/fr\/robot\/irb-2400l-con-fuente-de-energia-fronius\/","title":{"rendered":"IRB 2400 L &#8211; Fronius"},"content":{"rendered":"<p>Robot d'occasion ABB IRB 2400L, ann\u00e9e 2001-2003, avec environ 20.000 heures de travail, 1800 mm de port\u00e9e, 7kg de charge utile et contr\u00f4leur S4C Plus M2000, \u00e9quipement de soudage avec alimentation Fronius TPS 4000, 400 A., \u00e9quipement de refroidissement Lincoln Electric Cool Arc 25 et torche DINSE avec syst\u00e8me anti-collision pneumatique.<\/p>\n<table style=\"border-collapse: collapse; width: 100%;\" border=\"1\">\n<tbody>\n<tr>\n<td style=\"width: 32.1671%;\">\n<p style=\"padding-left: 40px;\"><span class=\"nombre\"><strong>Technical Data:<\/strong><br \/>\n\u2022 Payload: 7Kg.<br \/>\n\u2022 Arm Reach: 1800 mm.<br \/>\n\u2022 Repeatability: 0.03 &#8211; 0.07 mm.<br \/>\n\u2022 Controller: M2000 S4CPlus.<\/span><\/p>\n<p style=\"padding-left: 40px;\"><span class=\"nombre\"><strong>Fronius power supply:<\/strong><br \/>\n\u2022 TPS 4000: 400 Amp<br \/>\n\u2022 TPS 5000: 500 Amp<\/span><\/p>\n<\/td>\n<td style=\"width: 33.3333%; padding-left: 40px;\"><span class=\"nombre\"><strong>Axis motion speed<\/strong>:<br \/>\n\u2022 Axis 1: 150\u00ba\/s<br \/>\n\u2022 Axis 2: 150\u00ba\/s<br \/>\n\u2022 Axis 3: 150\u00ba\/s<br \/>\n\u2022 Axis 4: 360\u00ba\/s<br \/>\n\u2022 Axis 5: 360\u00ba\/s<br \/>\n\u2022 Axis 6: 450\u00ba\/s <\/span><\/td>\n<\/tr>\n<\/tbody>\n<\/table>\n<p><iframe src=\"\/\/www.youtube.com\/embed\/6ggEhZMPu6A\" width=\"560\" height=\"314\" allowfullscreen=\"allowfullscreen\"><\/iframe><\/p>","protected":false},"excerpt":{"rendered":"<p>Robot ABB IRB 2400L d\u2019occasion avec source d\u2019\u00e9nergie Fronius et torche<\/p>","protected":false},"featured_media":292,"comment_status":"closed","ping_status":"closed","template":"","meta":{"_seopress_robots_primary_cat":"none","_seopress_titles_title":"ABB IRB 2400 L Fronius","_seopress_titles_desc":"Robot de segunda mano ABB IRB 2400L con fuente de energ\u00eda Fronius y antorcha, reacondicionado y listo para trabajar.","_seopress_robots_index":"","_seopress_analysis_target_kw":""},"product_brand":[],"product_cat":[105,104,30,97],"product_tag":[],"class_list":{"0":"post-284","1":"product","2":"type-product","3":"status-publish","4":"has-post-thumbnail","6":"product_cat-robots-soldadura","7":"product_cat-robot-usado-construccion","8":"product_cat-soldadura-al-arco","9":"product_cat-soldadura-laser-nd-yag","11":"first","12":"instock","13":"shipping-taxable","14":"product-type-simple"},"_links":{"self":[{"href":"https:\/\/www.robotsgallery.es\/fr\/wp-json\/wp\/v2\/product\/284","targetHints":{"allow":["GET"]}}],"collection":[{"href":"https:\/\/www.robotsgallery.es\/fr\/wp-json\/wp\/v2\/product"}],"about":[{"href":"https:\/\/www.robotsgallery.es\/fr\/wp-json\/wp\/v2\/types\/product"}],"replies":[{"embeddable":true,"href":"https:\/\/www.robotsgallery.es\/fr\/wp-json\/wp\/v2\/comments?post=284"}],"version-history":[{"count":8,"href":"https:\/\/www.robotsgallery.es\/fr\/wp-json\/wp\/v2\/product\/284\/revisions"}],"predecessor-version":[{"id":3547,"href":"https:\/\/www.robotsgallery.es\/fr\/wp-json\/wp\/v2\/product\/284\/revisions\/3547"}],"wp:featuredmedia":[{"embeddable":true,"href":"https:\/\/www.robotsgallery.es\/fr\/wp-json\/wp\/v2\/media\/292"}],"wp:attachment":[{"href":"https:\/\/www.robotsgallery.es\/fr\/wp-json\/wp\/v2\/media?parent=284"}],"wp:term":[{"taxonomy":"product_brand","embeddable":true,"href":"https:\/\/www.robotsgallery.es\/fr\/wp-json\/wp\/v2\/product_brand?post=284"},{"taxonomy":"product_cat","embeddable":true,"href":"https:\/\/www.robotsgallery.es\/fr\/wp-json\/wp\/v2\/product_cat?post=284"},{"taxonomy":"product_tag","embeddable":true,"href":"https:\/\/www.robotsgallery.es\/fr\/wp-json\/wp\/v2\/product_tag?post=284"}],"curies":[{"name":"wp","href":"https:\/\/api.w.org\/{rel}","templated":true}]}}