{"id":2836,"date":"2024-08-21T09:38:10","date_gmt":"2024-08-21T07:38:10","guid":{"rendered":"https:\/\/www.robotsgallery.es\/?post_type=product&#038;p=2836"},"modified":"2025-02-15T13:49:19","modified_gmt":"2025-02-15T12:49:19","slug":"irb-2400-10-s4c-m98a","status":"publish","type":"product","link":"https:\/\/www.robotsgallery.es\/fr\/robot\/irb-2400-10-s4c-m98a\/","title":{"rendered":"IRB 2400\/10 S4C M98A"},"content":{"rendered":"<p>L'ABB IRB 2400 est le robot industriel le plus populaire. Ce robot est \u00e9quip\u00e9 du dispositif de commande S4C. La S4C permet des instructions RAPID, les t\u00e2ches de programmation flexibles, ainsi que des fonctionnalit\u00e9s am\u00e9lior\u00e9es suppl\u00e9mentaires. La CISR 2400\/10 permet d'accro\u00eetre les taux de production, ce qui r\u00e9duit le temps et une livraison plus rapide pour votre produit fini. La CISR 2400\/10 est de 1,5 gamme de m\u00e8tres, 10 kg capacit\u00e9 de charge. Pour cette raison la CISR robot 2400\/10 offre d'excellentes performances dans la manutention des mat\u00e9riaux. Les applications les plus courantes sont le soudage, la manutention, le polissage et l'\u00e9bavurage, de mesure et de contr\u00f4le, etc. Tous les mod\u00e8les offrent une capacit\u00e9 de montage invers\u00e9. La conception compacte de la IRB 2400 assure la facilit\u00e9 d'installation.<\/p>\n<table style=\"border-collapse: collapse; width: 100%;\" border=\"1\">\n<tbody>\n<tr>\n<td style=\"width: 50%; padding-left: 80px;\"><strong>Technical Data:<\/strong><br \/>\n\u2022 Payload: 10Kg.<br \/>\n\u2022 Arm Reach: 1500 mm.<br \/>\n\u2022 Repeatability: 0.06 &#8211; 0.01 mm.<br \/>\n\u2022 Controller: M98A S4C.<\/td>\n<td style=\"width: 50%; padding-left: 80px;\"><strong>Axis motion speed:<\/strong><br \/>\n\u2022 Axis 1: 135\u00ba\/s<br \/>\n\u2022 Axis 2: 135\u00ba\/s<br \/>\n\u2022 Axis 3: 135\u00ba\/s<br \/>\n\u2022 Axis 4: 330\u00ba\/s<br \/>\n\u2022 Axis 5: 330\u00ba\/s<br \/>\n\u2022 Axis 6: 400\u00ba\/s<\/td>\n<\/tr>\n<\/tbody>\n<\/table>","protected":false},"excerpt":{"rendered":"<p>ABB IRB 2400\/10 S4C M98A<\/p>","protected":false},"featured_media":2843,"comment_status":"closed","ping_status":"closed","template":"","meta":{"_seopress_robots_primary_cat":"none","_seopress_titles_title":"","_seopress_titles_desc":"","_seopress_robots_index":"","_seopress_analysis_target_kw":""},"product_brand":[],"product_cat":[96,27,28,29,99,102,105,30],"product_tag":[],"class_list":{"0":"post-2836","1":"product","2":"type-product","3":"status-publish","4":"has-post-thumbnail","6":"product_cat-aplicador-masillas-y-adhesivos","7":"product_cat-carga-descarga-piezas","8":"product_cat-ensamblaje-partes","9":"product_cat-manipulacion-piezas","10":"product_cat-paletizacion-robotizada","11":"product_cat-pulido-con-robots-industriales-de-ocasion","12":"product_cat-robots-soldadura","13":"product_cat-soldadura-al-arco","15":"first","16":"outofstock","17":"shipping-taxable","18":"product-type-simple"},"_links":{"self":[{"href":"https:\/\/www.robotsgallery.es\/fr\/wp-json\/wp\/v2\/product\/2836","targetHints":{"allow":["GET"]}}],"collection":[{"href":"https:\/\/www.robotsgallery.es\/fr\/wp-json\/wp\/v2\/product"}],"about":[{"href":"https:\/\/www.robotsgallery.es\/fr\/wp-json\/wp\/v2\/types\/product"}],"replies":[{"embeddable":true,"href":"https:\/\/www.robotsgallery.es\/fr\/wp-json\/wp\/v2\/comments?post=2836"}],"version-history":[{"count":3,"href":"https:\/\/www.robotsgallery.es\/fr\/wp-json\/wp\/v2\/product\/2836\/revisions"}],"predecessor-version":[{"id":2842,"href":"https:\/\/www.robotsgallery.es\/fr\/wp-json\/wp\/v2\/product\/2836\/revisions\/2842"}],"wp:featuredmedia":[{"embeddable":true,"href":"https:\/\/www.robotsgallery.es\/fr\/wp-json\/wp\/v2\/media\/2843"}],"wp:attachment":[{"href":"https:\/\/www.robotsgallery.es\/fr\/wp-json\/wp\/v2\/media?parent=2836"}],"wp:term":[{"taxonomy":"product_brand","embeddable":true,"href":"https:\/\/www.robotsgallery.es\/fr\/wp-json\/wp\/v2\/product_brand?post=2836"},{"taxonomy":"product_cat","embeddable":true,"href":"https:\/\/www.robotsgallery.es\/fr\/wp-json\/wp\/v2\/product_cat?post=2836"},{"taxonomy":"product_tag","embeddable":true,"href":"https:\/\/www.robotsgallery.es\/fr\/wp-json\/wp\/v2\/product_tag?post=2836"}],"curies":[{"name":"wp","href":"https:\/\/api.w.org\/{rel}","templated":true}]}}