{"id":2765,"date":"2024-08-24T22:14:32","date_gmt":"2024-08-24T20:14:32","guid":{"rendered":"https:\/\/www.robotsgallery.es\/?post_type=product&#038;p=2765"},"modified":"2025-02-13T18:46:10","modified_gmt":"2025-02-13T17:46:10","slug":"atlas-agv","status":"publish","type":"product","link":"https:\/\/www.robotsgallery.es\/fr\/robot\/atlas-agv\/","title":{"rendered":"Atlas AGV"},"content":{"rendered":"<p>AGV Le terme v\u00e9hicule guid\u00e9 automatis\u00e9 (AGV) d\u00e9signe un type de v\u00e9hicule guid\u00e9 par laser et \/ ou d'autres technologies, con\u00e7u pour les environnements de travail collaboratifs, qui automatise le transport de flux r\u00e9p\u00e9titifs. C'est une solution id\u00e9ale pour les environnements de travail intensifs, tels que le travail 24h \/ 24, qui n\u00e9cessite des flux de production complexes, ou pour ne pas avoir \u00e0 assister \u00e0 la sortie des produits des lignes robotis\u00e9es \/ automatis\u00e9es. Il est con\u00e7u pour les solutions logistiques qui int\u00e8grent automatiquement leur activit\u00e9 avec des convoyeurs, des grues, des robots de palettisation, etc. La conception permet une configuration facile des itin\u00e9raires permettant le transport vers un grand nombre d'emplacements de stockage et d'entreposage.<\/p>\n<p class=\"translation-block\">Certains des <strong>avantages<\/strong> sont :<\/p>\n<p>\u2022 Flexibilit\u00e9 et grande \u00e9volutivit\u00e9<\/p>\n<p>\u2022 Design l\u00e9ger et \u00e9conomique: \u00e9conomie d'\u00e9nergie<\/p>\n<p>\u2022 Fiabilit\u00e9<\/p>\n<p>\u2022 Silencieux<\/p>\n<p>\u2022 Courbes d'acc\u00e9l\u00e9ration et de freinage des techniques avanc\u00e9es<\/p>\n<p>\u2022 Convient aux environnements de travail complexes; produits toxiques, environnements r\u00e9frig\u00e9r\u00e9s ...<\/p>\n<p>Les cellules de palettisation robotis\u00e9es sont capables de produire un grand nombre de palettes charg\u00e9es \u00e0 la fois et dans diff\u00e9rentes positions de sortie, laissant la vitesse maximale de la cellule conditionn\u00e9e par la capacit\u00e9 de r\u00e9action du personnel pour son retrait. Au moyen d'un v\u00e9hicule AGV autonome int\u00e9gr\u00e9 au syst\u00e8me, l'\u00e9vacuation des palettes finies est contr\u00f4l\u00e9e et optimis\u00e9e, de mani\u00e8re plus flexible et compacte qu'au moyen de chemins de roulement multiples.<\/p>\n<p><strong>B\u00e9n\u00e9fices<\/strong>:<\/p>\n<p>\u2022 Automatisation compl\u00e8te et int\u00e9gr\u00e9e.<\/p>\n<p>\u2022 R\u00e9duction des co\u00fbts de personnel.<\/p>\n<p>\u2022 Elimination des erreurs humaines.<\/p>\n<p>\u2022 S\u00e9curit\u00e9 accrue dans l'op\u00e9ration.<\/p>\n<p><strong>Caract\u00e9ristiques<\/strong>:<\/p>\n<p>\u2022 Syst\u00e8me de guidage avec dispositif suiveur de ligne<\/p>\n<p>\u2022 Motorisation \u00e9lectrique.<\/p>\n<p>\u2022 Maniabilit\u00e9 \u00e9lev\u00e9e et taille compacte.<\/p>\n<p>\u2022 Syst\u00e8mes de s\u00e9curit\u00e9 int\u00e9gr\u00e9s.<\/p>","protected":false},"excerpt":{"rendered":"<p>Atlas Automated Guided Vehicle<\/p>","protected":false},"featured_media":2769,"comment_status":"closed","ping_status":"closed","template":"","meta":{"_seopress_robots_primary_cat":"none","_seopress_titles_title":"","_seopress_titles_desc":"","_seopress_robots_index":""},"product_brand":[],"product_cat":[27,29,99,103],"product_tag":[],"class_list":{"0":"post-2765","1":"product","2":"type-product","3":"status-publish","4":"has-post-thumbnail","6":"product_cat-carga-descarga-piezas","7":"product_cat-manipulacion-piezas","8":"product_cat-paletizacion-robotizada","9":"product_cat-paletizado-de-sacos","11":"first","12":"outofstock","13":"shipping-taxable","14":"product-type-simple"},"_links":{"self":[{"href":"https:\/\/www.robotsgallery.es\/fr\/wp-json\/wp\/v2\/product\/2765","targetHints":{"allow":["GET"]}}],"collection":[{"href":"https:\/\/www.robotsgallery.es\/fr\/wp-json\/wp\/v2\/product"}],"about":[{"href":"https:\/\/www.robotsgallery.es\/fr\/wp-json\/wp\/v2\/types\/product"}],"replies":[{"embeddable":true,"href":"https:\/\/www.robotsgallery.es\/fr\/wp-json\/wp\/v2\/comments?post=2765"}],"version-history":[{"count":1,"href":"https:\/\/www.robotsgallery.es\/fr\/wp-json\/wp\/v2\/product\/2765\/revisions"}],"predecessor-version":[{"id":2768,"href":"https:\/\/www.robotsgallery.es\/fr\/wp-json\/wp\/v2\/product\/2765\/revisions\/2768"}],"wp:featuredmedia":[{"embeddable":true,"href":"https:\/\/www.robotsgallery.es\/fr\/wp-json\/wp\/v2\/media\/2769"}],"wp:attachment":[{"href":"https:\/\/www.robotsgallery.es\/fr\/wp-json\/wp\/v2\/media?parent=2765"}],"wp:term":[{"taxonomy":"product_brand","embeddable":true,"href":"https:\/\/www.robotsgallery.es\/fr\/wp-json\/wp\/v2\/product_brand?post=2765"},{"taxonomy":"product_cat","embeddable":true,"href":"https:\/\/www.robotsgallery.es\/fr\/wp-json\/wp\/v2\/product_cat?post=2765"},{"taxonomy":"product_tag","embeddable":true,"href":"https:\/\/www.robotsgallery.es\/fr\/wp-json\/wp\/v2\/product_tag?post=2765"}],"curies":[{"name":"wp","href":"https:\/\/api.w.org\/{rel}","templated":true}]}}