{"id":219,"date":"2024-12-11T13:41:37","date_gmt":"2024-12-11T12:41:37","guid":{"rendered":"https:\/\/www.robotsgallery.es\/?post_type=product&#038;p=219"},"modified":"2026-01-05T11:59:26","modified_gmt":"2026-01-05T10:59:26","slug":"irb-2400-16-irc5","status":"publish","type":"product","link":"https:\/\/www.robotsgallery.es\/fr\/robot\/irb-2400-16-irc5\/","title":{"rendered":"IRB 2400 &#8211; 16 IRC5"},"content":{"rendered":"<p>Le IRB 2400 est l'un des robots industriels les plus utilis\u00e9s dans diverses industries gr\u00e2ce \u00e0 sa fiabilit\u00e9 et sa polyvalence. \u00c9quip\u00e9 du contr\u00f4leur IRC5 M2004, ce mod\u00e8le permet de programmer des t\u00e2ches de mani\u00e8re flexible en utilisant les instructions RAPID, en plus d'offrir d'autres fonctionnalit\u00e9s avanc\u00e9es. Le IRB 2400\/16 se distingue par sa capacit\u00e9 \u00e0 augmenter les taux de production, r\u00e9duire les d\u00e9lais de livraison et acc\u00e9l\u00e9rer l'ach\u00e8vement des produits. Avec une port\u00e9e de 1,5 m\u00e8tres et une capacit\u00e9 de charge de 16 kg, ce robot est id\u00e9al pour les t\u00e2ches de manipulation de mat\u00e9riaux. Parmi ses applications les plus courantes figurent la soudure, la manipulation, le polissage, le meulage, la mesure et le contr\u00f4le, entre autres. De plus, tous les mod\u00e8les offrent des capacit\u00e9s de montage invers\u00e9, offrant une plus grande flexibilit\u00e9. Le design compact de l'IRB 2400 garantit une int\u00e9gration facile dans n'importe quelle ligne de production, optimisant ainsi l'espace et les processus.<\/p>\n<p>&nbsp;<\/p>\n<table style=\"border-collapse: collapse; width: 100%;\" border=\"1\">\n<tbody>\n<tr>\n<td style=\"width: 50%;\"><span class=\"nombre\"><strong>Technical Data:<\/strong><br \/>\n\u2022 Payload: 16 Kg.<br \/>\n\u2022 Arm Reach: 1500 mm.<br \/>\n\u2022 Repeatability: 0.03 mm.<br \/>\n\u2022 Controller: M2004 IRC5.<\/span><\/td>\n<td style=\"width: 50%;\"><span class=\"nombre\"><strong>Axis motion speed:<\/strong><br \/>\n\u2022 Axis 1: 150\u00ba\/s<br \/>\n\u2022 Axis 2: 150\u00ba\/s<br \/>\n\u2022 Axis 3: 150\u00ba\/s<br \/>\n\u2022 Axis 4: 360\u00ba\/s<br \/>\n\u2022 Axis 5: 360\u00ba\/s<br \/>\n\u2022 Axis 6: 450\u00ba\/s<\/span><\/td>\n<\/tr>\n<\/tbody>\n<\/table>\n<p>&nbsp;<br \/>\n<a href=\"https:\/\/search.abb.com\/library\/Download.aspx?DocumentID=3HAC022031-005\" target=\"_blank\" rel=\"nofollow noopener\">Manuel du robot\u00a0<\/a><\/p>","protected":false},"excerpt":{"rendered":"<p>Robot ABB IRB 2400 \u2013 16 d\u2019occasion avec commande IRC5<\/p>","protected":false},"featured_media":242,"comment_status":"closed","ping_status":"closed","template":"","meta":{"_seopress_robots_primary_cat":"none","_seopress_titles_title":"ABB IRB 2400 16 IRC5","_seopress_titles_desc":"Robot de segunda mano ABB IRB 2400 - 16,  con control IRC5,  reacondicionado y listo para trabajar.","_seopress_robots_index":"","_seopress_analysis_target_kw":""},"product_brand":[],"product_cat":[96,27,28,29,100,98,99,103,102,105,104,30,97,101],"product_tag":[],"class_list":{"0":"post-219","1":"product","2":"type-product","3":"status-publish","4":"has-post-thumbnail","6":"product_cat-aplicador-masillas-y-adhesivos","7":"product_cat-carga-descarga-piezas","8":"product_cat-ensamblaje-partes","9":"product_cat-manipulacion-piezas","10":"product_cat-manipulacion-interprensas","11":"product_cat-mecanizado","12":"product_cat-paletizacion-robotizada","13":"product_cat-paletizado-de-sacos","14":"product_cat-pulido-con-robots-industriales-de-ocasion","15":"product_cat-robots-soldadura","16":"product_cat-robot-usado-construccion","17":"product_cat-soldadura-al-arco","18":"product_cat-soldadura-laser-nd-yag","19":"product_cat-soldadura-por-puntos","21":"first","22":"instock","23":"shipping-taxable","24":"product-type-simple"},"_links":{"self":[{"href":"https:\/\/www.robotsgallery.es\/fr\/wp-json\/wp\/v2\/product\/219","targetHints":{"allow":["GET"]}}],"collection":[{"href":"https:\/\/www.robotsgallery.es\/fr\/wp-json\/wp\/v2\/product"}],"about":[{"href":"https:\/\/www.robotsgallery.es\/fr\/wp-json\/wp\/v2\/types\/product"}],"replies":[{"embeddable":true,"href":"https:\/\/www.robotsgallery.es\/fr\/wp-json\/wp\/v2\/comments?post=219"}],"version-history":[{"count":9,"href":"https:\/\/www.robotsgallery.es\/fr\/wp-json\/wp\/v2\/product\/219\/revisions"}],"predecessor-version":[{"id":3660,"href":"https:\/\/www.robotsgallery.es\/fr\/wp-json\/wp\/v2\/product\/219\/revisions\/3660"}],"wp:featuredmedia":[{"embeddable":true,"href":"https:\/\/www.robotsgallery.es\/fr\/wp-json\/wp\/v2\/media\/242"}],"wp:attachment":[{"href":"https:\/\/www.robotsgallery.es\/fr\/wp-json\/wp\/v2\/media?parent=219"}],"wp:term":[{"taxonomy":"product_brand","embeddable":true,"href":"https:\/\/www.robotsgallery.es\/fr\/wp-json\/wp\/v2\/product_brand?post=219"},{"taxonomy":"product_cat","embeddable":true,"href":"https:\/\/www.robotsgallery.es\/fr\/wp-json\/wp\/v2\/product_cat?post=219"},{"taxonomy":"product_tag","embeddable":true,"href":"https:\/\/www.robotsgallery.es\/fr\/wp-json\/wp\/v2\/product_tag?post=219"}],"curies":[{"name":"wp","href":"https:\/\/api.w.org\/{rel}","templated":true}]}}