{"id":205,"date":"2024-12-11T13:02:07","date_gmt":"2024-12-11T12:02:07","guid":{"rendered":"https:\/\/www.robotsgallery.es\/?post_type=product&#038;p=205"},"modified":"2026-01-05T12:20:13","modified_gmt":"2026-01-05T11:20:13","slug":"irb-1600id-irc5-m2004-multi-move","status":"publish","type":"product","link":"https:\/\/www.robotsgallery.es\/fr\/robot\/irb-1600id-irc5-m2004-multi-move\/","title":{"rendered":"IRB 1600iD IRC5 M2004 Multi move"},"content":{"rendered":"<p>Le mod\u00e8le de robot ABB IRB 1600ID (Integrated Dressing) est con\u00e7u pour le soudage \u00e0 l'arc. La situation de c\u00e2blage et les flexibles de traitement sont situ\u00e9s \u00e0 l'int\u00e9rieur du bras sup\u00e9rieur. Par cons\u00e9quent, les d\u00e9faillances dues \u00e0 une rupture de c\u00e2blage sont \u00e9vit\u00e9es. Les c\u00e2bles et les flexibles durent plus longtemps avec cette configuration de protection. Cela permet d'atteindre une port\u00e9e de 1,5 m. L'ABB IRB 1600iD, compos\u00e9 de 6 axes, peut \u00eatre install\u00e9 dans n'importe quelle position: sol, plafond ou en angle. Il fournit une charge utile de 4 kg. Cette carte ABB IRB 1600ID utilise le contr\u00f4leur de robot IRC5, \u00e9quip\u00e9 d\u2019un syst\u00e8me de contr\u00f4le de trajectoire, d\u2019une unit\u00e9 de programmation conviviale, d\u2019un langage RAPID flexible et de nombreuses possibilit\u00e9s de communication.   \u00c9galement disponible en version multi move, compos\u00e9e de - 2 robots ABB IRB 1600iD - 1 contr\u00f4le IRC5 - 1 teach pendant<\/p>\n<p><span class=\"nombre\">\u00a0<\/span><\/p>\n<table style=\"border-collapse: collapse; width: 100%;\" border=\"1\">\n<tbody>\n<tr>\n<td style=\"width: 50%;\"><span class=\"nombre\"><strong>Technical Data:<\/strong><br \/>\n\u2022 Payload: 4 Kg<br \/>\n\u2022 Maximum Reach: 1500 mm<br \/>\n\u2022 Repeatability: 0.05 mm<br \/>\n\u2022 Controller: M2004 IRC5<\/span><\/td>\n<td style=\"width: 50%;\"><span class=\"nombre\"><strong>Axis motion speed<\/strong>:<br \/>\n\u2022 Axis 1: 180\u00ba\/s<br \/>\n\u2022 Axis 2: 180\u00ba\/s<br \/>\n\u2022 Axis 3: 180\u00ba\/s<br \/>\n\u2022 Axis 4: 320\u00ba\/s<br \/>\n\u2022 Axis 5: 380\u00ba\/s<br \/>\n\u2022 Axis 6: 460\u00ba\/s <\/span><\/td>\n<\/tr>\n<\/tbody>\n<\/table>","protected":false},"excerpt":{"rendered":"<p>ABB IRB 1600ID (Integrated Dressing)<\/p>","protected":false},"featured_media":210,"comment_status":"closed","ping_status":"closed","template":"","meta":{"_seopress_robots_primary_cat":"none","_seopress_titles_title":"ABB IRB 1600 iD IRC5 M2004 Multi move","_seopress_titles_desc":"Robots ABB IRB 1600iD de segunda mano con controlador IRC5, reacondicionados y listos para entrega inmediata","_seopress_robots_index":""},"product_brand":[],"product_cat":[96,27,28,29,105,104,30,97],"product_tag":[],"class_list":{"0":"post-205","1":"product","2":"type-product","3":"status-publish","4":"has-post-thumbnail","6":"product_cat-aplicador-masillas-y-adhesivos","7":"product_cat-carga-descarga-piezas","8":"product_cat-ensamblaje-partes","9":"product_cat-manipulacion-piezas","10":"product_cat-robots-soldadura","11":"product_cat-robot-usado-construccion","12":"product_cat-soldadura-al-arco","13":"product_cat-soldadura-laser-nd-yag","15":"first","16":"instock","17":"shipping-taxable","18":"product-type-simple"},"_links":{"self":[{"href":"https:\/\/www.robotsgallery.es\/fr\/wp-json\/wp\/v2\/product\/205","targetHints":{"allow":["GET"]}}],"collection":[{"href":"https:\/\/www.robotsgallery.es\/fr\/wp-json\/wp\/v2\/product"}],"about":[{"href":"https:\/\/www.robotsgallery.es\/fr\/wp-json\/wp\/v2\/types\/product"}],"replies":[{"embeddable":true,"href":"https:\/\/www.robotsgallery.es\/fr\/wp-json\/wp\/v2\/comments?post=205"}],"version-history":[{"count":3,"href":"https:\/\/www.robotsgallery.es\/fr\/wp-json\/wp\/v2\/product\/205\/revisions"}],"predecessor-version":[{"id":325,"href":"https:\/\/www.robotsgallery.es\/fr\/wp-json\/wp\/v2\/product\/205\/revisions\/325"}],"wp:featuredmedia":[{"embeddable":true,"href":"https:\/\/www.robotsgallery.es\/fr\/wp-json\/wp\/v2\/media\/210"}],"wp:attachment":[{"href":"https:\/\/www.robotsgallery.es\/fr\/wp-json\/wp\/v2\/media?parent=205"}],"wp:term":[{"taxonomy":"product_brand","embeddable":true,"href":"https:\/\/www.robotsgallery.es\/fr\/wp-json\/wp\/v2\/product_brand?post=205"},{"taxonomy":"product_cat","embeddable":true,"href":"https:\/\/www.robotsgallery.es\/fr\/wp-json\/wp\/v2\/product_cat?post=205"},{"taxonomy":"product_tag","embeddable":true,"href":"https:\/\/www.robotsgallery.es\/fr\/wp-json\/wp\/v2\/product_tag?post=205"}],"curies":[{"name":"wp","href":"https:\/\/api.w.org\/{rel}","templated":true}]}}