{"id":1991,"date":"2024-08-30T12:39:02","date_gmt":"2024-08-30T10:39:02","guid":{"rendered":"https:\/\/www.robotsgallery.es\/?post_type=product&#038;p=1991"},"modified":"2025-01-26T21:48:13","modified_gmt":"2025-01-26T20:48:13","slug":"irb-1400-s4cplus-m2000","status":"publish","type":"product","link":"https:\/\/www.robotsgallery.es\/fr\/robot\/irb-1400-s4cplus-m2000\/","title":{"rendered":"IRB 1400 S4CPlus M2000"},"content":{"rendered":"<p>Le ABB IRB 1400 est un robot de 6 axes, rapide et fiable, parfait pour les applications de soudages, ainsi que pour des manipulations de pi\u00e8ces de petite taille. Dessin\u00e9 sp\u00e9cifiquement pour des industries de fabrication qui utilisent une automatisation flexible. Pr\u00e9sente de grandes possibilit\u00e9s de communications avec des syst\u00e8mes externes. \u00c9quip\u00e9 avec le contr\u00f4leur S4CPlus M200 qui permet des instructions RAPID en r\u00e9duisant d\u2019une mani\u00e8re significative les temps de programmations par rapport aux contr\u00f4leurs pr\u00e9d\u00e9cesseurs.<\/p>\n<table style=\"border-collapse: collapse; width: 100%;\" border=\"1\">\n<tbody>\n<tr>\n<td style=\"width: 50%; padding-left: 40px;\"><span class=\"nombre\"><strong>Technical Data:<\/strong><br \/>\n\u2022 Payload: 5Kg.<br \/>\n\u2022 Arm reach: 1440 mm.<br \/>\n\u2022 Repeatability:\u00b1 0.05 mm.<br \/>\n\u2022 Controller: S4C M98A <\/span><\/td>\n<td style=\"width: 50%; padding-left: 40px;\"><span class=\"nombre\"><strong>Axis motion speed:<\/strong><br \/>\n\u2022 Axis 1: 110\u00ba\/s<br \/>\n\u2022 Axis 2: 110\u00ba\/s<br \/>\n\u2022 Axis 3: 110\u00ba\/s<br \/>\n\u2022 Axis 4: 280\u00ba\/s<br \/>\n\u2022 Axis 5: 280\u00ba\/s<br \/>\n\u2022 Axis 6: 280\u00ba\/s<\/span><\/td>\n<\/tr>\n<\/tbody>\n<\/table>\n<p style=\"text-align: center;\"><iframe title=\"YouTube video player\" src=\"\/\/www.youtube.com\/embed\/WmbUp1BN55I?si=HLQqXxR7J4zbydfJ\" width=\"560\" height=\"315\" frameborder=\"0\" allowfullscreen=\"allowfullscreen\"><\/iframe><\/p>","protected":false},"excerpt":{"rendered":"<p>ABB IRB 1400 S4CPlus M2000<\/p>","protected":false},"featured_media":1996,"comment_status":"closed","ping_status":"closed","template":"","meta":{"_seopress_robots_primary_cat":"none","_seopress_titles_title":"","_seopress_titles_desc":"","_seopress_robots_index":""},"product_brand":[],"product_cat":[27,28,29,98,30,97],"product_tag":[],"class_list":{"0":"post-1991","1":"product","2":"type-product","3":"status-publish","4":"has-post-thumbnail","6":"product_cat-carga-descarga-piezas","7":"product_cat-ensamblaje-partes","8":"product_cat-manipulacion-piezas","9":"product_cat-mecanizado","10":"product_cat-soldadura-al-arco","11":"product_cat-soldadura-laser-nd-yag","13":"first","14":"outofstock","15":"shipping-taxable","16":"product-type-simple"},"_links":{"self":[{"href":"https:\/\/www.robotsgallery.es\/fr\/wp-json\/wp\/v2\/product\/1991","targetHints":{"allow":["GET"]}}],"collection":[{"href":"https:\/\/www.robotsgallery.es\/fr\/wp-json\/wp\/v2\/product"}],"about":[{"href":"https:\/\/www.robotsgallery.es\/fr\/wp-json\/wp\/v2\/types\/product"}],"replies":[{"embeddable":true,"href":"https:\/\/www.robotsgallery.es\/fr\/wp-json\/wp\/v2\/comments?post=1991"}],"version-history":[{"count":2,"href":"https:\/\/www.robotsgallery.es\/fr\/wp-json\/wp\/v2\/product\/1991\/revisions"}],"predecessor-version":[{"id":1995,"href":"https:\/\/www.robotsgallery.es\/fr\/wp-json\/wp\/v2\/product\/1991\/revisions\/1995"}],"wp:featuredmedia":[{"embeddable":true,"href":"https:\/\/www.robotsgallery.es\/fr\/wp-json\/wp\/v2\/media\/1996"}],"wp:attachment":[{"href":"https:\/\/www.robotsgallery.es\/fr\/wp-json\/wp\/v2\/media?parent=1991"}],"wp:term":[{"taxonomy":"product_brand","embeddable":true,"href":"https:\/\/www.robotsgallery.es\/fr\/wp-json\/wp\/v2\/product_brand?post=1991"},{"taxonomy":"product_cat","embeddable":true,"href":"https:\/\/www.robotsgallery.es\/fr\/wp-json\/wp\/v2\/product_cat?post=1991"},{"taxonomy":"product_tag","embeddable":true,"href":"https:\/\/www.robotsgallery.es\/fr\/wp-json\/wp\/v2\/product_tag?post=1991"}],"curies":[{"name":"wp","href":"https:\/\/api.w.org\/{rel}","templated":true}]}}