{"id":140,"date":"2024-12-11T01:20:10","date_gmt":"2024-12-11T00:20:10","guid":{"rendered":"https:\/\/www.robotsgallery.es\/?post_type=product&#038;p=140"},"modified":"2024-12-16T16:43:02","modified_gmt":"2024-12-16T15:43:02","slug":"abb-3x-irb-1400-multimove-irc5","status":"publish","type":"product","link":"https:\/\/www.robotsgallery.es\/fr\/robot\/abb-3x-irb-1400-multimove-irc5\/","title":{"rendered":"ABB 3x IRB 1400 multimove IRC5"},"content":{"rendered":"<div class=\"elementor-element elementor-element-702a56c1 elementor-widget__width-initial elementor-widget-tablet__width-inherit elementor-widget elementor-widget-woocommerce-product-content\" data-id=\"702a56c1\" data-element_type=\"widget\" data-widget_type=\"woocommerce-product-content.default\">\n<div class=\"elementor-widget-container\">\n<p>Syst\u00e8me multi-mouvements avec 3 robots et une contr\u00f4leur. Le mod\u00e8le de robot ABB IRB 1400 est con\u00e7u pour le soudage \u00e0 l'arc. C'est le mod\u00e8le destin\u00e9 \u00e0 la soudure par excellence. Il a une port\u00e9e de 1,5 m. Il offre une charge utile de 5 kg. Cet ABB IRB 1400 utilise le contr\u00f4leur de robot IRC5, qui est \u00e9quip\u00e9 d'un syst\u00e8me de contr\u00f4le de trajectoire, d'une unit\u00e9 de programmation conviviale, d'un langage RAPID flexible et de possibilit\u00e9s de communication \u00e9tendues. Version multi-mouvements, comprenant - 3 robots ABB IRB 1400 - 1 contr\u00f4le IRC5 - 1 pendentif d'enseignement.<\/p>\n<table style=\"border-collapse: collapse; width: 100%;\" border=\"1\">\n<tbody>\n<tr>\n<td style=\"width: 50%; padding-left: 40px;\"><span class=\"nombre\"><strong>Technical Data:<\/strong><br \/>\n\u2022 Payload: 125 Kg<br \/>\n\u2022 Maximum Reach: 3500 mm<br \/>\n\u2022 Repeatability: 0.1 mm<br \/>\n\u2022 Controller: M2000 S4CPlus<\/span><\/td>\n<td style=\"width: 50%; padding-left: 40px;\"><span class=\"nombre\"><strong>Axis motion speed<\/strong><br \/>\n\u2022 Axis 1: 110\u00ba\/s<br \/>\n\u2022 Axis 2: 90\u00ba\/s<br \/>\n\u2022 Axis 3: 90\u00ba\/s<br \/>\n\u2022 Axis 4: 150\u00ba\/s<br \/>\n\u2022 Axis 5: 120\u00ba\/s<br \/>\n\u2022 Axis 6: 235\u00ba\/s<\/span><\/td>\n<\/tr>\n<\/tbody>\n<\/table>\n<\/div>\n<\/div>","protected":false},"excerpt":{"rendered":"<p>Welding system 3x IRB 1400 multimove IRC5<\/p>","protected":false},"featured_media":143,"comment_status":"open","ping_status":"closed","template":"","meta":{"_seopress_robots_primary_cat":"none","_seopress_titles_title":"","_seopress_titles_desc":"","_seopress_robots_index":""},"product_brand":[],"product_cat":[27,30,31],"product_tag":[],"class_list":{"0":"post-140","1":"product","2":"type-product","3":"status-publish","4":"has-post-thumbnail","6":"product_cat-carga-descarga-piezas","7":"product_cat-soldadura-al-arco","8":"product_cat-soldadura-pernos","10":"first","11":"instock","12":"shipping-taxable","13":"product-type-simple"},"_links":{"self":[{"href":"https:\/\/www.robotsgallery.es\/fr\/wp-json\/wp\/v2\/product\/140","targetHints":{"allow":["GET"]}}],"collection":[{"href":"https:\/\/www.robotsgallery.es\/fr\/wp-json\/wp\/v2\/product"}],"about":[{"href":"https:\/\/www.robotsgallery.es\/fr\/wp-json\/wp\/v2\/types\/product"}],"replies":[{"embeddable":true,"href":"https:\/\/www.robotsgallery.es\/fr\/wp-json\/wp\/v2\/comments?post=140"}],"version-history":[{"count":4,"href":"https:\/\/www.robotsgallery.es\/fr\/wp-json\/wp\/v2\/product\/140\/revisions"}],"predecessor-version":[{"id":334,"href":"https:\/\/www.robotsgallery.es\/fr\/wp-json\/wp\/v2\/product\/140\/revisions\/334"}],"wp:featuredmedia":[{"embeddable":true,"href":"https:\/\/www.robotsgallery.es\/fr\/wp-json\/wp\/v2\/media\/143"}],"wp:attachment":[{"href":"https:\/\/www.robotsgallery.es\/fr\/wp-json\/wp\/v2\/media?parent=140"}],"wp:term":[{"taxonomy":"product_brand","embeddable":true,"href":"https:\/\/www.robotsgallery.es\/fr\/wp-json\/wp\/v2\/product_brand?post=140"},{"taxonomy":"product_cat","embeddable":true,"href":"https:\/\/www.robotsgallery.es\/fr\/wp-json\/wp\/v2\/product_cat?post=140"},{"taxonomy":"product_tag","embeddable":true,"href":"https:\/\/www.robotsgallery.es\/fr\/wp-json\/wp\/v2\/product_tag?post=140"}],"curies":[{"name":"wp","href":"https:\/\/api.w.org\/{rel}","templated":true}]}}