{"id":3718,"date":"2026-04-26T12:37:35","date_gmt":"2026-04-26T10:37:35","guid":{"rendered":"https:\/\/www.robotsgallery.es\/?page_id=3718"},"modified":"2026-04-27T13:18:20","modified_gmt":"2026-04-27T11:18:20","slug":"soudage-robotise","status":"publish","type":"page","link":"https:\/\/www.robotsgallery.es\/fr\/soudage-robotise\/","title":{"rendered":"Sp\u00e9cialistes en Soudage Robotis\u00e9 et Robots de Soudage d\u2019Occasion"},"content":{"rendered":"<div data-elementor-type=\"wp-page\" data-elementor-id=\"3718\" class=\"elementor elementor-3718\" data-elementor-post-type=\"page\">\n\t\t\t\t<div class=\"elementor-element elementor-element-1976533 e-flex e-con-boxed e-con e-parent\" data-id=\"1976533\" data-element_type=\"container\" data-e-type=\"container\">\n\t\t\t\t\t<div class=\"e-con-inner\">\n\t\t\t\t<div class=\"elementor-element elementor-element-4538cc6 elementor-widget__width-auto elementor-widget elementor-widget-heading\" data-id=\"4538cc6\" data-element_type=\"widget\" data-e-type=\"widget\" data-widget_type=\"heading.default\">\n\t\t\t\t\t<h1 class=\"elementor-heading-title elementor-size-default\">Sp\u00e9cialistes en Soudage Robotis\u00e9 et Robots de Soudage d\u2019Occasion<\/h1>\t\t\t\t<\/div>\n\t\t\t\t\t<\/div>\n\t\t\t\t<\/div>\n\t\t<div class=\"elementor-element elementor-element-95a8e69 e-flex e-con-boxed e-con e-parent\" data-id=\"95a8e69\" data-element_type=\"container\" data-e-type=\"container\">\n\t\t\t\t\t<div class=\"e-con-inner\">\n\t\t<div class=\"elementor-element elementor-element-11d84d2 e-con-full e-flex e-con e-child\" data-id=\"11d84d2\" data-element_type=\"container\" data-e-type=\"container\">\n\t\t\t\t<div class=\"elementor-element elementor-element-7253d5d elementor-widget__width-inherit elementor-widget elementor-widget-text-editor\" data-id=\"7253d5d\" data-element_type=\"widget\" data-e-type=\"widget\" data-widget_type=\"text-editor.default\">\n\t\t\t\t\t\t\t\t\t<p class=\"translation-block\">Le <strong>soudage robotis\u00e9<\/strong> n'est plus une technologie du futur, il est devenu le standard de comp\u00e9titivit\u00e9 actuel. Dans un march\u00e9 mondialis\u00e9, l'automatisation est le seul moyen pour les PME d'\u00e9liminer l'incertitude li\u00e9e aux co\u00fbts et aux d\u00e9lais. Chez Robots Gallery, nous facilitons ce saut technologique en permettant \u00e0 tout atelier ou usine d'acc\u00e9der \u00e0 un <strong>robot de soudage d'occasion<\/strong> avec les m\u00eames garanties de pr\u00e9cision qu'un robot neuf, mais \u00e0 une fraction de son prix.<\/p>\t\t\t\t\t\t\t\t<\/div>\n\t\t\t\t<div class=\"elementor-element elementor-element-58b4de2 elementor-widget elementor-widget-heading\" data-id=\"58b4de2\" data-element_type=\"widget\" data-e-type=\"widget\" data-widget_type=\"heading.default\">\n\t\t\t\t\t<h2 class=\"elementor-heading-title elementor-size-default\">La valeur strat\u00e9gique du Soudage Robotis\u00e9<\/h2>\t\t\t\t<\/div>\n\t\t\t\t<div class=\"elementor-element elementor-element-c12e112 elementor-widget elementor-widget-text-editor\" data-id=\"c12e112\" data-element_type=\"widget\" data-e-type=\"widget\" data-widget_type=\"text-editor.default\">\n\t\t\t\t\t\t\t\t\t<p>Installer une cellule de soudage robotis\u00e9 dans votre cha\u00eene de production ne permet pas seulement d'optimiser le temps, mais red\u00e9finit aussi votre capacit\u00e9 commerciale :<\/p><ul><li class=\"translation-block\"><strong>Pr\u00e9cision imbattable<\/strong> : Un syst\u00e8me de soudage robotis\u00e9 garantit des cordons uniformes et une qualit\u00e9 constante que la main-d'\u0153uvre manuelle ne peut pas reproduire sur de longues s\u00e9ries, r\u00e9duisant consid\u00e9rablement le gaspillage de mat\u00e9riaux.<\/li><li class=\"translation-block\"><strong>Performance 24\/7<\/strong> : L'automatisation vous permet de travailler en \u00e9quipes ininterrompues, en respectant les d\u00e9lais critiques et en augmentant la production sans augmenter les co\u00fbts fixes.<\/li><li class=\"translation-block\"><strong>\u00c9volution du personnel<\/strong> : En automatisant avec un <strong>robot de soudage d'occasion<\/strong>, vos soudeurs qualifi\u00e9s cessent d'effectuer des t\u00e2ches r\u00e9p\u00e9titives et dangereuses pour devenir des programmateurs experts, apportant plus de valeur \u00e0 l'entreprise.<\/li><\/ul>\t\t\t\t\t\t\t\t<\/div>\n\t\t\t\t<div class=\"elementor-element elementor-element-4a919b3 elementor-widget elementor-widget-heading\" data-id=\"4a919b3\" data-element_type=\"widget\" data-e-type=\"widget\" data-widget_type=\"heading.default\">\n\t\t\t\t\t<h2 class=\"elementor-heading-title elementor-size-default\">Pourquoi choisir un Robot de Soudage d'Occasion<\/h2>\t\t\t\t<\/div>\n\t\t\t\t<div class=\"elementor-element elementor-element-eeddfaf elementor-widget elementor-widget-text-editor\" data-id=\"eeddfaf\" data-element_type=\"widget\" data-e-type=\"widget\" data-widget_type=\"text-editor.default\">\n\t\t\t\t\t\t\t\t\t<p>L'investissement initial est souvent la principale barri\u00e8re \u00e0 l'automatisation. C'est pourquoi l'option d'un robot de soudage d'occasion est la d\u00e9cision financi\u00e8re la plus intelligente pour la PME moderne :<\/p><ol><li class=\"translation-block\"><strong>Amortissement imm\u00e9diat<\/strong> : Avec une \u00e9conomie moyenne de 45 % sur l'investissement, le robot de soudage d'occasion est rentabilis\u00e9 en un temps record gr\u00e2ce aux \u00e9conomies op\u00e9rationnelles.<\/li><li class=\"translation-block\"><strong>Technologie \u00e9prouv\u00e9e<\/strong> : Nous travaillons avec des \u00e9quipements reconditionn\u00e9s qui ont fait leurs preuves dans de grandes usines industrielles. Un robot de soudage d'occasion de Robots Gallery est livr\u00e9 enti\u00e8rement r\u00e9vis\u00e9 et pr\u00eat pour une seconde vie productive.<\/li><li class=\"translation-block\"><strong>Durabilit\u00e9 r\u00e9elle<\/strong> : Opter pour un \u00e9quipement d'occasion est un pari sur l'\u00e9conomie circulaire, r\u00e9duisant l'empreinte carbone industrielle gr\u00e2ce \u00e0 la r\u00e9utilisation de technologies de haut niveau.<\/li><\/ol>\t\t\t\t\t\t\t\t<\/div>\n\t\t\t\t<div class=\"elementor-element elementor-element-44327d2 elementor-widget elementor-widget-heading\" data-id=\"44327d2\" data-element_type=\"widget\" data-e-type=\"widget\" data-widget_type=\"heading.default\">\n\t\t\t\t\t<h2 class=\"elementor-heading-title elementor-size-default\">Polyvalence dans les processus de Soudage Robotis\u00e9<\/h2>\t\t\t\t<\/div>\n\t\t\t\t<div class=\"elementor-element elementor-element-e77e93a elementor-widget elementor-widget-text-editor\" data-id=\"e77e93a\" data-element_type=\"widget\" data-e-type=\"widget\" data-widget_type=\"text-editor.default\">\n\t\t\t\t\t\t\t\t\t<p>Nos solutions couvrent tout le spectre des besoins industriels. Nous configurons votre robot de soudage d'occasion pour des processus sp\u00e9cifiques tels que :<\/p><ul><li class=\"translation-block\"><strong>Soudage \u00e0 l'arc et MIG\/MAG<\/strong> : Rapidit\u00e9 et polyvalence pour les structures en acier.<\/li><li class=\"translation-block\"><strong>Soudage TIG et Plasma<\/strong> : Propret\u00e9 et contr\u00f4le maximaux pour les faibles \u00e9paisseurs et les m\u00e9taux sp\u00e9ciaux.<\/li><li class=\"translation-block\"><strong>Soudage laser et Rechargement<\/strong> : Technologie de pointe pour les r\u00e9parations de pr\u00e9cision et la fabrication additive.<\/li><\/ul>\t\t\t\t\t\t\t\t<\/div>\n\t\t\t\t<div class=\"elementor-element elementor-element-9dbd624 elementor-widget elementor-widget-heading\" data-id=\"9dbd624\" data-element_type=\"widget\" data-e-type=\"widget\" data-widget_type=\"heading.default\">\n\t\t\t\t\t<h2 class=\"elementor-heading-title elementor-size-default\">Votre partenaire en Soudage Robotis\u00e9 cl\u00e9 en main<\/h2>\t\t\t\t<\/div>\n\t\t\t\t<div class=\"elementor-element elementor-element-9c59580 elementor-widget elementor-widget-text-editor\" data-id=\"9c59580\" data-element_type=\"widget\" data-e-type=\"widget\" data-widget_type=\"text-editor.default\">\n\t\t\t\t\t\t\t\t\t<p class=\"translation-block\">Chez <strong>Robots Gallery<\/strong>, nous ne nous contentons pas de fournir l'\u00e9quipement. Nous nous assurons que votre <strong>robot de soudage d'occasion<\/strong> soit la solution d\u00e9finitive \u00e0 vos probl\u00e8mes de production. Nous achetons, reconditionnons et vendons \u00e0 l'\u00e9chelle mondiale, en proposant des \u00e9quipements d\u00e9j\u00e0 \u00e9quip\u00e9s et un contact direct avec des bureaux d'\u00e9tudes pour une int\u00e9gration sans faille.<\/p><p><strong>Actualisez vos processus aujourd'hui : le soudage robotis\u00e9 est le moteur dont votre entreprise a besoin pour ne plus rivaliser sur les prix et commencer \u00e0 gagner par l'efficacit\u00e9.<\/strong><\/p>\t\t\t\t\t\t\t\t<\/div>\n\t\t\t\t<div class=\"elementor-element elementor-element-e38acfd elementor-widget elementor-widget-heading\" data-id=\"e38acfd\" data-element_type=\"widget\" data-e-type=\"widget\" data-widget_type=\"heading.default\">\n\t\t\t\t\t<h2 class=\"elementor-heading-title elementor-size-default\">Consultez notre stock de robots de soudage d'occasion<\/h2>\t\t\t\t<\/div>\n\t\t\t\t<div class=\"elementor-element elementor-element-19cb5be elementor-widget elementor-widget-text-editor\" data-id=\"19cb5be\" data-element_type=\"widget\" data-e-type=\"widget\" data-widget_type=\"text-editor.default\">\n\t\t\t\t\t\t\t\t\t<p><a href=\"https:\/\/www.robotsgallery.es\/fr\/application-robot\/robots-soudage\/\">Tous les robots de soudage<\/a><\/p><p><a href=\"https:\/\/www.robotsgallery.es\/fr\/application-robot\/boulons-souder\/\">Boulons \u00c0 Souder<\/a><\/p><p><a href=\"https:\/\/www.robotsgallery.es\/fr\/application-robot\/soudage-par-points\/\">Soudage par Points<\/a><\/p><p><a href=\"https:\/\/www.robotsgallery.es\/fr\/application-robot\/soudage-al-arc\/\">Soudage \u00e0 L'arc<\/a><\/p><p><a href=\"https:\/\/www.robotsgallery.es\/fr\/application-robot\/soudure-laser-nd-yag\/\">Soudure Laser Nd-Yag<\/a><\/p><p>\u00a0<\/p>\t\t\t\t\t\t\t\t<\/div>\n\t\t\t\t<\/div>\n\t\t<div class=\"elementor-element elementor-element-454058f e-con-full elementor-hidden-tablet elementor-hidden-mobile e-flex e-con e-child\" data-id=\"454058f\" data-element_type=\"container\" data-e-type=\"container\">\n\t\t\t\t<div class=\"elementor-element elementor-element-5876ab2 elementor-widget elementor-widget-image\" data-id=\"5876ab2\" data-element_type=\"widget\" data-e-type=\"widget\" data-widget_type=\"image.default\">\n\t\t\t\t\t\t\t\t\t\t\t\t\t\t\t<img decoding=\"async\" src=\"https:\/\/www.robotsgallery.es\/wp-content\/uploads\/elementor\/thumbs\/Arc-Mate-120iC-R30iA-Lincoln-i400-1-r2609lmb6rm124psaqj7m288jvtbtr3mtetw305lds.webp\" title=\"Brazo-Robot-Soldadura-Fanuc\" alt=\"bras-robot-de-soudage-d-occasion\" loading=\"lazy\" \/>\t\t\t\t\t\t\t\t\t\t\t\t\t\t\t<\/div>\n\t\t\t\t<div class=\"elementor-element elementor-element-64363aa elementor-widget elementor-widget-image\" data-id=\"64363aa\" data-element_type=\"widget\" data-e-type=\"widget\" data-widget_type=\"image.default\">\n\t\t\t\t\t\t\t\t\t\t\t\t\t\t\t<img decoding=\"async\" src=\"https:\/\/www.robotsgallery.es\/wp-content\/uploads\/elementor\/thumbs\/IMG_0599mini-r2609mk1q1768rhs84y16sak40ssoqoaiq8oza1nwg.webp\" title=\"soldadura-robotizada-abb\" alt=\"cellule-de-soudage-robotise-industrielle\" loading=\"lazy\" \/>\t\t\t\t\t\t\t\t\t\t\t\t\t\t\t<\/div>\n\t\t\t\t<\/div>\n\t\t\t\t\t<\/div>\n\t\t\t\t<\/div>\n\t\t\t\t<\/div>","protected":false},"excerpt":{"rendered":"<p>La soldadura robotizada ha dejado de ser una tecnolog\u00eda del futuro para convertirse en el est\u00e1ndar de competitividad actual. En un mercado globalizado, la automatizaci\u00f3n es la \u00fanica v\u00eda para que las PYMEs eliminen la incertidumbre de sus costes y plazos. En Robots Gallery, facilitamos este salto tecnol\u00f3gico permitiendo que cualquier taller o f\u00e1brica acceda [&hellip;]<\/p>\n","protected":false},"author":1,"featured_media":0,"parent":0,"menu_order":0,"comment_status":"closed","ping_status":"closed","template":"","meta":{"_seopress_robots_primary_cat":"","_seopress_titles_title":"Soldadura Robotizada y Robot Soldadura Segunda Mano | Robots Gallery","_seopress_titles_desc":"Optimice sus costes con nuestra tecnolog\u00eda en soldadura robotizada. Encuentre el robot soldadura segunda mano ideal entre nuestra amplia gama de equipos garantizados, permiti\u00e9ndole automatizar su producci\u00f3n con una inversi\u00f3n mucho m\u00e1s asequible. \u00a1Cons\u00faltenos!","_seopress_robots_index":"","footnotes":""},"class_list":["post-3718","page","type-page","status-publish","hentry"],"_links":{"self":[{"href":"https:\/\/www.robotsgallery.es\/fr\/wp-json\/wp\/v2\/pages\/3718","targetHints":{"allow":["GET"]}}],"collection":[{"href":"https:\/\/www.robotsgallery.es\/fr\/wp-json\/wp\/v2\/pages"}],"about":[{"href":"https:\/\/www.robotsgallery.es\/fr\/wp-json\/wp\/v2\/types\/page"}],"author":[{"embeddable":true,"href":"https:\/\/www.robotsgallery.es\/fr\/wp-json\/wp\/v2\/users\/1"}],"replies":[{"embeddable":true,"href":"https:\/\/www.robotsgallery.es\/fr\/wp-json\/wp\/v2\/comments?post=3718"}],"version-history":[{"count":12,"href":"https:\/\/www.robotsgallery.es\/fr\/wp-json\/wp\/v2\/pages\/3718\/revisions"}],"predecessor-version":[{"id":3731,"href":"https:\/\/www.robotsgallery.es\/fr\/wp-json\/wp\/v2\/pages\/3718\/revisions\/3731"}],"wp:attachment":[{"href":"https:\/\/www.robotsgallery.es\/fr\/wp-json\/wp\/v2\/media?parent=3718"}],"curies":[{"name":"wp","href":"https:\/\/api.w.org\/{rel}","templated":true}]}}