{"id":3591,"date":"2025-12-02T11:36:46","date_gmt":"2025-12-02T10:36:46","guid":{"rendered":"https:\/\/www.robotsgallery.es\/?page_id=3591"},"modified":"2026-02-13T13:47:03","modified_gmt":"2026-02-13T12:47:03","slug":"robots-industriels","status":"publish","type":"page","link":"https:\/\/www.robotsgallery.es\/fr\/robots-industriels\/","title":{"rendered":"Robots industriels : types, caract\u00e9ristiques et applications"},"content":{"rendered":"<div data-elementor-type=\"wp-page\" data-elementor-id=\"3591\" class=\"elementor elementor-3591\" data-elementor-post-type=\"page\">\n\t\t\t\t<div class=\"elementor-element elementor-element-1976533 e-flex e-con-boxed e-con e-parent\" data-id=\"1976533\" data-element_type=\"container\" data-e-type=\"container\">\n\t\t\t\t\t<div class=\"e-con-inner\">\n\t\t\t\t<div class=\"elementor-element elementor-element-4538cc6 elementor-widget__width-auto elementor-widget elementor-widget-heading\" data-id=\"4538cc6\" data-element_type=\"widget\" data-e-type=\"widget\" data-widget_type=\"heading.default\">\n\t\t\t\t\t<h1 class=\"elementor-heading-title elementor-size-default\">Robots industriels : types, caract\u00e9ristiques et applications<\/h1>\t\t\t\t<\/div>\n\t\t\t\t\t<\/div>\n\t\t\t\t<\/div>\n\t\t<div class=\"elementor-element elementor-element-95a8e69 e-flex e-con-boxed e-con e-parent\" data-id=\"95a8e69\" data-element_type=\"container\" data-e-type=\"container\">\n\t\t\t\t\t<div class=\"e-con-inner\">\n\t\t<div class=\"elementor-element elementor-element-11d84d2 e-con-full e-flex e-con e-child\" data-id=\"11d84d2\" data-element_type=\"container\" data-e-type=\"container\">\n\t\t\t\t<div class=\"elementor-element elementor-element-7253d5d elementor-widget__width-inherit elementor-widget elementor-widget-text-editor\" data-id=\"7253d5d\" data-element_type=\"widget\" data-e-type=\"widget\" data-widget_type=\"text-editor.default\">\n\t\t\t\t\t\t\t\t\t<p class=\"translation-block\">Les robots industriels font partie int\u00e9grante des syst\u00e8mes d\u2019automatisation actuels. Leur capacit\u00e9 \u00e0 r\u00e9aliser des t\u00e2ches r\u00e9p\u00e9titives avec pr\u00e9cision, rapidit\u00e9 et constance a transform\u00e9 des secteurs tels que l\u2019automobile, la logistique, la m\u00e9tallurgie, l\u2019\u00e9lectronique ou l\u2019alimentation. Cette page offre une vue claire et structur\u00e9e des <strong data-start=\"770\" data-end=\"813\">diff\u00e9rents types de robots industriels<\/strong>, de leurs caract\u00e9ristiques techniques et des applications les plus courantes en milieu de production.<\/p>\t\t\t\t\t\t\t\t<\/div>\n\t\t\t\t<div class=\"elementor-element elementor-element-58b4de2 elementor-widget elementor-widget-heading\" data-id=\"58b4de2\" data-element_type=\"widget\" data-e-type=\"widget\" data-widget_type=\"heading.default\">\n\t\t\t\t\t<h2 class=\"elementor-heading-title elementor-size-default\">Qu\u2019est-ce qu\u2019un robot industriel ?<\/h2>\t\t\t\t<\/div>\n\t\t\t\t<div class=\"elementor-element elementor-element-c12e112 elementor-widget elementor-widget-text-editor\" data-id=\"c12e112\" data-element_type=\"widget\" data-e-type=\"widget\" data-widget_type=\"text-editor.default\">\n\t\t\t\t\t\t\t\t\t<p class=\"translation-block\">Un robot industriel est un manipulateur programmable capable d\u2019effectuer des mouvements contr\u00f4l\u00e9s et r\u00e9p\u00e9titifs sur trois axes ou plus. Sa fonction principale est de <strong data-start=\"1096\" data-end=\"1120\">automatiser les processus<\/strong>, que ce soit pour manipuler des pi\u00e8ces, souder, assembler, palettiser ou r\u00e9aliser des op\u00e9rations n\u00e9cessitant une pr\u00e9cision constante.<\/p>\n<p data-start=\"1245\" data-end=\"1269\">Caract\u00e9ristiques communes :<\/p>\n\n<ul>\n \t<li data-start=\"1273\" data-end=\"1296\">Grande r\u00e9p\u00e9tabilit\u00e9<\/li>\n \t<li data-start=\"1299\" data-end=\"1326\">Pr\u00e9cision des trajectoires<\/li>\n \t<li data-start=\"1329\" data-end=\"1360\">Capacit\u00e9 de travail en continu<\/li>\n \t<li data-start=\"1363\" data-end=\"1413\">Int\u00e9gration avec d\u2019autres syst\u00e8mes d\u2019automatisation<\/li>\n \t<li data-start=\"1416\" data-end=\"1473\">S\u00e9curit\u00e9 avanc\u00e9e pour fonctionner dans des environnements industriels<\/li>\n<\/ul>\t\t\t\t\t\t\t\t<\/div>\n\t\t\t\t<div class=\"elementor-element elementor-element-4a919b3 elementor-widget elementor-widget-heading\" data-id=\"4a919b3\" data-element_type=\"widget\" data-e-type=\"widget\" data-widget_type=\"heading.default\">\n\t\t\t\t\t<h2 class=\"elementor-heading-title elementor-size-default\">Principaux types de robots industriels<\/h2>\t\t\t\t<\/div>\n\t\t\t\t<div class=\"elementor-element elementor-element-3ea901c elementor-widget elementor-widget-heading\" data-id=\"3ea901c\" data-element_type=\"widget\" data-e-type=\"widget\" data-widget_type=\"heading.default\">\n\t\t\t\t\t<h3 class=\"elementor-heading-title elementor-size-default\">1. Robots articul\u00e9s<\/h3>\t\t\t\t<\/div>\n\t\t\t\t<div class=\"elementor-element elementor-element-eeddfaf elementor-widget elementor-widget-text-editor\" data-id=\"eeddfaf\" data-element_type=\"widget\" data-e-type=\"widget\" data-widget_type=\"text-editor.default\">\n\t\t\t\t\t\t\t\t\t<p data-start=\"1559\" data-end=\"1728\">Ils sont les plus utilis\u00e9s dans l\u2019industrie. Ils sont constitu\u00e9s de plusieurs axes (g\u00e9n\u00e9ralement entre 4 et 7), ce qui leur conf\u00e8re une grande libert\u00e9 de mouvement et une grande polyvalence.<\/p><p data-start=\"1730\" data-end=\"1815\" class=\"translation-block\"><strong>Usages les plus courants :<\/strong> manipulation, soudage, palettisation, usinage, assemblage.<\/p>\t\t\t\t\t\t\t\t<\/div>\n\t\t\t\t<div class=\"elementor-element elementor-element-b4c5f63 elementor-widget elementor-widget-heading\" data-id=\"b4c5f63\" data-element_type=\"widget\" data-e-type=\"widget\" data-widget_type=\"heading.default\">\n\t\t\t\t\t<h3 class=\"elementor-heading-title elementor-size-default\">2. Robots SCARA<\/h3>\t\t\t\t<\/div>\n\t\t\t\t<div class=\"elementor-element elementor-element-c523b6b elementor-widget elementor-widget-text-editor\" data-id=\"c523b6b\" data-element_type=\"widget\" data-e-type=\"widget\" data-widget_type=\"text-editor.default\">\n\t\t\t\t\t\t\t\t\t<p data-start=\"1846\" data-end=\"1996\">Ils pr\u00e9sentent une configuration con\u00e7ue pour des mouvements rapides et pr\u00e9cis sur un plan horizontal. Ils sont id\u00e9aux pour des processus r\u00e9p\u00e9titifs \u00e0 grande vitesse.<\/p><p data-start=\"1998\" data-end=\"2082\" class=\"translation-block\"><strong>Applications typiques :<\/strong> assemblage \u00e9lectronique, pick &amp; place, manipulation l\u00e9g\u00e8re.<\/p>\t\t\t\t\t\t\t\t<\/div>\n\t\t\t\t<div class=\"elementor-element elementor-element-3c06f67 elementor-widget elementor-widget-heading\" data-id=\"3c06f67\" data-element_type=\"widget\" data-e-type=\"widget\" data-widget_type=\"heading.default\">\n\t\t\t\t\t<h3 class=\"elementor-heading-title elementor-size-default\">3. Robots cart\u00e9siens ou \u00e0 portique<\/h3>\t\t\t\t<\/div>\n\t\t\t\t<div class=\"elementor-element elementor-element-eaab2db elementor-widget elementor-widget-text-editor\" data-id=\"eaab2db\" data-element_type=\"widget\" data-e-type=\"widget\" data-widget_type=\"text-editor.default\">\n\t\t\t\t\t\t\t\t\t<p data-start=\"2132\" data-end=\"2289\">Funcionan mediante desplazamientos lineales en los ejes X, Y y Z. Permiten un gran control sobre la trayectoria y pueden cubrir \u00e1reas de trabajo muy amplias.<\/p><p data-start=\"2291\" data-end=\"2375\" class=\"translation-block\"><strong>Ils sont utilis\u00e9s pour :<\/strong> CNC, impression 3D, dosage, manipulation de grandes pi\u00e8ces.<\/p>\t\t\t\t\t\t\t\t<\/div>\n\t\t\t\t<div class=\"elementor-element elementor-element-d6db725 elementor-widget elementor-widget-heading\" data-id=\"d6db725\" data-element_type=\"widget\" data-e-type=\"widget\" data-widget_type=\"heading.default\">\n\t\t\t\t\t<h3 class=\"elementor-heading-title elementor-size-default\">4. Robots Delta<\/h3>\t\t\t\t<\/div>\n\t\t\t\t<div class=\"elementor-element elementor-element-cd96904 elementor-widget elementor-widget-text-editor\" data-id=\"cd96904\" data-element_type=\"widget\" data-e-type=\"widget\" data-widget_type=\"text-editor.default\">\n\t\t\t\t\t\t\t\t\t<p data-start=\"2406\" data-end=\"2557\">Robots l\u00e9gers et extr\u00eamement rapides, g\u00e9n\u00e9ralement suspendus au-dessus de la zone de travail. Leur structure parall\u00e8le leur permet des mouvements tr\u00e8s agiles.<\/p><p data-start=\"2559\" data-end=\"2668\" class=\"translation-block\"><strong>Usages courants :<\/strong> tri, emballage, manipulation de petits produits sur des lignes \u00e0 grande vitesse.<\/p>\t\t\t\t\t\t\t\t<\/div>\n\t\t\t\t<div class=\"elementor-element elementor-element-b2d3e11 elementor-widget elementor-widget-heading\" data-id=\"b2d3e11\" data-element_type=\"widget\" data-e-type=\"widget\" data-widget_type=\"heading.default\">\n\t\t\t\t\t<h3 class=\"elementor-heading-title elementor-size-default\">5. Robots collaboratifs (cobots)<\/h3>\t\t\t\t<\/div>\n\t\t\t\t<div class=\"elementor-element elementor-element-08ef025 elementor-widget elementor-widget-text-editor\" data-id=\"08ef025\" data-element_type=\"widget\" data-e-type=\"widget\" data-widget_type=\"text-editor.default\">\n\t\t\t\t\t\t\t\t\t<p data-start=\"2716\" data-end=\"2859\">Ils sont con\u00e7us pour travailler aux c\u00f4t\u00e9s des op\u00e9rateurs sans barri\u00e8res physiques dans de nombreux cas, gr\u00e2ce \u00e0 des capteurs et des syst\u00e8mes de s\u00e9curit\u00e9 avanc\u00e9s.<\/p><p data-start=\"2861\" data-end=\"2951\" class=\"translation-block\"><strong>Applications :<\/strong> assemblage fin, vissage, contr\u00f4les qualit\u00e9, manipulation l\u00e9g\u00e8re.<\/p>\t\t\t\t\t\t\t\t<\/div>\n\t\t\t\t<div class=\"elementor-element elementor-element-44327d2 elementor-widget elementor-widget-heading\" data-id=\"44327d2\" data-element_type=\"widget\" data-e-type=\"widget\" data-widget_type=\"heading.default\">\n\t\t\t\t\t<h2 class=\"elementor-heading-title elementor-size-default\">Caract\u00e9ristiques techniques cl\u00e9s<\/h2>\t\t\t\t<\/div>\n\t\t\t\t<div class=\"elementor-element elementor-element-e77e93a elementor-widget elementor-widget-text-editor\" data-id=\"e77e93a\" data-element_type=\"widget\" data-e-type=\"widget\" data-widget_type=\"text-editor.default\">\n\t\t\t\t\t\t\t\t\t<p data-start=\"2997\" data-end=\"3085\">Lorsqu\u2019il s\u2019agit d\u2019analyser ou de comparer des robots industriels, plusieurs param\u00e8tres entrent en jeu :<\/p><ul data-start=\"3087\" data-end=\"3644\"><li data-start=\"3087\" data-end=\"3153\"><p data-start=\"3089\" data-end=\"3153\" class=\"translation-block\"><strong>Charge utile (kg) :<\/strong> poids maximum que le robot peut manipuler.<\/p><\/li><li data-start=\"3154\" data-end=\"3243\"><p data-start=\"3156\" data-end=\"3243\" class=\"translation-block\"><strong>Port\u00e9e (mm ou m) :<\/strong> distance maximale entre la base du robot et le point de travail.<\/p><\/li><li data-start=\"3244\" data-end=\"3326\"><p data-start=\"3246\" data-end=\"3326\" class=\"translation-block\"><strong>R\u00e9p\u00e9tabilit\u00e9 :<\/strong> capacit\u00e9 \u00e0 revenir au m\u00eame point avec un \u00e9cart minimal.<\/p><\/li><li data-start=\"3327\" data-end=\"3382\"><p data-start=\"3329\" data-end=\"3382\" class=\"translation-block\"><strong>Vitesse :<\/strong> rapidit\u00e9 des mouvements et des cycles.<\/p><\/li><li data-start=\"3383\" data-end=\"3465\"><p data-start=\"3385\" data-end=\"3465\" class=\"translation-block\"><strong>Nombre d\u2019axes :<\/strong> d\u00e9termine la complexit\u00e9 et la flexibilit\u00e9 du mouvement.<\/p><\/li><li data-start=\"3466\" data-end=\"3557\"><p data-start=\"3468\" data-end=\"3557\" class=\"translation-block\"><strong>Type de contr\u00f4leur :<\/strong> influence la programmation, la pr\u00e9cision et les fonctions suppl\u00e9mentaires.<\/p><\/li><li data-start=\"3558\" data-end=\"3644\"><p data-start=\"3560\" data-end=\"3644\" class=\"translation-block\"><strong>Indice de protection (IP) :<\/strong> r\u00e9sistance \u00e0 la poussi\u00e8re, aux liquides ou aux environnements difficiles.<\/p><\/li><\/ul><p data-start=\"3646\" data-end=\"3760\">Ces caract\u00e9ristiques permettent de choisir le robot appropri\u00e9 en fonction de l\u2019application et de l\u2019environnement de travail.<\/p>\t\t\t\t\t\t\t\t<\/div>\n\t\t\t\t<div class=\"elementor-element elementor-element-9dbd624 elementor-widget elementor-widget-heading\" data-id=\"9dbd624\" data-element_type=\"widget\" data-e-type=\"widget\" data-widget_type=\"heading.default\">\n\t\t\t\t\t<h2 class=\"elementor-heading-title elementor-size-default\">Applications courantes des robots industriels<\/h2>\t\t\t\t<\/div>\n\t\t\t\t<div class=\"elementor-element elementor-element-9c59580 elementor-widget elementor-widget-text-editor\" data-id=\"9c59580\" data-element_type=\"widget\" data-e-type=\"widget\" data-widget_type=\"text-editor.default\">\n\t\t\t\t\t\t\t\t\t<p data-start=\"3826\" data-end=\"3894\">Les robots industriels sont utilis\u00e9s dans un large \u00e9ventail de processus :<\/p><ul><li data-start=\"3898\" data-end=\"3926\">Manipulation de mat\u00e9riaux<\/li><li data-start=\"3929\" data-end=\"3949\">Soudage \u00e0 l\u2019arc<\/li><li data-start=\"3952\" data-end=\"3980\">Palettisation et d\u00e9palettisation<\/li><li data-start=\"3983\" data-end=\"4013\">Chargement et d\u00e9chargement de machines<\/li><li data-start=\"4016\" data-end=\"4041\">Usinage et \u00e9bavurage<\/li><li data-start=\"4044\" data-end=\"4080\">Collage et application d\u2019adh\u00e9sifs<\/li><li data-start=\"4083\" data-end=\"4103\">Peinture industrielle<\/li><li data-start=\"4106\" data-end=\"4120\">Pick &amp; place<\/li><li data-start=\"4123\" data-end=\"4146\">Emballage et \u00e9tiquetage<\/li><li data-start=\"4149\" data-end=\"4174\">Assemblage de pr\u00e9cision<\/li><\/ul>\t\t\t\t\t\t\t\t<\/div>\n\t\t\t\t<div class=\"elementor-element elementor-element-e38acfd elementor-widget elementor-widget-heading\" data-id=\"e38acfd\" data-element_type=\"widget\" data-e-type=\"widget\" data-widget_type=\"heading.default\">\n\t\t\t\t\t<h2 class=\"elementor-heading-title elementor-size-default\">\u00c9volution des robots industriels<\/h2>\t\t\t\t<\/div>\n\t\t\t\t<div class=\"elementor-element elementor-element-19cb5be elementor-widget elementor-widget-text-editor\" data-id=\"19cb5be\" data-element_type=\"widget\" data-e-type=\"widget\" data-widget_type=\"text-editor.default\">\n\t\t\t\t\t\t\t\t\t<p data-start=\"4226\" data-end=\"4313\">Au cours des derni\u00e8res d\u00e9cennies, la robotique industrielle a \u00e9volu\u00e9 de mani\u00e8re significative :<\/p><ul><li data-start=\"4317\" data-end=\"4346\">Meilleurs syst\u00e8mes de contr\u00f4le<\/li><li data-start=\"4349\" data-end=\"4391\">Plus grande connectivit\u00e9 et capteurs int\u00e9gr\u00e9s<\/li><li data-start=\"4394\" data-end=\"4427\">Robots plus l\u00e9gers et plus efficaces<\/li><li data-start=\"4430\" data-end=\"4466\">Progr\u00e8s en intelligence artificielle<\/li><li data-start=\"4469\" data-end=\"4505\">Int\u00e9gration avec des syst\u00e8mes de vision<\/li><li data-start=\"4508\" data-end=\"4556\">S\u00e9curit\u00e9 renforc\u00e9e dans l\u2019interaction humain-robot<\/li><\/ul><p>\u00a0<\/p><p data-start=\"4558\" data-end=\"4671\">Ces progr\u00e8s ont permis d\u2019\u00e9tendre leur utilisation \u00e0 des secteurs o\u00f9 cela n\u2019\u00e9tait auparavant pas viable en raison du co\u00fbt, de la complexit\u00e9 ou de l\u2019espace.<\/p>\t\t\t\t\t\t\t\t<\/div>\n\t\t\t\t<div class=\"elementor-element elementor-element-c78d93f elementor-widget elementor-widget-heading\" data-id=\"c78d93f\" data-element_type=\"widget\" data-e-type=\"widget\" data-widget_type=\"heading.default\">\n\t\t\t\t\t<h2 class=\"elementor-heading-title elementor-size-default\">Conclusion<\/h2>\t\t\t\t<\/div>\n\t\t\t\t<div class=\"elementor-element elementor-element-aee35d6 elementor-widget elementor-widget-text-editor\" data-id=\"aee35d6\" data-element_type=\"widget\" data-e-type=\"widget\" data-widget_type=\"text-editor.default\">\n\t\t\t\t\t\t\t\t\t<p>Les robots industriels jouent un r\u00f4le fondamental dans l\u2019automatisation moderne. Conna\u00eetre leurs diff\u00e9rents types, caract\u00e9ristiques et applications est essentiel pour comprendre comment ils s\u2019int\u00e8grent aux processus de production actuels et comment ils contribuent \u00e0 am\u00e9liorer la qualit\u00e9, l\u2019efficacit\u00e9 et la s\u00e9curit\u00e9 dans l\u2019industrie.<\/p>\t\t\t\t\t\t\t\t<\/div>\n\t\t\t\t<\/div>\n\t\t<div class=\"elementor-element elementor-element-454058f e-con-full elementor-hidden-tablet elementor-hidden-mobile e-flex e-con e-child\" data-id=\"454058f\" data-element_type=\"container\" data-e-type=\"container\">\n\t\t\t\t<\/div>\n\t\t\t\t\t<\/div>\n\t\t\t\t<\/div>\n\t\t\t\t<\/div>","protected":false},"excerpt":{"rendered":"<p>Los robots industriales forman parte esencial de los sistemas de automatizaci\u00f3n actuales. Su capacidad para realizar tareas repetitivas con precisi\u00f3n, velocidad y consistencia ha transformado sectores como la automoci\u00f3n, la log\u00edstica, la metalurgia, la electr\u00f3nica o la alimentaci\u00f3n. Esta p\u00e1gina ofrece una visi\u00f3n clara y estructurada de los diferentes tipos de robots industriales, sus caracter\u00edsticas [&hellip;]<\/p>\n","protected":false},"author":1,"featured_media":0,"parent":0,"menu_order":0,"comment_status":"closed","ping_status":"closed","template":"","meta":{"_seopress_robots_primary_cat":"","_seopress_titles_title":"Robots industriales \u2013 gu\u00eda de tipos y usos","_seopress_titles_desc":"Descubre los distintos tipos de robots industriales y c\u00f3mo se utilizan en la industria. Gu\u00eda pr\u00e1ctica y actualizada para conocer sus aplicaciones.","_seopress_robots_index":"","footnotes":""},"class_list":["post-3591","page","type-page","status-publish","hentry"],"_links":{"self":[{"href":"https:\/\/www.robotsgallery.es\/fr\/wp-json\/wp\/v2\/pages\/3591","targetHints":{"allow":["GET"]}}],"collection":[{"href":"https:\/\/www.robotsgallery.es\/fr\/wp-json\/wp\/v2\/pages"}],"about":[{"href":"https:\/\/www.robotsgallery.es\/fr\/wp-json\/wp\/v2\/types\/page"}],"author":[{"embeddable":true,"href":"https:\/\/www.robotsgallery.es\/fr\/wp-json\/wp\/v2\/users\/1"}],"replies":[{"embeddable":true,"href":"https:\/\/www.robotsgallery.es\/fr\/wp-json\/wp\/v2\/comments?post=3591"}],"version-history":[{"count":58,"href":"https:\/\/www.robotsgallery.es\/fr\/wp-json\/wp\/v2\/pages\/3591\/revisions"}],"predecessor-version":[{"id":3649,"href":"https:\/\/www.robotsgallery.es\/fr\/wp-json\/wp\/v2\/pages\/3591\/revisions\/3649"}],"wp:attachment":[{"href":"https:\/\/www.robotsgallery.es\/fr\/wp-json\/wp\/v2\/media?parent=3591"}],"curies":[{"name":"wp","href":"https:\/\/api.w.org\/{rel}","templated":true}]}}