{"id":3,"date":"2024-12-09T14:59:22","date_gmt":"2024-12-09T13:59:22","guid":{"rendered":"https:\/\/www.robotsgallery.es\/?page_id=3"},"modified":"2025-02-10T10:47:54","modified_gmt":"2025-02-10T09:47:54","slug":"politique-confidentialite","status":"publish","type":"page","link":"https:\/\/www.robotsgallery.es\/fr\/politique-confidentialite\/","title":{"rendered":"Politique de Confidentialit\u00e9"},"content":{"rendered":"<div data-elementor-type=\"wp-page\" data-elementor-id=\"3\" class=\"elementor elementor-3\" data-elementor-post-type=\"page\">\n\t\t\t\t<div class=\"elementor-element elementor-element-c16f0b3 e-flex e-con-boxed e-con e-parent\" data-id=\"c16f0b3\" data-element_type=\"container\" data-e-type=\"container\">\n\t\t\t\t\t<div class=\"e-con-inner\">\n\t\t\t\t<div class=\"elementor-element elementor-element-af99193 elementor-widget elementor-widget-heading\" data-id=\"af99193\" data-element_type=\"widget\" data-e-type=\"widget\" data-widget_type=\"heading.default\">\n\t\t\t\t\t<h1 class=\"elementor-heading-title elementor-size-default\">Politique de Confidentialit\u00e9<\/h1>\t\t\t\t<\/div>\n\t\t\t\t<div class=\"elementor-element elementor-element-27ac121 elementor-widget elementor-widget-text-editor\" data-id=\"27ac121\" data-element_type=\"widget\" data-e-type=\"widget\" data-no-translation=\"\" data-widget_type=\"text-editor.default\">\n\t\t\t\t\t<style>.elementor-element-27ac121{display:none !important}<\/style>\t\t\t\t<\/div>\n\t\t\t\t<div class=\"elementor-element elementor-element-5f01ceb elementor-widget elementor-widget-text-editor\" data-id=\"5f01ceb\" data-element_type=\"widget\" data-e-type=\"widget\" data-no-translation=\"\" data-widget_type=\"text-editor.default\">\n\t\t\t\t\t<style>.elementor-element-5f01ceb{display:none !important}<\/style>\t\t\t\t<\/div>\n\t\t\t\t<div class=\"elementor-element elementor-element-3010e9f elementor-widget elementor-widget-text-editor\" data-id=\"3010e9f\" data-element_type=\"widget\" data-e-type=\"widget\" data-no-translation=\"\" data-widget_type=\"text-editor.default\">\n\t\t\t\t\t\t\t\t\t<p>\u00a0<\/p><p><span style=\"font-family: arial, helvetica, sans-serif;\">Conform\u00e9ment \u00e0 la l\u00e9gislation en vigueur, Robots Gallery (ci-apr\u00e8s \u00e9galement le Site) s&#8217;engage \u00e0 adopter les mesures techniques et organisationnelles n\u00e9cessaires, en fonction du niveau de s\u00e9curit\u00e9 appropri\u00e9 au risque des donn\u00e9es collect\u00e9es.<\/span><\/p><h3 class=\"western\"><span style=\"font-family: arial, helvetica, sans-serif;\">Lois que cette politique de confidentialit\u00e9 int\u00e8gre<\/span><\/h3><p><span style=\"font-family: arial, helvetica, sans-serif;\">Cette politique de confidentialit\u00e9 est adapt\u00e9e \u00e0 la r\u00e9glementation espagnole et europ\u00e9enne en vigueur concernant la protection des donn\u00e9es personnelles sur Internet. Plus pr\u00e9cis\u00e9ment, il est conforme aux normes suivantes :<\/span><\/p><p><span style=\"font-family: arial, helvetica, sans-serif;\">R\u00e8glement (UE) 2016\/679 du Parlement europ\u00e9en et du Conseil du 27 avril 2016 relatif \u00e0 la protection des personnes physiques \u00e0 l&#8217;\u00e9gard du traitement des donn\u00e9es \u00e0 caract\u00e8re personnel et \u00e0 la libre circulation de ces donn\u00e9es (RGPD).<\/span><br \/><span style=\"font-family: arial, helvetica, sans-serif;\">Loi organique 3\/2018, du 5 d\u00e9cembre (Espagne), relative \u00e0 la protection des donn\u00e9es personnelles et \u00e0 la garantie des droits num\u00e9riques (LOPD-GDD).<\/span><br \/><span style=\"font-family: arial, helvetica, sans-serif;\">D\u00e9cret royal 1720\/2007, du 21 d\u00e9cembre (Espagne), qui approuve le R\u00e8glement pour le d\u00e9veloppement de la Loi Organique 15\/1999, du 13 d\u00e9cembre, sur la Protection des Donn\u00e9es Personnelles (RDLOPD).<\/span><br \/><span style=\"font-family: arial, helvetica, sans-serif;\">Loi 34\/2002, du 11 juillet (Espagne), Services de la Soci\u00e9t\u00e9 de l&#8217;Information et Commerce Electronique (LSSI-CE).<\/span><\/p><h3 class=\"western\"><span style=\"font-family: arial, helvetica, sans-serif;\">Identit\u00e9 du responsable du traitement des donn\u00e9es personnelles<\/span><\/h3><p><span style=\"font-family: arial, helvetica, sans-serif;\">Le responsable du traitement des donn\u00e9es personnelles collect\u00e9es dans Robots Gallery est : Robots Gallery SLU, avec NIF\/CIF : B95789988 et inscrit au Registre du Commerce de Biscaye,<\/span><br \/><span style=\"font-family: arial, helvetica, sans-serif;\">Tome 5515, folio 8, entr\u00e9e 1 avec page BI-65593, dont le repr\u00e9sentant est : Jos\u00e9 Antonio Gay Mar\u00edn (ci-apr\u00e8s, Responsable du traitement). Leurs coordonn\u00e9es sont les suivantes :<\/span><\/p><ul><li><p><span style=\"font-family: arial, helvetica, sans-serif;\">Adresse : c\/Henao n\u00ba 14 2\u00ba izda., 48009 Bilbao, Bizkaia, Espagne<\/span><\/p><\/li><li><p><span style=\"font-family: arial, helvetica, sans-serif;\">Num\u00e9ro de t\u00e9l\u00e9phone de contact : +34 677 59 59 41<br \/><\/span><\/p><\/li><li><p><span style=\"font-family: arial, helvetica, sans-serif;\">Courriel de contact : info@robotsgallery.es<\/span><\/p><\/li><\/ul><h3 class=\"western\"><span style=\"font-family: arial, helvetica, sans-serif;\">Registre des donn\u00e9es personnelles<\/span><\/h3><p><span style=\"font-family: arial, helvetica, sans-serif;\">Conform\u00e9ment aux dispositions du RGPD et de la LOPD-GDD, nous vous informons que les donn\u00e9es personnelles collect\u00e9es par Robots Gallery, via les formulaires de ses pages, seront incorpor\u00e9es et trait\u00e9es dans notre fichier afin de faciliter, acc\u00e9l\u00e9rer et remplir les engagements \u00e9tablis entre Robots Gallery et l&#8217;Utilisateur ou le maintien de la relation \u00e9tablie dans les formulaires que l&#8217;Utilisateur remplit, ou pour r\u00e9pondre \u00e0 une demande ou une requ\u00eate de l&#8217;Utilisateur. De m\u00eame, conform\u00e9ment aux dispositions du RGPD et de la LOPD-GDD, sauf si l&#8217;exception pr\u00e9vue \u00e0 l&#8217;article 30.5 du RGPD est applicable, un registre des activit\u00e9s de traitement est conserv\u00e9 qui pr\u00e9cise, en fonction de leurs finalit\u00e9s, les activit\u00e9s de traitement effectu\u00e9es et les autres circonstances \u00e9tablies dans le RGPD.<\/span><\/p><h3 class=\"western\"><span style=\"font-family: arial, helvetica, sans-serif;\">Principes applicables au traitement des donn\u00e9es personnelles<\/span><\/h3><p><span style=\"font-family: arial, helvetica, sans-serif;\">Le traitement des donn\u00e9es personnelles de l&#8217;Utilisateur sera soumis aux principes suivants \u00e9nonc\u00e9s \u00e0 l&#8217;article 5 du RGPD et \u00e0 l&#8217;article 4 et suivants de la loi organique 3\/2018, du 5 d\u00e9cembre, sur la protection des donn\u00e9es personnelles et la garantie des droits num\u00e9riques :<\/span><\/p><p><span style=\"font-family: arial, helvetica, sans-serif;\">Principe de l\u00e9galit\u00e9, de loyaut\u00e9 et de transparence : le consentement de l&#8217;Utilisateur sera requis \u00e0 tout moment apr\u00e8s avoir \u00e9t\u00e9 pleinement inform\u00e9 des finalit\u00e9s pour lesquelles les donn\u00e9es personnelles sont collect\u00e9es.<\/span><\/p><p><span style=\"font-family: arial, helvetica, sans-serif;\">Principe de limitation des finalit\u00e9s : les donn\u00e9es personnelles seront collect\u00e9es pour des finalit\u00e9s d\u00e9termin\u00e9es, explicites et l\u00e9gitimes.<\/span><\/p><p><span style=\"font-family: arial, helvetica, sans-serif;\">Principe de minimisation des donn\u00e9es : seules les donn\u00e9es personnelles collect\u00e9es seront celles strictement n\u00e9cessaires au regard des finalit\u00e9s pour lesquelles elles sont trait\u00e9es.<\/span><\/p><p><span style=\"font-family: arial, helvetica, sans-serif;\">Principe d\u2019exactitude : les donn\u00e9es personnelles doivent \u00eatre exactes et toujours \u00e0 jour.<\/span><\/p><p><span style=\"font-family: arial, helvetica, sans-serif;\">Principe de limitation de la dur\u00e9e de conservation : les donn\u00e9es personnelles ne seront conserv\u00e9es que sous une forme permettant l\u2019identification de l\u2019Utilisateur pendant la dur\u00e9e n\u00e9cessaire aux finalit\u00e9s de leur traitement.<\/span><\/p><p><span style=\"font-family: arial, helvetica, sans-serif;\">Principe d&#8217;int\u00e9grit\u00e9 et de confidentialit\u00e9 : les donn\u00e9es personnelles seront trait\u00e9es de mani\u00e8re \u00e0 garantir leur s\u00e9curit\u00e9 et leur confidentialit\u00e9.<\/span><\/p><p><span style=\"font-family: arial, helvetica, sans-serif;\">Principe de responsabilit\u00e9 proactive : Le responsable du traitement des donn\u00e9es est responsable de veiller \u00e0 ce que les principes ci-dessus soient respect\u00e9s.<\/span><\/p><h3 class=\"western\"><span style=\"font-family: arial, helvetica, sans-serif;\">Cat\u00e9gories de donn\u00e9es personnelles<\/span><\/h3><p><span style=\"font-family: arial, helvetica, sans-serif;\">Les cat\u00e9gories de donn\u00e9es trait\u00e9es dans Robots Gallery sont uniquement des donn\u00e9es identifiantes. En aucun cas, des cat\u00e9gories particuli\u00e8res de donn\u00e9es personnelles ne seront trait\u00e9es au sens de l\u2019article 9 du RGPD.<\/span><\/p><h3 class=\"western\"><span style=\"font-family: arial, helvetica, sans-serif;\">Base juridique du traitement des donn\u00e9es personnelles<\/span><\/h3><p><span style=\"font-family: arial, helvetica, sans-serif;\">La base juridique du traitement des donn\u00e9es personnelles est le consentement. Robots Gallery s&#8217;engage \u00e0 obtenir le consentement expr\u00e8s et v\u00e9rifiable de l&#8217;Utilisateur pour le traitement de ses donn\u00e9es personnelles pour une ou plusieurs finalit\u00e9s sp\u00e9cifiques.<\/span><\/p><p><span style=\"font-family: arial, helvetica, sans-serif;\">L&#8217;Utilisateur a le droit de retirer son consentement \u00e0 tout moment. Il sera aussi facile de retirer son consentement que de le donner. En r\u00e8gle g\u00e9n\u00e9rale, le retrait du consentement n\u2019affectera pas l\u2019utilisation du site Web.<\/span><\/p><p><span style=\"font-family: arial, helvetica, sans-serif;\">Dans les cas o\u00f9 l&#8217;Utilisateur doit ou peut fournir ses donn\u00e9es via des formulaires pour effectuer des consultations, demander des informations ou pour des raisons li\u00e9es au contenu du Site Web, il sera inform\u00e9 si le remplissage de l&#8217;un d&#8217;entre eux est obligatoire car ils sont indispensables au bon d\u00e9roulement de l&#8217;op\u00e9ration effectu\u00e9e.<\/span><\/p><h3 class=\"western\"><span style=\"font-family: arial, helvetica, sans-serif;\">Finalit\u00e9s du traitement des donn\u00e9es personnelles<\/span><\/h3><p><span style=\"font-family: arial, helvetica, sans-serif;\">Les donn\u00e9es personnelles sont collect\u00e9es et g\u00e9r\u00e9es par Robots Gallery afin de faciliter, d&#8217;acc\u00e9l\u00e9rer et de respecter les engagements \u00e9tablis entre le Site Web et l&#8217;Utilisateur ou de maintenir la relation \u00e9tablie dans les formulaires que ce dernier remplit ou de r\u00e9pondre \u00e0 une demande ou une requ\u00eate.<\/span><\/p><p><span style=\"font-family: arial, helvetica, sans-serif;\">De m\u00eame, les donn\u00e9es peuvent \u00eatre utilis\u00e9es \u00e0 des fins commerciales de personnalisation, d&#8217;exploitation et de statistiques, et d&#8217;activit\u00e9s li\u00e9es \u00e0 l&#8217;objet social de Robots Gallery, ainsi que pour l&#8217;extraction,<\/span><br \/><span style=\"font-family: arial, helvetica, sans-serif;\">stockage de donn\u00e9es et \u00e9tudes de marketing pour adapter le Contenu propos\u00e9 \u00e0 l&#8217;Utilisateur, ainsi que pour am\u00e9liorer la qualit\u00e9, le fonctionnement et la navigation du Site Web.<\/span><br \/><span style=\"font-family: arial, helvetica, sans-serif;\">Au moment de l&#8217;obtention des donn\u00e9es personnelles, l&#8217;Utilisateur sera inform\u00e9 de la ou des finalit\u00e9s sp\u00e9cifiques pour lesquelles les donn\u00e9es personnelles seront trait\u00e9es ; c&#8217;est-\u00e0-dire l&#8217;usage ou les usages qui seront donn\u00e9s aux informations collect\u00e9es.<\/span><\/p><h3 class=\"western\"><span style=\"font-family: arial, helvetica, sans-serif;\">Dur\u00e9es de conservation des donn\u00e9es personnelles<\/span><\/h3><p><span style=\"font-family: arial, helvetica, sans-serif;\">Les donn\u00e9es personnelles ne seront conserv\u00e9es que pendant la dur\u00e9e minimale n\u00e9cessaire aux finalit\u00e9s de leur traitement et, en tout \u00e9tat de cause, uniquement pendant la p\u00e9riode suivante : 24 mois, ou jusqu&#8217;\u00e0 ce que l&#8217;Utilisateur demande leur suppression.<\/span><\/p><h3 class=\"western\"><span style=\"font-family: arial, helvetica, sans-serif;\">Destinataires des donn\u00e9es personnelles<\/span><\/h3><p><span style=\"font-family: arial, helvetica, sans-serif;\">Les donn\u00e9es personnelles de l&#8217;Utilisateur ne seront pas partag\u00e9es avec des tiers. Le cas \u00e9ch\u00e9ant, au moment de l&#8217;obtention des donn\u00e9es personnelles, l&#8217;Utilisateur sera inform\u00e9 des destinataires ou des cat\u00e9gories de destinataires des donn\u00e9es personnelles s&#8217;ils sont autres que le responsable du traitement, et elles ne seront partag\u00e9es qu&#8217;avec le consentement explicite de l&#8217;Utilisateur.<\/span><\/p><h3 class=\"western\"><span style=\"font-family: arial, helvetica, sans-serif;\">Donn\u00e9es personnelles des mineurs<\/span><\/h3><p><span style=\"font-family: arial, helvetica, sans-serif;\">Conform\u00e9ment aux dispositions des articles 8 du RGPD et 7 de la loi organique 3\/2018 du 5 d\u00e9cembre sur la protection des donn\u00e9es personnelles et la garantie des droits num\u00e9riques, seules les personnes \u00e2g\u00e9es de plus de 14 ans peuvent donner leur consentement au traitement licite de leurs donn\u00e9es personnelles par Robots Gallery. Si la personne concern\u00e9e a moins de 14 ans, le consentement des parents ou des tuteurs sera requis pour le traitement, et celui-ci ne sera consid\u00e9r\u00e9 comme licite que dans la mesure o\u00f9 ils l&#8217;ont autoris\u00e9.<\/span><\/p><h3 class=\"western\"><span style=\"font-family: arial, helvetica, sans-serif;\">Confidentialit\u00e9 et s\u00e9curit\u00e9 des donn\u00e9es personnelles<\/span><\/h3><p><span style=\"font-family: arial, helvetica, sans-serif;\">Robots Gallery s&#8217;engage \u00e0 adopter les mesures techniques et organisationnelles n\u00e9cessaires, selon le niveau de s\u00e9curit\u00e9 appropri\u00e9 au risque des donn\u00e9es collect\u00e9es, afin de garantir la s\u00e9curit\u00e9 des donn\u00e9es personnelles et d&#8217;emp\u00eacher la destruction, la perte ou l&#8217;alt\u00e9ration accidentelle ou illicite des donn\u00e9es personnelles transmises, stock\u00e9es ou trait\u00e9es d&#8217;une autre mani\u00e8re, ou la communication ou l&#8217;acc\u00e8s non autoris\u00e9 \u00e0 ces donn\u00e9es.<\/span><\/p><p><span style=\"font-family: arial, helvetica, sans-serif;\">Le Site dispose d&#8217;un certificat SSL (Secure Socket Layer), qui garantit que les donn\u00e9es personnelles sont transmises de mani\u00e8re s\u00e9curis\u00e9e et confidentielle, car la transmission des donn\u00e9es entre le serveur et l&#8217;Utilisateur, et en retour, est enti\u00e8rement crypt\u00e9e.<\/span><\/p><p><span style=\"font-family: arial, helvetica, sans-serif;\">Toutefois, Robots Gallery ne pouvant garantir l&#8217;impr\u00e9gnation d&#8217;Internet ni l&#8217;absence totale de pirates informatiques ou autres acc\u00e9dant frauduleusement aux donn\u00e9es personnelles, le Responsable du traitement s&#8217;engage \u00e0 informer l&#8217;Utilisateur sans retard injustifi\u00e9 lorsqu&#8217;une violation de la s\u00e9curit\u00e9 des donn\u00e9es personnelles survient susceptible d&#8217;entra\u00eener un risque \u00e9lev\u00e9 pour les droits et libert\u00e9s des personnes physiques. Conform\u00e9ment \u00e0 l\u2019article 4 du RGPD, une violation de donn\u00e9es personnelles est toute violation de la s\u00e9curit\u00e9 entra\u00eenant la destruction, la perte, l\u2019alt\u00e9ration, la divulgation non autoris\u00e9e ou l\u2019acc\u00e8s accidentel ou illicite \u00e0 des donn\u00e9es personnelles transmises, stock\u00e9es ou trait\u00e9es d\u2019une autre mani\u00e8re.<\/span><\/p><p><span style=\"font-family: arial, helvetica, sans-serif;\">Les donn\u00e9es personnelles seront trait\u00e9es de mani\u00e8re confidentielle par le Responsable du traitement, qui s&#8217;engage \u00e0 informer et \u00e0 garantir au moyen d&#8217;une obligation l\u00e9gale ou contractuelle queCette confidentialit\u00e9 est respect\u00e9e par ses employ\u00e9s, ses collaborateurs et toute personne \u00e0 qui elle rend l\u2019information accessible.<\/span><\/p><h3 class=\"western\"><span style=\"font-family: arial, helvetica, sans-serif;\">Droits d\u00e9coulant du traitement des donn\u00e9es personnelles<\/span><\/h3><p><span style=\"font-family: arial, helvetica, sans-serif;\">L&#8217;Utilisateur dispose de la propri\u00e9t\u00e9 de Robots Gallery et peut donc exercer les droits suivants reconnus dans le RGPD et la loi organique 3\/2018 du 5 d\u00e9cembre sur la protection des donn\u00e9es personnelles et la garantie des droits num\u00e9riques contre le Responsable du traitement :<\/span><\/p><ul><li><p><span style=\"font-family: arial, helvetica, sans-serif;\">Droit d&#8217;acc\u00e8s : Il s&#8217;agit du droit de l&#8217;Utilisateur d&#8217;obtenir la confirmation que Robots Gallery traite ou non ses donn\u00e9es personnelles et, le cas \u00e9ch\u00e9ant, d&#8217;obtenir des informations sur ses donn\u00e9es personnelles sp\u00e9cifiques et sur le traitement que Robots Gallery a effectu\u00e9 ou effectue, ainsi que, entre autres, les informations disponibles sur l&#8217;origine de ces donn\u00e9es et les destinataires des communications effectu\u00e9es ou pr\u00e9vues \u00e0 leur \u00e9gard.<\/span><\/p><\/li><li><p><span style=\"font-family: arial, helvetica, sans-serif;\">Droit de rectification : Il s\u2019agit du droit de l\u2019Utilisateur d\u2019obtenir la modification de ses donn\u00e9es personnelles si celles-ci s\u2019av\u00e8rent inexactes ou, compte tenu des finalit\u00e9s du traitement, incompl\u00e8tes.<\/span><\/p><\/li><li><p><span style=\"font-family: arial, helvetica, sans-serif;\">Droit \u00e0 l&#8217;effacement (droit \u00e0 l&#8217;oubli) : Il s&#8217;agit du droit de l&#8217;Utilisateur, sauf si la l\u00e9gislation en vigueur dispose autrement, d&#8217;obtenir l&#8217;effacement de ses donn\u00e9es personnelles lorsque celles-ci ne sont plus n\u00e9cessaires au regard des finalit\u00e9s pour lesquelles elles ont \u00e9t\u00e9 collect\u00e9es ou trait\u00e9es ; l&#8217;Utilisateur a retir\u00e9 son consentement au traitement et il n&#8217;existe aucune autre base juridique pour cela ; l\u2019Utilisateur s\u2019oppose au traitement et il n\u2019existe aucune autre raison l\u00e9gitime de le poursuivre ; les donn\u00e9es personnelles ont \u00e9t\u00e9 trait\u00e9es ill\u00e9galement ; les donn\u00e9es personnelles doivent \u00eatre supprim\u00e9es conform\u00e9ment \u00e0 une obligation l\u00e9gale ; ou les donn\u00e9es personnelles ont \u00e9t\u00e9 obtenues \u00e0 la suite d\u2019une offre directe de services de la soci\u00e9t\u00e9 de l\u2019information \u00e0 un mineur de moins de 14 ans. Outre la suppression des donn\u00e9es, le Responsable du traitement, compte tenu de la technologie disponible et du co\u00fbt de sa mise en \u0153uvre, doit prendre des mesures raisonnables pour informer les responsables du traitement des donn\u00e9es.<\/span><br \/><span style=\"font-family: arial, helvetica, sans-serif;\">donn\u00e9es personnelles suite \u00e0 la demande de la personne concern\u00e9e de supprimer tout lien vers ces donn\u00e9es personnelles.<\/span><\/p><\/li><li><p><span style=\"font-family: arial, helvetica, sans-serif;\">Droit \u00e0 la limitation du traitement : Il s\u2019agit du droit de l\u2019Utilisateur de limiter le traitement de ses donn\u00e9es personnelles. L&#8217;Utilisateur a le droit d&#8217;obtenir la limitation du traitement lorsqu&#8217;il conteste l&#8217;exactitude de ses donn\u00e9es personnelles ; le traitement est ill\u00e9gal ; le Responsable du traitement n\u2019a plus besoin des donn\u00e9es personnelles, mais l\u2019Utilisateur en a besoin pour formuler des r\u00e9clamations ; et lorsque l\u2019Utilisateur s\u2019est oppos\u00e9 au traitement.<\/span><\/p><\/li><li><p><span style=\"font-family: arial, helvetica, sans-serif;\">Droit \u00e0 la portabilit\u00e9 des donn\u00e9es : Dans le cas o\u00f9 le traitement est effectu\u00e9 \u00e0 l&#8217;aide de moyens automatis\u00e9s, l&#8217;Utilisateur a le droit de recevoir du Responsable du traitement ses donn\u00e9es personnelles dans un format structur\u00e9, couramment utilis\u00e9 et lisible par machine, et de les transmettre \u00e0 un autre responsable du traitement. Chaque fois que cela est techniquement possible, le responsable du traitement transmettra les donn\u00e9es directement \u00e0 cet autre responsable du traitement.<\/span><\/p><\/li><li><p><span style=\"font-family: arial, helvetica, sans-serif;\">Droit d&#8217;opposition : Il s&#8217;agit du droit de l&#8217;Utilisateur d&#8217;emp\u00eacher le traitement de ses donn\u00e9es personnelles ou de faire cesser le traitement de ses donn\u00e9es personnelles par Robots Gallery.<\/span><\/p><\/li><li><p><span style=\"font-family: arial, helvetica, sans-serif;\">Droit de ne pas faire l&#8217;objet d&#8217;une d\u00e9cision fond\u00e9e uniquement sur un traitement automatis\u00e9, y compris le profilage : Il s&#8217;agit du droit de l&#8217;Utilisateur de ne pas faire l&#8217;objet d&#8217;une d\u00e9cision individualis\u00e9e fond\u00e9e uniquement sur un traitement automatis\u00e9 de ses donn\u00e9es personnelles, y compris le profilage, sauf disposition contraire de la l\u00e9gislation en vigueur.<\/span><\/p><\/li><\/ul><p><span style=\"font-family: arial, helvetica, sans-serif;\">Par cons\u00e9quent, l&#8217;Utilisateur peut exercer ses droits au moyen d&#8217;une communication \u00e9crite adress\u00e9e au Responsable du traitement avec la r\u00e9f\u00e9rence \u00ab RGPD-www.robotsgallery.es (et .com) \u00bb, en pr\u00e9cisant :<\/span><\/p><ul><li><p><span style=\"font-family: arial, helvetica, sans-serif;\">Nom, pr\u00e9nom de l&#8217;Utilisateur et copie de la pi\u00e8ce d&#8217;identit\u00e9. Dans les cas o\u00f9 la repr\u00e9sentation est autoris\u00e9e, l&#8217;identification par le m\u00eame moyen de la personne repr\u00e9sentant l&#8217;Utilisateur sera \u00e9galement requise, ainsi que le document prouvant la repr\u00e9sentation. La photocopie de la carte d&#8217;identit\u00e9 peut \u00eatre remplac\u00e9e par tout autre moyen juridiquement valable de preuve d&#8217;identit\u00e9.<\/span><\/p><\/li><li><p><span style=\"font-family: arial, helvetica, sans-serif;\">Demande avec les motifs sp\u00e9cifiques de la demande ou les informations auxquelles vous souhaitez acc\u00e9der.<\/span><\/p><\/li><li><p><span style=\"font-family: arial, helvetica, sans-serif;\">Adresse pour les notifications.<\/span><\/p><\/li><li><p><span style=\"font-family: arial, helvetica, sans-serif;\">Date et signature du demandeur.<\/span><\/p><\/li><li><p><span style=\"font-family: arial, helvetica, sans-serif;\">Tout document qui appuie la demande que vous faites.<\/span><\/p><\/li><\/ul><p><span style=\"font-family: arial, helvetica, sans-serif;\">Cette demande et tout autre document joint peuvent \u00eatre envoy\u00e9s \u00e0 l&#8217;adresse et\/ou par courrier \u00e9lectronique suivants :<\/span><\/p><p><span style=\"font-family: arial, helvetica, sans-serif;\">Adresse postale : c\/Henao n\u00ba 14 2\u00ba izda., 48009 Bilbao, Bizkaia, Espagne<\/span><br \/><span style=\"font-family: arial, helvetica, sans-serif;\">Courriel : info@robotsgallery.es<\/span><\/p><h3 class=\"western\"><span style=\"font-family: arial, helvetica, sans-serif;\">Liens vers des sites Web tiers<\/span><\/h3><p><span style=\"font-family: arial, helvetica, sans-serif;\">Le site Web peut inclure des hyperliens ou des liens permettant l&#8217;acc\u00e8s \u00e0 des pages Web de tiers autres que Robots Gallery, et qui ne sont donc pas exploit\u00e9s par Robots Gallery. Les propri\u00e9taires de ces sites Web auront leurs propres politiques de protection des donn\u00e9es et seront eux-m\u00eames responsables, dans chaque cas, de leurs propres fichiers et de leurs propres pratiques de confidentialit\u00e9.<\/span><\/p><h3 class=\"western\"><span style=\"font-family: arial, helvetica, sans-serif;\">Plaintes aupr\u00e8s de l&#8217;autorit\u00e9 de contr\u00f4le<\/span><\/h3><p><span style=\"font-family: arial, helvetica, sans-serif;\">Dans le cas o\u00f9 l&#8217;Utilisateur consid\u00e8re qu&#8217;il existe un probl\u00e8me ou une violation de la r\u00e9glementation en vigueur dans la mani\u00e8re dont ses donn\u00e9es personnelles sont trait\u00e9es, il aura le droit \u00e0 une protection juridictionnelle effective et \u00e0 d\u00e9poser une r\u00e9clamation aupr\u00e8s d&#8217;une autorit\u00e9 de contr\u00f4le, notamment dans l&#8217;\u00c9tat dans lequel il a sa r\u00e9sidence habituelle, son lieu de travail ou le lieu de la violation pr\u00e9sum\u00e9e. Dans le cas de l&#8217;Espagne, l&#8217;autorit\u00e9 de contr\u00f4le est l&#8217;Agence espagnole de protection des donn\u00e9es (https:\/\/www.aepd.es\/).<\/span><\/p>\t\t\t\t\t\t\t\t<\/div>\n\t\t\t\t\t<\/div>\n\t\t\t\t<\/div>\n\t\t\t\t<\/div>","protected":false},"excerpt":{"rendered":"<p>Pol\u00edtica de Privacidad \u00a0 Respetando lo establecido en la legislaci\u00f3n vigente, Robots Gallery (en adelante, tambi\u00e9n Sitio Web) se compromete a adoptar las medidas t\u00e9cnicas y organizativas necesarias, seg\u00fan el nivel de seguridad adecuado al riesgo de los datos recogidos. Leyes que incorpora esta pol\u00edtica de privacidad Esta pol\u00edtica de privacidad est\u00e1 adaptada a la [&hellip;]<\/p>\n","protected":false},"author":1,"featured_media":0,"parent":0,"menu_order":0,"comment_status":"closed","ping_status":"closed","template":"","meta":{"_seopress_robots_primary_cat":"","_seopress_titles_title":"","_seopress_titles_desc":"","_seopress_robots_index":"yes","footnotes":""},"class_list":["post-3","page","type-page","status-publish","hentry"],"_links":{"self":[{"href":"https:\/\/www.robotsgallery.es\/fr\/wp-json\/wp\/v2\/pages\/3","targetHints":{"allow":["GET"]}}],"collection":[{"href":"https:\/\/www.robotsgallery.es\/fr\/wp-json\/wp\/v2\/pages"}],"about":[{"href":"https:\/\/www.robotsgallery.es\/fr\/wp-json\/wp\/v2\/types\/page"}],"author":[{"embeddable":true,"href":"https:\/\/www.robotsgallery.es\/fr\/wp-json\/wp\/v2\/users\/1"}],"replies":[{"embeddable":true,"href":"https:\/\/www.robotsgallery.es\/fr\/wp-json\/wp\/v2\/comments?post=3"}],"version-history":[{"count":55,"href":"https:\/\/www.robotsgallery.es\/fr\/wp-json\/wp\/v2\/pages\/3\/revisions"}],"predecessor-version":[{"id":2656,"href":"https:\/\/www.robotsgallery.es\/fr\/wp-json\/wp\/v2\/pages\/3\/revisions\/2656"}],"wp:attachment":[{"href":"https:\/\/www.robotsgallery.es\/fr\/wp-json\/wp\/v2\/media?parent=3"}],"curies":[{"name":"wp","href":"https:\/\/api.w.org\/{rel}","templated":true}]}}