{"id":2129,"date":"2025-01-30T10:39:18","date_gmt":"2025-01-30T09:39:18","guid":{"rendered":"https:\/\/www.robotsgallery.es\/?page_id=2129"},"modified":"2025-08-18T17:27:56","modified_gmt":"2025-08-18T15:27:56","slug":"choisir-robot-usage","status":"publish","type":"page","link":"https:\/\/www.robotsgallery.es\/fr\/choisir-robot-usage\/","title":{"rendered":"Choisir un robot usag\u00e9"},"content":{"rendered":"<div data-elementor-type=\"wp-page\" data-elementor-id=\"2129\" class=\"elementor elementor-2129\" data-elementor-post-type=\"page\">\n\t\t\t\t<div class=\"elementor-element elementor-element-1976533 e-flex e-con-boxed e-con e-parent\" data-id=\"1976533\" data-element_type=\"container\" data-e-type=\"container\">\n\t\t\t\t\t<div class=\"e-con-inner\">\n\t\t\t\t<div class=\"elementor-element elementor-element-4538cc6 elementor-widget__width-auto elementor-widget elementor-widget-heading\" data-id=\"4538cc6\" data-element_type=\"widget\" data-e-type=\"widget\" data-widget_type=\"heading.default\">\n\t\t\t\t\t<h1 class=\"elementor-heading-title elementor-size-default\">Choisir un robot usag\u00e9<\/h1>\t\t\t\t<\/div>\n\t\t\t\t\t<\/div>\n\t\t\t\t<\/div>\n\t\t<div class=\"elementor-element elementor-element-93d10dd e-con-full e-flex e-con e-parent\" data-id=\"93d10dd\" data-element_type=\"container\" data-e-type=\"container\">\n\t\t\t\t<div class=\"elementor-element elementor-element-79b2da2 elementor-widget__width-initial elementor-widget elementor-widget-text-editor\" data-id=\"79b2da2\" data-element_type=\"widget\" data-e-type=\"widget\" data-widget_type=\"text-editor.default\">\n\t\t\t\t\t\t\t\t\t<p>Elle ne se consacre pas \u00e0 l\u2019int\u00e9gration de syst\u00e8mes robotiques sinon qu\u2019elle centre son travail dans la vente de robots industriels d\u2019occasion dans le monde entier. C\u2019est pour cela que nous pouvons vous aider dans l\u2019\u00e9lection des robots industriels de seconde main qui s\u2019adaptent le mieux \u00e0 vos besoins, toujours parmi les marques majoritairement utilis\u00e9s, comme ABB, KUKA, Fanuc, Yaskawa Motoman et Kawasaki, entre autres.<\/p><p>Cependant ayez en compte que beaucoup de nos clients si sont int\u00e9grateurs de syst\u00e8mes robotiques. Cela nous permet de vous mettre en contact avec d\u2019autres clients qui cherchent l\u2019int\u00e9grateur qui mieux s\u2019adapte \u00e0 ses besoins, dans son propre pays. Si c\u2019est votre cas, contactez-nous. Nous connaissons l\u2019int\u00e9grateur de syst\u00e8mes robotiques dont vous avez besoin. Parfois nos clients sont ceux du robot ou du syst\u00e8me robotique et eux-m\u00eames assument l\u2019int\u00e9gration totale ou partiale de la machine dans son processus productif. De cette mani\u00e8re, la connaissance sur le fonctionnement du robot industriel leur permet de d\u00e9couvrir de nouvelles possibilit\u00e9s d\u2019automatisation dans leur propre processus qui peuvent \u00eatre int\u00e9grer avec le temps.<\/p><p>Des facteurs tels que la vitesse des mouvements, la pr\u00e9cision, la r\u00e9p\u00e9titivit\u00e9, la port\u00e9e du bras, le poids \u00e0 lever, la taille, etc., conditionnent ce choix. Et cela sans oublier les importants co\u00fbts d\u2019acquisition et d\u2019entretien.<\/p><p>L\u2019acquisition de robots industriels usag\u00e9s peut entra\u00eener jusqu\u2019\u00e0 une \u00e9conomie de 60% par rapport \u00e0 l\u2019achat d\u2019un robot neuf, avec un retour de l\u2019investissement en plus ou moins 18 mois.<\/p>\t\t\t\t\t\t\t\t<\/div>\n\t\t\t\t<div class=\"elementor-element elementor-element-5706ef8 elementor-widget__width-initial elementor-widget elementor-widget-image\" data-id=\"5706ef8\" data-element_type=\"widget\" data-e-type=\"widget\" data-widget_type=\"image.default\">\n\t\t\t\t\t\t\t\t\t\t\t\t\t\t\t<img fetchpriority=\"high\" decoding=\"async\" width=\"400\" height=\"533\" src=\"https:\/\/www.robotsgallery.es\/wp-content\/uploads\/2025\/01\/elegirUsado01.webp\" class=\"attachment-large size-large wp-image-2138\" alt=\"Robot usado\" srcset=\"https:\/\/www.robotsgallery.es\/wp-content\/uploads\/2025\/01\/elegirUsado01.webp 400w, https:\/\/www.robotsgallery.es\/wp-content\/uploads\/2025\/01\/elegirUsado01-225x300.webp 225w, https:\/\/www.robotsgallery.es\/wp-content\/uploads\/2025\/01\/elegirUsado01-9x12.webp 9w\" sizes=\"(max-width: 400px) 100vw, 400px\" \/>\t\t\t\t\t\t\t\t\t\t\t\t\t\t\t<\/div>\n\t\t\t\t<\/div>\n\t\t<div class=\"elementor-element elementor-element-0cb3813 e-flex e-con-boxed e-con e-parent\" data-id=\"0cb3813\" data-element_type=\"container\" data-e-type=\"container\">\n\t\t\t\t\t<div class=\"e-con-inner\">\n\t\t\t\t<div class=\"elementor-element elementor-element-1630029 elementor-widget elementor-widget-text-editor\" data-id=\"1630029\" data-element_type=\"widget\" data-e-type=\"widget\" data-widget_type=\"text-editor.default\">\n\t\t\t\t\t\t\t\t\t<p>\u00c0 tenir en compte:<\/p>\t\t\t\t\t\t\t\t<\/div>\n\t\t\t\t\t<\/div>\n\t\t\t\t<\/div>\n\t\t<div class=\"elementor-element elementor-element-46e5d2a e-flex e-con-boxed e-con e-parent\" data-id=\"46e5d2a\" data-element_type=\"container\" data-e-type=\"container\">\n\t\t\t\t\t<div class=\"e-con-inner\">\n\t\t\t\t<div class=\"elementor-element elementor-element-14b57ea elementor-widget elementor-widget-text-editor\" data-id=\"14b57ea\" data-element_type=\"widget\" data-e-type=\"widget\" data-widget_type=\"text-editor.default\">\n\t\t\t\t\t\t\t\t\t<ul><li>Toujours v\u00e9rifier qu\u2019une garantie est fournisse avec la vente du robot. Nous, depuis Robots Gallery, nous vous assurons une garantie en pi\u00e8ces de 6 mois.<\/li><\/ul><ul><li>Fonctionnement du robot. Robots Gallery, lors des tests des robots, enregistre et envoie \u00e0 chaque client une vid\u00e9o dans laquelle on peut voir le bon fonctionnement de chacun des robots.<\/li><\/ul>\t\t\t\t\t\t\t\t<\/div>\n\t\t\t\t\t<\/div>\n\t\t\t\t<\/div>\n\t\t<div class=\"elementor-element elementor-element-37b8153 e-flex e-con-boxed e-con e-parent\" data-id=\"37b8153\" data-element_type=\"container\" data-e-type=\"container\">\n\t\t\t\t\t<div class=\"e-con-inner\">\n\t\t\t\t<div class=\"elementor-element elementor-element-144a552 elementor-widget__width-auto elementor-widget elementor-widget-text-editor\" data-id=\"144a552\" data-element_type=\"widget\" data-e-type=\"widget\" data-widget_type=\"text-editor.default\">\n\t\t\t\t\t\t\t\t\t<p>Communication directe avec le client<\/p>\t\t\t\t\t\t\t\t<\/div>\n\t\t\t\t<div class=\"elementor-element elementor-element-3923867 elementor-widget elementor-widget-text-editor\" data-id=\"3923867\" data-element_type=\"widget\" data-e-type=\"widget\" data-widget_type=\"text-editor.default\">\n\t\t\t\t\t\t\t\t\t<p>En revanche, Robots Gallery offre une communication directe avec le client pour lui trouver le robot industriel d\u2019occasion que mieux s\u2019addapte \u00e0 ses besoins et son budget.<\/p><ul><li>Acheter un robot en ligne ou aux ench\u00e8res. Vous pouvez trouver de bonnes affaires en ligne, mais parfois vous constaterez que le robot ne fonctionne m\u00eame pas, il manque des pi\u00e8ces. De plus, il y a un manque d\u2019informations sur l\u2019utilisation ant\u00e9rieure du robot et sur son entretien. Robots Gallery assure une communication directe avec le client pour obtenir un robot qui correspond le mieux aux besoins et au budget de chaque client.<\/li><li>Essayez de ne pas acheter un robot \u00ab tel qu\u2019il est \u00bb. Ayez en compte que nous parlons d\u2019une politique de vente chaque jour plus entendue, dans laquelle on ne garantit pas que le robot industriel usag\u00e9 fonctionne ou qu\u2019il soit complet. Robots Gallery dispose de techniciens sp\u00e9cialis\u00e9s avec une haute qualification et une grande exp\u00e9rience dans le secteur de la robotique industrielle. C\u2019est ainsi que nous pouvons offrir des robots industriels de seconde main r\u00e9vis\u00e9s et \u00e0 un tr\u00e8s bon prix.<\/li><li>Confirmez qu\u2019un support technique est fourni. C\u2019est important de conna\u00eetre le support technique offert pour les robots industriels usag\u00e9s. Comme Robots Gallery est en contact avec de nombreux int\u00e9grateurs de syst\u00e8mes robotiques, il peut vous fournir des contacts dans votre zone ou pays pour qu\u2019ils exercent de collaborateurs et puissent vous faire de support face \u00e0 l\u2019int\u00e9gration du robot.<\/li><\/ul>\t\t\t\t\t\t\t\t<\/div>\n\t\t\t\t\t<\/div>\n\t\t\t\t<\/div>\n\t\t<div class=\"elementor-element elementor-element-7172ce5 e-flex e-con-boxed e-con e-parent\" data-id=\"7172ce5\" data-element_type=\"container\" data-e-type=\"container\">\n\t\t\t\t\t<div class=\"e-con-inner\">\n\t\t<div class=\"elementor-element elementor-element-3b79477 e-con-full e-flex e-con e-child\" data-id=\"3b79477\" data-element_type=\"container\" data-e-type=\"container\">\n\t\t\t\t<div class=\"elementor-element elementor-element-e4e5ea5 elementor-widget elementor-widget-image\" data-id=\"e4e5ea5\" data-element_type=\"widget\" data-e-type=\"widget\" data-widget_type=\"image.default\">\n\t\t\t\t\t\t\t\t\t\t\t\t\t\t\t<img alt=\"\" decoding=\"async\" width=\"550\" height=\"413\" src=\"https:\/\/www.robotsgallery.es\/wp-content\/uploads\/2025\/01\/elegirUsado02.webp\" class=\"attachment-large size-large wp-image-2139\" srcset=\"https:\/\/www.robotsgallery.es\/wp-content\/uploads\/2025\/01\/elegirUsado02.webp 550w, https:\/\/www.robotsgallery.es\/wp-content\/uploads\/2025\/01\/elegirUsado02-300x225.webp 300w, https:\/\/www.robotsgallery.es\/wp-content\/uploads\/2025\/01\/elegirUsado02-16x12.webp 16w\" sizes=\"(max-width: 550px) 100vw, 550px\" \/>\t\t\t\t\t\t\t\t\t\t\t\t\t\t\t<\/div>\n\t\t\t\t<\/div>\n\t\t<div class=\"elementor-element elementor-element-6c9f3bb e-con-full e-flex e-con e-child\" data-id=\"6c9f3bb\" data-element_type=\"container\" data-e-type=\"container\">\n\t\t\t\t<div class=\"elementor-element elementor-element-e825ca1 elementor-widget elementor-widget-image\" data-id=\"e825ca1\" data-element_type=\"widget\" data-e-type=\"widget\" data-widget_type=\"image.default\">\n\t\t\t\t\t\t\t\t\t\t\t\t\t\t\t<img alt=\"\" decoding=\"async\" width=\"549\" height=\"550\" src=\"https:\/\/www.robotsgallery.es\/wp-content\/uploads\/2025\/01\/elegirUsado03.webp\" class=\"attachment-large size-large wp-image-2140\" srcset=\"https:\/\/www.robotsgallery.es\/wp-content\/uploads\/2025\/01\/elegirUsado03.webp 549w, https:\/\/www.robotsgallery.es\/wp-content\/uploads\/2025\/01\/elegirUsado03-300x300.webp 300w, https:\/\/www.robotsgallery.es\/wp-content\/uploads\/2025\/01\/elegirUsado03-150x150.webp 150w, https:\/\/www.robotsgallery.es\/wp-content\/uploads\/2025\/01\/elegirUsado03-12x12.webp 12w, https:\/\/www.robotsgallery.es\/wp-content\/uploads\/2025\/01\/elegirUsado03-200x200.webp 200w, https:\/\/www.robotsgallery.es\/wp-content\/uploads\/2025\/01\/elegirUsado03-100x100.webp 100w\" sizes=\"(max-width: 549px) 100vw, 549px\" \/>\t\t\t\t\t\t\t\t\t\t\t\t\t\t\t<\/div>\n\t\t\t\t<\/div>\n\t\t\t\t\t<\/div>\n\t\t\t\t<\/div>\n\t\t<div class=\"elementor-element elementor-element-de0ee0a e-flex e-con-boxed e-con e-parent\" data-id=\"de0ee0a\" data-element_type=\"container\" data-e-type=\"container\">\n\t\t\t\t\t<div class=\"e-con-inner\">\n\t\t\t\t<div class=\"elementor-element elementor-element-8599f8f elementor-view-default elementor-widget elementor-widget-icon\" data-id=\"8599f8f\" data-element_type=\"widget\" data-e-type=\"widget\" data-widget_type=\"icon.default\">\n\t\t\t\t\t\t\t<div class=\"elementor-icon-wrapper\">\n\t\t\t<a class=\"elementor-icon\" href=\"https:\/\/www.robotsgallery.es\/fr\">\n\t\t\t<svg aria-hidden=\"true\" class=\"e-font-icon-svg e-fas-angle-double-left\" viewbox=\"0 0 448 512\" xmlns=\"http:\/\/www.w3.org\/2000\/svg\"><path d=\"M223.7 239l136-136c9.4-9.4 24.6-9.4 33.9 0l22.6 22.6c9.4 9.4 9.4 24.6 0 33.9L319.9 256l96.4 96.4c9.4 9.4 9.4 24.6 0 33.9L393.7 409c-9.4 9.4-24.6 9.4-33.9 0l-136-136c-9.5-9.4-9.5-24.6-.1-34zm-192 34l136 136c9.4 9.4 24.6 9.4 33.9 0l22.6-22.6c9.4-9.4 9.4-24.6 0-33.9L127.9 256l96.4-96.4c9.4-9.4 9.4-24.6 0-33.9L201.7 103c-9.4-9.4-24.6-9.4-33.9 0l-136 136c-9.5 9.4-9.5 24.6-.1 34z\"><\/path><\/svg>\t\t\t<\/a>\n\t\t<\/div>\n\t\t\t\t\t\t<\/div>\n\t\t\t\t\t<\/div>\n\t\t\t\t<\/div>\n\t\t\t\t<\/div>","protected":false},"excerpt":{"rendered":"<p>Elegir su Robot Usado Somos una compa\u00f1\u00eda completamente independiente, especializada en la compra venta de robots industriales de ocasi\u00f3n, usados y de segunda mano. Estamos centrados en la venta de los robots industriales, en todo el mundo, y por ello podemos ayudarle en la elecci\u00f3n del robot que se adapta mejor a sus necesidades, siempre [&hellip;]<\/p>\n","protected":false},"author":1,"featured_media":0,"parent":0,"menu_order":0,"comment_status":"closed","ping_status":"closed","template":"","meta":{"_seopress_robots_primary_cat":"","_seopress_titles_title":"","_seopress_titles_desc":"","_seopress_robots_index":"","footnotes":""},"class_list":["post-2129","page","type-page","status-publish","hentry"],"_links":{"self":[{"href":"https:\/\/www.robotsgallery.es\/fr\/wp-json\/wp\/v2\/pages\/2129","targetHints":{"allow":["GET"]}}],"collection":[{"href":"https:\/\/www.robotsgallery.es\/fr\/wp-json\/wp\/v2\/pages"}],"about":[{"href":"https:\/\/www.robotsgallery.es\/fr\/wp-json\/wp\/v2\/types\/page"}],"author":[{"embeddable":true,"href":"https:\/\/www.robotsgallery.es\/fr\/wp-json\/wp\/v2\/users\/1"}],"replies":[{"embeddable":true,"href":"https:\/\/www.robotsgallery.es\/fr\/wp-json\/wp\/v2\/comments?post=2129"}],"version-history":[{"count":37,"href":"https:\/\/www.robotsgallery.es\/fr\/wp-json\/wp\/v2\/pages\/2129\/revisions"}],"predecessor-version":[{"id":3453,"href":"https:\/\/www.robotsgallery.es\/fr\/wp-json\/wp\/v2\/pages\/2129\/revisions\/3453"}],"wp:attachment":[{"href":"https:\/\/www.robotsgallery.es\/fr\/wp-json\/wp\/v2\/media?parent=2129"}],"curies":[{"name":"wp","href":"https:\/\/api.w.org\/{rel}","templated":true}]}}