{"id":2035,"date":"2025-01-29T14:38:35","date_gmt":"2025-01-29T13:38:35","guid":{"rendered":"https:\/\/www.robotsgallery.es\/?page_id=2035"},"modified":"2025-02-06T21:53:02","modified_gmt":"2025-02-06T20:53:02","slug":"garantie-robot-occasion","status":"publish","type":"page","link":"https:\/\/www.robotsgallery.es\/fr\/garantie-robot-occasion\/","title":{"rendered":"Garantie d'un robot d'occasion"},"content":{"rendered":"<div data-elementor-type=\"wp-page\" data-elementor-id=\"2035\" class=\"elementor elementor-2035\" data-elementor-post-type=\"page\">\n\t\t\t\t<div class=\"elementor-element elementor-element-1976533 e-flex e-con-boxed e-con e-parent\" data-id=\"1976533\" data-element_type=\"container\" data-e-type=\"container\">\n\t\t\t\t\t<div class=\"e-con-inner\">\n\t\t\t\t<div class=\"elementor-element elementor-element-4538cc6 elementor-widget__width-auto elementor-widget elementor-widget-heading\" data-id=\"4538cc6\" data-element_type=\"widget\" data-e-type=\"widget\" data-widget_type=\"heading.default\">\n\t\t\t\t\t<h1 class=\"elementor-heading-title elementor-size-default\">Garantie d'un robot d'occasion<\/h1>\t\t\t\t<\/div>\n\t\t\t\t\t<\/div>\n\t\t\t\t<\/div>\n\t\t<div class=\"elementor-element elementor-element-93d10dd e-flex e-con-boxed e-con e-parent\" data-id=\"93d10dd\" data-element_type=\"container\" data-e-type=\"container\">\n\t\t\t\t\t<div class=\"e-con-inner\">\n\t\t\t\t<div class=\"elementor-element elementor-element-79b2da2 elementor-widget elementor-widget-text-editor\" data-id=\"79b2da2\" data-element_type=\"widget\" data-e-type=\"widget\" data-widget_type=\"text-editor.default\">\n\t\t\t\t\t\t\t\t\t<p>Chez Robots Gallery, nous sommes engag\u00e9s dans notre travail et envers nos clients : pour alimenter notre stock, nous ne s\u00e9lectionnons que les robots industriels qui ont \u00e9t\u00e9 correctement entretenus et nous les v\u00e9rifions un par un, afin d'offrir des \u00e9quipements de qualit\u00e9 dans les meilleures conditions.<\/p>\t\t\t\t\t\t\t\t<\/div>\n\t\t\t\t\t<\/div>\n\t\t\t\t<\/div>\n\t\t<div class=\"elementor-element elementor-element-0cb3813 e-flex e-con-boxed e-con e-parent\" data-id=\"0cb3813\" data-element_type=\"container\" data-e-type=\"container\">\n\t\t\t\t\t<div class=\"e-con-inner\">\n\t\t\t\t<div class=\"elementor-element elementor-element-1630029 elementor-widget elementor-widget-text-editor\" data-id=\"1630029\" data-element_type=\"widget\" data-e-type=\"widget\" data-widget_type=\"text-editor.default\">\n\t\t\t\t\t\t\t\t\t<p>Quelle garantie offrent les robots industriels ? Techniciens sp\u00e9cialis\u00e9s en robotique industrielle<\/p>\t\t\t\t\t\t\t\t<\/div>\n\t\t\t\t\t<\/div>\n\t\t\t\t<\/div>\n\t\t<div class=\"elementor-element elementor-element-e4a8ccd e-flex e-con-boxed e-con e-parent\" data-id=\"e4a8ccd\" data-element_type=\"container\" data-e-type=\"container\">\n\t\t\t\t\t<div class=\"e-con-inner\">\n\t\t\t\t<div class=\"elementor-element elementor-element-e06dabc elementor-widget elementor-widget-text-editor\" data-id=\"e06dabc\" data-element_type=\"widget\" data-e-type=\"widget\" data-widget_type=\"text-editor.default\">\n\t\t\t\t\t\t\t\t\t<p class=\"translation-block\">Nos robots sont garantis <strong>6 mois sur les pi\u00e8ces de rechange<\/strong>: cela est possible parce que nous disposons de la meilleure s\u00e9lection et de diff\u00e9rentes \u00e9quipes de techniciens sp\u00e9cialis\u00e9s ayant une grande exp\u00e9rience dans le secteur de la robotique industrielle pour chaque marque de robots industriels.<\/p>\t\t\t\t\t\t\t\t<\/div>\n\t\t\t\t\t<\/div>\n\t\t\t\t<\/div>\n\t\t<div class=\"elementor-element elementor-element-973b44a e-flex e-con-boxed e-con e-parent\" data-id=\"973b44a\" data-element_type=\"container\" data-e-type=\"container\">\n\t\t\t\t\t<div class=\"e-con-inner\">\n\t\t\t\t<div class=\"elementor-element elementor-element-8aed923 elementor-widget elementor-widget-text-editor\" data-id=\"8aed923\" data-element_type=\"widget\" data-e-type=\"widget\" data-widget_type=\"text-editor.default\">\n\t\t\t\t\t\t\t\t\t<p>En plus d'une s\u00e9lection rigoureuse, nous soumettons nos robots industriels d'occasion ainsi que leurs commandes et accessoires \u00e0 un processus de r\u00e9vision et de reconditionnement de la plus haute exigence avec des sp\u00e9cialistes techniques de chaque marque. Ce processus consiste \u00e0 :<\/p>\t\t\t\t\t\t\t\t<\/div>\n\t\t\t\t\t<\/div>\n\t\t\t\t<\/div>\n\t\t<div class=\"elementor-element elementor-element-46e5d2a e-flex e-con-boxed e-con e-parent\" data-id=\"46e5d2a\" data-element_type=\"container\" data-e-type=\"container\">\n\t\t\t\t\t<div class=\"e-con-inner\">\n\t\t\t\t<div class=\"elementor-element elementor-element-14b57ea elementor-widget__width-initial elementor-widget elementor-widget-text-editor\" data-id=\"14b57ea\" data-element_type=\"widget\" data-e-type=\"widget\" data-widget_type=\"text-editor.default\">\n\t\t\t\t\t\t\t\t\t<ul><li>R\u00e9vision de tous les \u00e9l\u00e9ments \u00e9lectriques.<\/li><li>Examen des \u00e9l\u00e9ments m\u00e9caniques.<\/li><li>Examen de chaque composante s\u00e9par\u00e9ment.<\/li><li>Changement des graisses et\/ou des huiles, en utilisant toujours l'huile et la graisse d'origine recommand\u00e9es par le fabricant.<\/li><li>V\u00e9rification et nettoyage ou remplacement des filtres et des ventilateurs.<\/li><li>Remplacement des piles.<\/li><li>V\u00e9rification du fonctionnement m\u00e9canique.<\/li><li>Suppression du c\u00e2blage inutile.<\/li><li>V\u00e9rifier le fonctionnement de tous les c\u00e2blages.<\/li><li>V\u00e9rification des connecteurs.<\/li><li>Nettoyage des salissures \u00e9ventuelles avec des produits sp\u00e9cifiques.<\/li><li>Peinture avec la peinture originale, et m\u00eame personnalisation pour le client.<\/li><li>Test complet de l'ensemble de l'unit\u00e9, que nous envoyons \u00e0 notre client.<\/li><\/ul>\t\t\t\t\t\t\t\t<\/div>\n\t\t\t\t<div class=\"elementor-element elementor-element-7aef30b elementor-widget__width-initial elementor-widget elementor-widget-image\" data-id=\"7aef30b\" data-element_type=\"widget\" data-e-type=\"widget\" data-widget_type=\"image.default\">\n\t\t\t\t\t\t\t\t\t\t\t\t\t\t\t<img alt=\"\" fetchpriority=\"high\" decoding=\"async\" width=\"600\" height=\"450\" src=\"https:\/\/www.robotsgallery.es\/wp-content\/uploads\/2025\/01\/garantia02.webp\" class=\"attachment-large size-large wp-image-2045\" srcset=\"https:\/\/www.robotsgallery.es\/wp-content\/uploads\/2025\/01\/garantia02.webp 600w, https:\/\/www.robotsgallery.es\/wp-content\/uploads\/2025\/01\/garantia02-300x225.webp 300w, https:\/\/www.robotsgallery.es\/wp-content\/uploads\/2025\/01\/garantia02-16x12.webp 16w\" sizes=\"(max-width: 600px) 100vw, 600px\" \/>\t\t\t\t\t\t\t\t\t\t\t\t\t\t\t<\/div>\n\t\t\t\t\t<\/div>\n\t\t\t\t<\/div>\n\t\t<div class=\"elementor-element elementor-element-37b8153 e-flex e-con-boxed e-con e-parent\" data-id=\"37b8153\" data-element_type=\"container\" data-e-type=\"container\">\n\t\t\t\t\t<div class=\"e-con-inner\">\n\t\t\t\t<div class=\"elementor-element elementor-element-144a552 elementor-widget__width-auto elementor-widget elementor-widget-text-editor\" data-id=\"144a552\" data-element_type=\"widget\" data-e-type=\"widget\" data-widget_type=\"text-editor.default\">\n\t\t\t\t\t\t\t\t\t<p>Techniciens sp\u00e9cialis\u00e9s<\/p>\t\t\t\t\t\t\t\t<\/div>\n\t\t\t\t<div class=\"elementor-element elementor-element-3923867 elementor-widget elementor-widget-text-editor\" data-id=\"3923867\" data-element_type=\"widget\" data-e-type=\"widget\" data-widget_type=\"text-editor.default\">\n\t\t\t\t\t\t\t\t\t<p>Des techniciens sp\u00e9cialis\u00e9s ayant une longue exp\u00e9rience et une haute qualification dans le secteur de la robotique industrielle, et dans toutes les marques avec lesquelles nous travaillons, sont en tout cas charg\u00e9s de la r\u00e9vision et du reconditionnement de chacun de nos robots industriels d'occasion.<\/p><p>Le chargement dans les camions ou les conteneurs maritimes pour le transport est effectu\u00e9 en respectant les mesures de s\u00e9curit\u00e9 qui garantissent que les robots, les commandes et les accessoires sont parfaitement attach\u00e9s et fix\u00e9s, afin d'\u00e9viter tout incident pendant le voyage de votre robot.<\/p><p>Dans tous les cas, si un emballage sp\u00e9cial est n\u00e9cessaire ou souhait\u00e9, Robots Gallery mettra le client en contact avec le fournisseur le plus appropri\u00e9 pour ce service.<\/p><p>Tout ce processus de r\u00e9vision permet \u00e0 Robots Gallery de fournir tous ses robots industriels d'occasion avec une garantie de 6 mois sur les pi\u00e8ces.<\/p>\t\t\t\t\t\t\t\t<\/div>\n\t\t\t\t\t<\/div>\n\t\t\t\t<\/div>\n\t\t<div class=\"elementor-element elementor-element-7172ce5 e-flex e-con-boxed e-con e-parent\" data-id=\"7172ce5\" data-element_type=\"container\" data-e-type=\"container\">\n\t\t\t\t\t<div class=\"e-con-inner\">\n\t\t<div class=\"elementor-element elementor-element-3b79477 e-con-full e-flex e-con e-child\" data-id=\"3b79477\" data-element_type=\"container\" data-e-type=\"container\">\n\t\t\t\t<div class=\"elementor-element elementor-element-e4e5ea5 elementor-widget elementor-widget-image\" data-id=\"e4e5ea5\" data-element_type=\"widget\" data-e-type=\"widget\" data-widget_type=\"image.default\">\n\t\t\t\t\t\t\t\t\t\t\t\t\t\t\t<img alt=\"\" decoding=\"async\" width=\"600\" height=\"450\" src=\"https:\/\/www.robotsgallery.es\/wp-content\/uploads\/2025\/01\/garantia01.webp\" class=\"attachment-large size-large wp-image-2044\" srcset=\"https:\/\/www.robotsgallery.es\/wp-content\/uploads\/2025\/01\/garantia01.webp 600w, https:\/\/www.robotsgallery.es\/wp-content\/uploads\/2025\/01\/garantia01-300x225.webp 300w, https:\/\/www.robotsgallery.es\/wp-content\/uploads\/2025\/01\/garantia01-16x12.webp 16w\" sizes=\"(max-width: 600px) 100vw, 600px\" \/>\t\t\t\t\t\t\t\t\t\t\t\t\t\t\t<\/div>\n\t\t\t\t<\/div>\n\t\t\t\t\t<\/div>\n\t\t\t\t<\/div>\n\t\t<div class=\"elementor-element elementor-element-aa4f675 e-flex e-con-boxed e-con e-parent\" data-id=\"aa4f675\" data-element_type=\"container\" data-e-type=\"container\">\n\t\t\t\t\t<div class=\"e-con-inner\">\n\t\t\t\t<div class=\"elementor-element elementor-element-43c7b2d elementor-view-default elementor-widget elementor-widget-icon\" data-id=\"43c7b2d\" data-element_type=\"widget\" data-e-type=\"widget\" data-widget_type=\"icon.default\">\n\t\t\t\t\t\t\t<div class=\"elementor-icon-wrapper\">\n\t\t\t<a class=\"elementor-icon\" href=\"https:\/\/www.robotsgallery.es\/fr\">\n\t\t\t<svg aria-hidden=\"true\" class=\"e-font-icon-svg e-fas-angle-double-left\" viewbox=\"0 0 448 512\" xmlns=\"http:\/\/www.w3.org\/2000\/svg\"><path d=\"M223.7 239l136-136c9.4-9.4 24.6-9.4 33.9 0l22.6 22.6c9.4 9.4 9.4 24.6 0 33.9L319.9 256l96.4 96.4c9.4 9.4 9.4 24.6 0 33.9L393.7 409c-9.4 9.4-24.6 9.4-33.9 0l-136-136c-9.5-9.4-9.5-24.6-.1-34zm-192 34l136 136c9.4 9.4 24.6 9.4 33.9 0l22.6-22.6c9.4-9.4 9.4-24.6 0-33.9L127.9 256l96.4-96.4c9.4-9.4 9.4-24.6 0-33.9L201.7 103c-9.4-9.4-24.6-9.4-33.9 0l-136 136c-9.5 9.4-9.5 24.6-.1 34z\"><\/path><\/svg>\t\t\t<\/a>\n\t\t<\/div>\n\t\t\t\t\t\t<\/div>\n\t\t\t\t\t<\/div>\n\t\t\t\t<\/div>\n\t\t\t\t<\/div>","protected":false},"excerpt":{"rendered":"<p>Garant\u00eda de un robot usado En Robots Gallery estamos comprometidos con nuestro trabajo y con nuestros clientes: para abastecer nuestro stock solamente seleccionamos aquellos robots industriales que han recibido un mantenimiento apropiado y los revisamos uno a uno, para ofrecer as\u00ed equipos de calidad en las mejores condiciones. \u00bfQu\u00e9 garant\u00eda ofrecen los robots industriales? T\u00e9cnicos [&hellip;]<\/p>\n","protected":false},"author":1,"featured_media":0,"parent":0,"menu_order":0,"comment_status":"closed","ping_status":"closed","template":"","meta":{"_seopress_robots_primary_cat":"","_seopress_titles_title":"","_seopress_titles_desc":"","_seopress_robots_index":"","footnotes":""},"class_list":["post-2035","page","type-page","status-publish","hentry"],"_links":{"self":[{"href":"https:\/\/www.robotsgallery.es\/fr\/wp-json\/wp\/v2\/pages\/2035","targetHints":{"allow":["GET"]}}],"collection":[{"href":"https:\/\/www.robotsgallery.es\/fr\/wp-json\/wp\/v2\/pages"}],"about":[{"href":"https:\/\/www.robotsgallery.es\/fr\/wp-json\/wp\/v2\/types\/page"}],"author":[{"embeddable":true,"href":"https:\/\/www.robotsgallery.es\/fr\/wp-json\/wp\/v2\/users\/1"}],"replies":[{"embeddable":true,"href":"https:\/\/www.robotsgallery.es\/fr\/wp-json\/wp\/v2\/comments?post=2035"}],"version-history":[{"count":40,"href":"https:\/\/www.robotsgallery.es\/fr\/wp-json\/wp\/v2\/pages\/2035\/revisions"}],"predecessor-version":[{"id":2330,"href":"https:\/\/www.robotsgallery.es\/fr\/wp-json\/wp\/v2\/pages\/2035\/revisions\/2330"}],"wp:attachment":[{"href":"https:\/\/www.robotsgallery.es\/fr\/wp-json\/wp\/v2\/media?parent=2035"}],"curies":[{"name":"wp","href":"https:\/\/api.w.org\/{rel}","templated":true}]}}