{"id":3667,"date":"2026-02-12T13:02:00","date_gmt":"2026-02-12T12:02:00","guid":{"rendered":"https:\/\/www.robotsgallery.es\/?page_id=3667"},"modified":"2026-02-12T20:11:38","modified_gmt":"2026-02-12T19:11:38","slug":"second-hand-robots","status":"publish","type":"page","link":"https:\/\/www.robotsgallery.es\/en\/second-hand-robots\/","title":{"rendered":"Second-hand robots, refurbished and ready to work"},"content":{"rendered":"\t\t<div data-elementor-type=\"wp-page\" data-elementor-id=\"3667\" class=\"elementor elementor-3667\" data-elementor-post-type=\"page\">\n\t\t\t\t<div class=\"elementor-element elementor-element-6a1111b e-flex e-con-boxed e-con e-parent\" data-id=\"6a1111b\" data-element_type=\"container\" data-e-type=\"container\">\n\t\t\t\t\t<div class=\"e-con-inner\">\n\t\t\t\t<div class=\"elementor-element elementor-element-218b265 elementor-widget elementor-widget-heading\" data-id=\"218b265\" data-element_type=\"widget\" data-e-type=\"widget\" data-widget_type=\"heading.default\">\n\t\t\t\t\t<h1 class=\"elementor-heading-title elementor-size-default\">Robots de segunda mano reacondicionados y listos para trabajar<\/h1>\t\t\t\t<\/div>\n\t\t\t\t\t<\/div>\n\t\t\t\t<\/div>\n\t\t<div class=\"elementor-element elementor-element-3702bcb e-flex e-con-boxed e-con e-parent\" data-id=\"3702bcb\" data-element_type=\"container\" data-e-type=\"container\">\n\t\t\t\t\t<div class=\"e-con-inner\">\n\t\t\t\t<div class=\"elementor-element elementor-element-882c238 elementor-widget elementor-widget-text-editor\" data-id=\"882c238\" data-element_type=\"widget\" data-e-type=\"widget\" data-widget_type=\"text-editor.default\">\n\t\t\t\t\t\t\t\t\tEn RobotsGallery somos especialistas en la compra, reacondicionamiento y venta de robots de segunda mano para uso industrial. Ofrecemos soluciones fiables y rentables para empresas que buscan automatizar o ampliar su producci\u00f3n sin asumir el coste de un robot nuevo.<\/p>\nTodos nuestros robots industriales usados se revisan, reacondicionan y prueban para garantizar su correcto funcionamiento, ofreciendo una alternativa segura, eficiente y econ\u00f3mica.<\/p>\t\t\t\t\t\t\t\t<\/div>\n\t\t\t\t\t<\/div>\n\t\t\t\t<\/div>\n\t\t<div class=\"elementor-element elementor-element-b6173bd e-flex e-con-boxed e-con e-parent\" data-id=\"b6173bd\" data-element_type=\"container\" data-e-type=\"container\">\n\t\t\t\t\t<div class=\"e-con-inner\">\n\t\t<div class=\"elementor-element elementor-element-8f89967 e-con-full e-flex e-con e-child\" data-id=\"8f89967\" data-element_type=\"container\" data-e-type=\"container\">\n\t\t\t\t<div class=\"elementor-element elementor-element-080a7bc elementor-widget elementor-widget-text-editor\" data-id=\"080a7bc\" data-element_type=\"widget\" data-e-type=\"widget\" data-widget_type=\"text-editor.default\">\n\t\t\t\t\t\t\t\t\t<h2>\u00bfQu\u00e9 es un robot industrial de segunda mano?<\/h2>\t\t\t\t\t\t\t\t<\/div>\n\t\t\t\t<div class=\"elementor-element elementor-element-36a4f38 elementor-widget__width-initial elementor-widget elementor-widget-text-editor\" data-id=\"36a4f38\" data-element_type=\"widget\" data-e-type=\"widget\" data-widget_type=\"text-editor.default\">\n\t\t\t\t\t\t\t\t\t<p>Un robot industrial de segunda mano es un equipo procedente de l\u00edneas de producci\u00f3n, proyectos cancelados o renovaciones industriales, que ha sido revisado y reacondicionado para volver a trabajar en condiciones \u00f3ptimas.<\/p><p>Frente a un robot nuevo, un robot usado reacondicionado permite reducir la inversi\u00f3n inicial manteniendo altos niveles de fiabilidad, precisi\u00f3n y productividad.<\/p>\t\t\t\t\t\t\t\t<\/div>\n\t\t\t\t<div class=\"elementor-element elementor-element-4aa368e elementor-widget elementor-widget-text-editor\" data-id=\"4aa368e\" data-element_type=\"widget\" data-e-type=\"widget\" data-widget_type=\"text-editor.default\">\n\t\t\t\t\t\t\t\t\t<h2>Ventajas de comprar robots de segunda mano<\/h2>\t\t\t\t\t\t\t\t<\/div>\n\t\t\t\t<div class=\"elementor-element elementor-element-d82a049 elementor-widget__width-initial elementor-widget elementor-widget-text-editor\" data-id=\"d82a049\" data-element_type=\"widget\" data-e-type=\"widget\" data-widget_type=\"text-editor.default\">\n\t\t\t\t\t\t\t\t\t<ul><li>Ahorro significativo frente a robots nuevos<\/li><li>Disponibilidad inmediata<\/li><li>Fiabilidad contrastada en entornos industriales reales<\/li><li>Ideal para ampliaciones de l\u00ednea, automatizaciones parciales o proyectos piloto<\/li><li>Compatible con m\u00faltiples aplicaciones industriales<\/li><\/ul>\t\t\t\t\t\t\t\t<\/div>\n\t\t\t\t<div class=\"elementor-element elementor-element-f7ab990 elementor-widget elementor-widget-text-editor\" data-id=\"f7ab990\" data-element_type=\"widget\" data-e-type=\"widget\" data-widget_type=\"text-editor.default\">\n\t\t\t\t\t\t\t\t\t<h2>Marcas de robots industriales<\/h2>\t\t\t\t\t\t\t\t<\/div>\n\t\t\t\t<div class=\"elementor-element elementor-element-e3d7e4d elementor-widget__width-initial elementor-widget elementor-widget-text-editor\" data-id=\"e3d7e4d\" data-element_type=\"widget\" data-e-type=\"widget\" data-widget_type=\"text-editor.default\">\n\t\t\t\t\t\t\t\t\t<p>Trabajamos con primeras marcas del sector de la rob\u00f3tica industrial, ofreciendo robots de segunda mano totalmente funcionales y preparados para integrarse en nuevos procesos productivos.<\/p><p style=\"padding-left: 40px;\"><a href=\"https:\/\/www.robotsgallery.es\/abb\/\" target=\"_blank\" rel=\"noopener\">ABB<\/a><\/p><p style=\"padding-left: 40px;\"><a href=\"https:\/\/www.robotsgallery.es\/kuka\/\" target=\"_blank\" rel=\"noopener\">KUKA<\/a><\/p><p style=\"padding-left: 40px;\"><a href=\"https:\/\/www.robotsgallery.es\/fanuc\/\">FANUC<\/a><\/p><p style=\"padding-left: 40px;\"><a href=\"https:\/\/www.robotsgallery.es\/yaskawa-motoman\/\" target=\"_blank\" rel=\"noopener\">Yaskawa &#8211; Motoman<\/a><\/p><p style=\"padding-left: 40px;\"><a href=\"https:\/\/www.robotsgallery.es\/kawasaki\/\" target=\"_blank\" rel=\"noopener\">Kawasaki<\/a><\/p><p style=\"padding-left: 40px;\"><a href=\"https:\/\/www.robotsgallery.es\/scara\/\" target=\"_blank\" rel=\"noopener\">Scara<\/a><\/p><p style=\"padding-left: 40px;\"><a href=\"https:\/\/www.robotsgallery.es\/atlas-agv\/\" target=\"_blank\" rel=\"noopener\">Atlas &#8211; AGV<\/a><\/p>\t\t\t\t\t\t\t\t<\/div>\n\t\t\t\t<div class=\"elementor-element elementor-element-6f4eaff elementor-widget elementor-widget-text-editor\" data-id=\"6f4eaff\" data-element_type=\"widget\" data-e-type=\"widget\" data-widget_type=\"text-editor.default\">\n\t\t\t\t\t\t\t\t\t<h2>Robots de segunda mano reacondicionados<\/h2>\t\t\t\t\t\t\t\t<\/div>\n\t\t\t\t<div class=\"elementor-element elementor-element-fad600b elementor-widget__width-initial elementor-widget elementor-widget-text-editor\" data-id=\"fad600b\" data-element_type=\"widget\" data-e-type=\"widget\" data-widget_type=\"text-editor.default\">\n\t\t\t\t\t\t\t\t\t<p data-start=\"2345\" data-end=\"2542\">Todos nuestros robots de segunda mano pasan por un proceso de reacondicionamiento que incluye revisi\u00f3n mec\u00e1nica, comprobaci\u00f3n de ejes, test de repetitividad y verificaci\u00f3n del sistema de control.<\/p><p data-start=\"2549\" data-end=\"2691\">El objetivo es que cada robot industrial usado est\u00e9 <strong data-start=\"2601\" data-end=\"2624\">listo para trabajar<\/strong> y ofrecer un rendimiento fiable en entornos productivos exigentes.<\/p><p data-start=\"2549\" data-end=\"2691\">Averigua <a href=\"https:\/\/www.robotsgallery.es\/robots-industriales-usados\/\">c\u00f3mo elegir un robot de segunda mano<\/a>.<\/p>\t\t\t\t\t\t\t\t<\/div>\n\t\t\t\t<div class=\"elementor-element elementor-element-8b59370 elementor-widget elementor-widget-text-editor\" data-id=\"8b59370\" data-element_type=\"widget\" data-e-type=\"widget\" data-widget_type=\"text-editor.default\">\n\t\t\t\t\t\t\t\t\t<h2>Aplicaciones m\u00e1s habituales<\/h2>\t\t\t\t\t\t\t\t<\/div>\n\t\t\t\t<div class=\"elementor-element elementor-element-e606408 elementor-widget__width-initial elementor-widget elementor-widget-text-editor\" data-id=\"e606408\" data-element_type=\"widget\" data-e-type=\"widget\" data-widget_type=\"text-editor.default\">\n\t\t\t\t\t\t\t\t\t<p style=\"padding-left: 40px;\"><a href=\"https:\/\/www.robotsgallery.es\/aplicacion-robot\/robots-soldadura\/\" target=\"_blank\" rel=\"noopener\">Soldadura<\/a><\/p><p style=\"padding-left: 40px;\"><a href=\"https:\/\/www.robotsgallery.es\/aplicacion-robot\/manipulacion-piezas\/\" target=\"_blank\" rel=\"noopener\">Manipulaci\u00f3n y paletizado<\/a><\/p><p style=\"padding-left: 40px;\"><a href=\"https:\/\/www.robotsgallery.es\/aplicacion-robot\/carga-descarga-piezas\/\" target=\"_blank\" rel=\"noopener\">Carga y descarga de m\u00e1quinas<\/a><\/p><p style=\"padding-left: 40px;\"><a href=\"https:\/\/www.robotsgallery.es\/aplicacion-robot\/aplicador-masillas-y-adhesivos\/\" target=\"_blank\" rel=\"noopener\">Pintura industrial<\/a><\/p><p style=\"padding-left: 40px;\"><a href=\"https:\/\/www.robotsgallery.es\/aplicacion-robot\/mecanizado\/\" target=\"_blank\" rel=\"noopener\">Mecanizado<\/a><\/p><p style=\"padding-left: 40px;\"><a href=\"https:\/\/www.robotsgallery.es\/catalogo-robots-gallery\/\" target=\"_blank\" rel=\"noopener\">Automatizaci\u00f3n de procesos repetitivos<\/a><\/p>\t\t\t\t\t\t\t\t<\/div>\n\t\t\t\t<div class=\"elementor-element elementor-element-e1536a3 elementor-widget elementor-widget-text-editor\" data-id=\"e1536a3\" data-element_type=\"widget\" data-e-type=\"widget\" data-widget_type=\"text-editor.default\">\n\t\t\t\t\t\t\t\t\t<h2>\u00bfPor qu\u00e9 comprar robots de segunda mano en Robots Gallery?<\/h2>\t\t\t\t\t\t\t\t<\/div>\n\t\t\t\t<div class=\"elementor-element elementor-element-39e8f1b elementor-widget__width-initial elementor-widget elementor-widget-text-editor\" data-id=\"39e8f1b\" data-element_type=\"widget\" data-e-type=\"widget\" data-widget_type=\"text-editor.default\">\n\t\t\t\t\t\t\t\t\t<p>En Robots Gallery combinamos experiencia t\u00e9cnica y conocimiento del mercado para ofrecer robots industriales de segunda mano adaptados a cada proyecto. Acompa\u00f1amos al cliente desde la selecci\u00f3n del robot hasta su puesta en marcha, ofreciendo soluciones flexibles y rentables.<\/p><p>Si quieres conocer en detalle las ventajas, aplicaciones y sectores donde se utilizan, te recomendamos leer nuestra gu\u00eda sobre<a href=\"https:\/\/www.robotsgallery.es\/robots-industriales-segunda-mano\/\"> robots industriales de segunda mano<\/a>.<\/p>\t\t\t\t\t\t\t\t<\/div>\n\t\t\t\t<\/div>\n\t\t<div class=\"elementor-element elementor-element-a3bd94b e-con-full e-flex e-con e-child\" data-id=\"a3bd94b\" data-element_type=\"container\" data-e-type=\"container\">\n\t\t\t\t<div class=\"elementor-element elementor-element-4676422 elementor-widget__width-initial elementor-widget elementor-widget-image\" data-id=\"4676422\" data-element_type=\"widget\" data-e-type=\"widget\" data-widget_type=\"image.default\">\n\t\t\t\t\t\t\t\t\t\t\t\t\t\t\t<img fetchpriority=\"high\" decoding=\"async\" width=\"412\" height=\"550\" src=\"https:\/\/www.robotsgallery.es\/wp-content\/uploads\/2025\/11\/IRB-6650-track-3.webp\" class=\"attachment-large size-large wp-image-3586\" alt=\"ABB IRB 6650 IRC5 3,2m\/125kg en track lineal de 7m\" srcset=\"https:\/\/www.robotsgallery.es\/wp-content\/uploads\/2025\/11\/IRB-6650-track-3.webp 412w, https:\/\/www.robotsgallery.es\/wp-content\/uploads\/2025\/11\/IRB-6650-track-3-225x300.webp 225w, https:\/\/www.robotsgallery.es\/wp-content\/uploads\/2025\/11\/IRB-6650-track-3-9x12.webp 9w\" sizes=\"(max-width: 412px) 100vw, 412px\" \/>\t\t\t\t\t\t\t\t\t\t\t\t\t\t\t<\/div>\n\t\t\t\t<div class=\"elementor-element elementor-element-d819295 elementor-widget__width-initial elementor-widget elementor-widget-image\" data-id=\"d819295\" data-element_type=\"widget\" data-e-type=\"widget\" data-widget_type=\"image.default\">\n\t\t\t\t\t\t\t\t\t\t\t\t\t\t\t<img alt=\"\" decoding=\"async\" width=\"675\" height=\"900\" src=\"https:\/\/www.robotsgallery.es\/wp-content\/uploads\/2024\/08\/Kuka-KR200L140-3-Comp-1.webp\" class=\"attachment-large size-large wp-image-3090\" alt=\"\" srcset=\"https:\/\/www.robotsgallery.es\/wp-content\/uploads\/2024\/08\/Kuka-KR200L140-3-Comp-1.webp 675w, https:\/\/www.robotsgallery.es\/wp-content\/uploads\/2024\/08\/Kuka-KR200L140-3-Comp-1-225x300.webp 225w, https:\/\/www.robotsgallery.es\/wp-content\/uploads\/2024\/08\/Kuka-KR200L140-3-Comp-1-9x12.webp 9w, https:\/\/www.robotsgallery.es\/wp-content\/uploads\/2024\/08\/Kuka-KR200L140-3-Comp-1-600x800.webp 600w\" sizes=\"(max-width: 675px) 100vw, 675px\" \/>\t\t\t\t\t\t\t\t\t\t\t\t\t\t\t<\/div>\n\t\t\t\t<div class=\"elementor-element elementor-element-fa756fd elementor-widget__width-initial elementor-widget elementor-widget-image\" data-id=\"fa756fd\" data-element_type=\"widget\" data-e-type=\"widget\" data-widget_type=\"image.default\">\n\t\t\t\t\t\t\t\t\t\t\t\t\t\t\t<img alt=\"\" decoding=\"async\" width=\"480\" height=\"640\" src=\"https:\/\/www.robotsgallery.es\/wp-content\/uploads\/2025\/02\/IRB-6640-14.webp\" class=\"attachment-large size-large wp-image-2962\" alt=\"\" srcset=\"https:\/\/www.robotsgallery.es\/wp-content\/uploads\/2025\/02\/IRB-6640-14.webp 480w, https:\/\/www.robotsgallery.es\/wp-content\/uploads\/2025\/02\/IRB-6640-14-225x300.webp 225w, https:\/\/www.robotsgallery.es\/wp-content\/uploads\/2025\/02\/IRB-6640-14-9x12.webp 9w\" sizes=\"(max-width: 480px) 100vw, 480px\" \/>\t\t\t\t\t\t\t\t\t\t\t\t\t\t\t<\/div>\n\t\t\t\t<\/div>\n\t\t\t\t\t<\/div>\n\t\t\t\t<\/div>\n\t\t<div class=\"elementor-element elementor-element-9679397 e-flex e-con-boxed e-con e-parent\" data-id=\"9679397\" data-element_type=\"container\" data-e-type=\"container\">\n\t\t\t\t\t<div class=\"e-con-inner\">\n\t\t\t\t<div class=\"elementor-element elementor-element-80585bb elementor-widget elementor-widget-text-editor\" data-id=\"80585bb\" data-element_type=\"widget\" data-e-type=\"widget\" data-widget_type=\"text-editor.default\">\n\t\t\t\t\t\t\t\t\t<p>Consulta nuestro <a href=\"https:\/\/www.robotsgallery.es\/catalogo-robots-gallery\/\" target=\"_blank\" rel=\"noopener\">cat\u00e1logo de robots de segunda mano<\/a> o contacta con nosotros para asesoramiento t\u00e9cnico sin compromiso.<\/p>\t\t\t\t\t\t\t\t<\/div>\n\t\t\t\t<div class=\"elementor-element elementor-element-2f1955f elementor-widget__width-initial elementor-widget elementor-widget-shortcode\" data-id=\"2f1955f\" data-element_type=\"widget\" data-e-type=\"widget\" data-widget_type=\"shortcode.default\">\n\t\t\t\t\t\t\t<div class=\"elementor-shortcode\"><div class='fluentform ff-default fluentform_wrapper_4 ffs_default_wrap'><form data-form_id=\"4\" id=\"fluentform_4\" class=\"frm-fluent-form fluent_form_4 ff-el-form-top ff_form_instance_4_1 ff-form-loading ffs_default\" data-form_instance=\"ff_form_instance_4_1\" method=\"POST\" ><fieldset  style=\"border: none!important;margin: 0!important;padding: 0!important;background-color: transparent!important;box-shadow: none!important;outline: none!important; min-inline-size: 100%;\">\n                    <legend class=\"ff_screen_reader_title\" style=\"display: block; margin: 0!important;padding: 0!important;height: 0!important;text-indent: -999999px;width: 0!important;overflow:hidden;\">Formulario P\u00e1ginas<\/legend><input type='hidden' name='__fluent_form_embded_post_id' value='3667' \/><input type=\"hidden\" id=\"_fluentform_4_fluentformnonce\" name=\"_fluentform_4_fluentformnonce\" value=\"00a9bd2b40\" \/><input type=\"hidden\" name=\"_wp_http_referer\" value=\"\/en\/wp-json\/wp\/v2\/pages\/3667\" \/><input type=\"hidden\" name=\"hidden\" value=\"Robots de segunda mano reacondicionados y listos para trabajar - https:\/\/www.robotsgallery.es\/en\/wp-json\/wp\/v2\/pages\/3667\" data-name=\"hidden\" ><div data-name=\"ff_cn_id_1\"  class='ff-t-container ff-column-container ff_columns_total_2 '><div class='ff-t-cell ff-t-column-1' style='flex-basis: 90%;'><div data-type=\"name-element\" data-name=\"names\" class=\" ff-field_container ff-name-field-wrapper\" ><div class='ff-t-container'><div class='ff-t-cell '><div class='ff-el-group  ff-el-form-hide_label'><div class=\"ff-el-input--label asterisk-right\"><label for='ff_4_names_first_name_' id='label_ff_4_names_first_name_' >Nombre<\/label><\/div><div class='ff-el-input--content'><input type=\"text\" name=\"names[first_name]\" id=\"ff_4_names_first_name_\" class=\"ff-el-form-control\" placeholder=\"Nombre\" aria-invalid=\"false\" aria-required=false><\/div><\/div><\/div><div class='ff-t-cell '><div class='ff-el-group  ff-el-form-hide_label'><div class=\"ff-el-input--label asterisk-right\"><label for='ff_4_names_last_name_' id='label_ff_4_names_last_name_' >Apellidos<\/label><\/div><div class='ff-el-input--content'><input type=\"text\" name=\"names[last_name]\" id=\"ff_4_names_last_name_\" class=\"ff-el-form-control\" placeholder=\"Apellidos\" aria-invalid=\"false\" aria-required=false><\/div><\/div><\/div><\/div><\/div><\/div><div class='ff-t-cell ff-t-column-2' style='flex-basis: 10%;'><\/div><\/div><div data-name=\"ff_cn_id_2\"  class='ff-t-container ff-column-container ff_columns_total_3 '><div class='ff-t-cell ff-t-column-1' style='flex-basis: 44.87%;'><div class='ff-el-group ff-el-form-hide_label'><div class=\"ff-el-input--label ff-el-is-required asterisk-right\"><label for='ff_4_email' id='label_ff_4_email' aria-label=\"Email\">Email<\/label><\/div><div class='ff-el-input--content'><input type=\"email\" name=\"email\" id=\"ff_4_email\" class=\"ff-el-form-control\" placeholder=\"Email\" data-name=\"email\"  aria-invalid=\"false\" aria-required=true><\/div><\/div><\/div><div class='ff-t-cell ff-t-column-2' style='flex-basis: 45.13%;'><div class='ff-el-group ff-el-form-hide_label'><div class=\"ff-el-input--label ff-el-is-required asterisk-right\"><label for='ff_4_input_text' id='label_ff_4_input_text' aria-label=\"Tel\u00e9fono\">Tel\u00e9fono<\/label><\/div><div class='ff-el-input--content'><input type=\"text\" name=\"input_text\" class=\"ff-el-form-control\" placeholder=\"Tel\u00e9fono\" data-name=\"input_text\" id=\"ff_4_input_text\"  aria-invalid=\"false\" aria-required=true><\/div><\/div><\/div><div class='ff-t-cell ff-t-column-3' style='flex-basis: 10%;'><\/div><\/div><div class='ff-el-group ff-el-form-hide_label'><div class=\"ff-el-input--label ff-el-is-required asterisk-right\"><label for='ff_4_message' id='label_ff_4_message' aria-label=\"Mensaje\">Mensaje<\/label><\/div><div class='ff-el-input--content'><textarea aria-required=\"true\" aria-labelledby=\"label_ff_4_message\" name=\"message\" id=\"ff_4_message\" class=\"ff-el-form-control\" placeholder=\"Mensaje\" rows=\"4\" cols=\"2\" data-name=\"message\" ><\/textarea><\/div><\/div><div data-name=\"ff_cn_id_3\"  class='ff-t-container ff-column-container ff_columns_total_2 '><div class='ff-t-cell ff-t-column-1' style='flex-basis: 50%;'><div class='ff-el-group    ff-el-input--content'><div class='ff-el-form-check ff-el-tc'><label aria-label='Terms and Conditions: He le\u00eddo la pol\u00edtica de privacidad y doy mi conformidad  Contains 1 link. Use tab navigation to review.' class='ff-el-form-check-label ff_tc_label' for=gdpr-agreement_c7dd67f4f09538e42b025fcd02bebfba><span class='ff_tc_checkbox'><input type=\"checkbox\" name=\"gdpr-agreement\" class=\"ff-el-form-check-input ff_gdpr_field\" data-name=\"gdpr-agreement\" id=\"gdpr-agreement_c7dd67f4f09538e42b025fcd02bebfba\"  value='on' aria-invalid='false' aria-required=true><\/span> <div class='ff_t_c'><font size=\"2\">He le\u00eddo la <\/font><a rel=\"noopener\" href=\"\/politica-privacidad\/\" target=\"_blank\"><font size=\"2\">pol\u00edtica de privacidad<\/font><\/a><font size=\"2\"> y doy mi conformidad <\/font><\/div><\/label><\/div><\/div><div class='ff-el-group ' ><div class='ff-el-input--content'><div data-fluent_id='4' name='g-recaptcha-response'><div\n\t\tdata-sitekey='6Lcxc1gUAAAAALcdepbEzqJjnelVDWFlntPofq_S'\n\t\tid='fluentform-recaptcha-4-1'\n\t\tclass='ff-el-recaptcha g-recaptcha'\n\t\tdata-callback='fluentFormrecaptchaSuccessCallback'><\/div><\/div><\/div><\/div><\/div><div class='ff-t-cell ff-t-column-2' style='flex-basis: 50%;'><div class='ff-el-group ff-text-center ff_submit_btn_wrapper ff_submit_btn_wrapper_custom'><button class=\"ff-btn ff-btn-submit ff-btn-lg ff_btn_style wpf_has_custom_css\" type=\"submit\" name=\"custom_submit_button-4_1\" data-name=\"custom_submit_button-4_1\"  aria-label=\"Enviar\">Enviar<\/button><style>form.fluent_form_4 .wpf_has_custom_css.ff-btn-submit { background-color:rgba(255, 255, 255, 1);border-color:rgba(255, 153, 0, 1);color:rgba(255, 153, 0, 1);border-radius:4px;min-width:50%; }form.fluent_form_4 .wpf_has_custom_css.ff-btn-submit:hover { background-color:rgba(255, 153, 0, 1);border-color:rgba(255, 153, 0, 1);color:rgba(255, 255, 255, 1);border-radius:4px;min-width:50%; } <\/style><\/div><\/div><\/div><\/fieldset><\/form><div id='fluentform_4_errors' class='ff-errors-in-stack ff_form_instance_4_1 ff-form-loading_errors ff_form_instance_4_1_errors'><\/div><\/div>            <script type=\"text\/javascript\">\n                window.fluent_form_ff_form_instance_4_1 = {\"id\":\"4\",\"settings\":{\"layout\":{\"labelPlacement\":\"top\",\"asteriskPlacement\":\"asterisk-right\",\"helpMessagePlacement\":\"with_label\",\"errorMessagePlacement\":\"inline\",\"cssClassName\":\"\"},\"restrictions\":{\"denyEmptySubmission\":{\"enabled\":false}}},\"form_instance\":\"ff_form_instance_4_1\",\"form_id_selector\":\"fluentform_4\",\"rules\":{\"names[first_name]\":{\"required\":{\"value\":false,\"message\":\"This field is required\",\"global\":true,\"global_message\":\"Este campo es obligatorio\"}},\"names[middle_name]\":{\"required\":{\"value\":false,\"message\":\"This field is required\",\"global\":true,\"global_message\":\"Este campo es obligatorio\"}},\"names[last_name]\":{\"required\":{\"value\":false,\"message\":\"This field is required\",\"global\":true,\"global_message\":\"Este campo es obligatorio\"}},\"email\":{\"required\":{\"value\":true,\"message\":\"This field is required\",\"global\":true,\"global_message\":\"Este campo es obligatorio\"},\"email\":{\"value\":true,\"message\":\"This field must contain a valid email\",\"global\":true,\"global_message\":\"Este campo debe contener un correo electr\\u00f3nico v\\u00e1lido\"}},\"input_text\":{\"required\":{\"value\":true,\"message\":\"This field is required\",\"global_message\":\"Este campo es obligatorio\",\"global\":true}},\"message\":{\"required\":{\"value\":true,\"message\":\"This field is required\",\"global\":true,\"global_message\":\"Este campo es obligatorio\"}},\"gdpr-agreement\":{\"required\":{\"value\":true,\"message\":\"This field is required\",\"global_message\":\"Este campo es obligatorio\",\"global\":true}},\"g-recaptcha-response\":[]},\"debounce_time\":300};\n                            <\/script>\n            <\/div>\n\t\t\t\t\t\t<\/div>\n\t\t\t\t\t<\/div>\n\t\t\t\t<\/div>\n\t\t\t\t<\/div>\n\t\t","protected":false},"excerpt":{"rendered":"<p>En RobotsGallery somos especialistas en la compra, reacondicionamiento y venta de robots de segunda mano para uso industrial. Ofrecemos soluciones fiables y rentables para empresas que buscan automatizar o ampliar su producci\u00f3n sin asumir el coste de un robot nuevo. Todos nuestros robots industriales usados se revisan, reacondicionan y prueban para garantizar su correcto funcionamiento, [&hellip;]<\/p>\n","protected":false},"author":1,"featured_media":0,"parent":0,"menu_order":0,"comment_status":"closed","ping_status":"closed","template":"","meta":{"_seopress_robots_primary_cat":"","_seopress_titles_title":"Robots de segunda mano reacondicionados en venta","_seopress_titles_desc":"Compra robots de segunda mano revisados y listos para trabajar. Soluciones reacondicionadas con alto rendimiento y excelente rentabilidad.","_seopress_robots_index":"","footnotes":""},"class_list":["post-3667","page","type-page","status-publish","hentry"],"_links":{"self":[{"href":"https:\/\/www.robotsgallery.es\/en\/wp-json\/wp\/v2\/pages\/3667","targetHints":{"allow":["GET"]}}],"collection":[{"href":"https:\/\/www.robotsgallery.es\/en\/wp-json\/wp\/v2\/pages"}],"about":[{"href":"https:\/\/www.robotsgallery.es\/en\/wp-json\/wp\/v2\/types\/page"}],"author":[{"embeddable":true,"href":"https:\/\/www.robotsgallery.es\/en\/wp-json\/wp\/v2\/users\/1"}],"replies":[{"embeddable":true,"href":"https:\/\/www.robotsgallery.es\/en\/wp-json\/wp\/v2\/comments?post=3667"}],"version-history":[{"count":25,"href":"https:\/\/www.robotsgallery.es\/en\/wp-json\/wp\/v2\/pages\/3667\/revisions"}],"predecessor-version":[{"id":3698,"href":"https:\/\/www.robotsgallery.es\/en\/wp-json\/wp\/v2\/pages\/3667\/revisions\/3698"}],"wp:attachment":[{"href":"https:\/\/www.robotsgallery.es\/en\/wp-json\/wp\/v2\/media?parent=3667"}],"curies":[{"name":"wp","href":"https:\/\/api.w.org\/{rel}","templated":true}]}}