{"id":3591,"date":"2025-12-02T11:36:46","date_gmt":"2025-12-02T10:36:46","guid":{"rendered":"https:\/\/www.robotsgallery.es\/?page_id=3591"},"modified":"2026-02-13T13:47:03","modified_gmt":"2026-02-13T12:47:03","slug":"industrial-robots","status":"publish","type":"page","link":"https:\/\/www.robotsgallery.es\/en\/industrial-robots\/","title":{"rendered":"Industrial Robots: Types, Features and Applications"},"content":{"rendered":"<div data-elementor-type=\"wp-page\" data-elementor-id=\"3591\" class=\"elementor elementor-3591\" data-elementor-post-type=\"page\">\n\t\t\t\t<div class=\"elementor-element elementor-element-1976533 e-flex e-con-boxed e-con e-parent\" data-id=\"1976533\" data-element_type=\"container\" data-e-type=\"container\">\n\t\t\t\t\t<div class=\"e-con-inner\">\n\t\t\t\t<div class=\"elementor-element elementor-element-4538cc6 elementor-widget__width-auto elementor-widget elementor-widget-heading\" data-id=\"4538cc6\" data-element_type=\"widget\" data-e-type=\"widget\" data-widget_type=\"heading.default\">\n\t\t\t\t\t<h1 class=\"elementor-heading-title elementor-size-default\">Industrial Robots: Types, Features and Applications<\/h1>\t\t\t\t<\/div>\n\t\t\t\t\t<\/div>\n\t\t\t\t<\/div>\n\t\t<div class=\"elementor-element elementor-element-95a8e69 e-flex e-con-boxed e-con e-parent\" data-id=\"95a8e69\" data-element_type=\"container\" data-e-type=\"container\">\n\t\t\t\t\t<div class=\"e-con-inner\">\n\t\t<div class=\"elementor-element elementor-element-11d84d2 e-con-full e-flex e-con e-child\" data-id=\"11d84d2\" data-element_type=\"container\" data-e-type=\"container\">\n\t\t\t\t<div class=\"elementor-element elementor-element-7253d5d elementor-widget__width-inherit elementor-widget elementor-widget-text-editor\" data-id=\"7253d5d\" data-element_type=\"widget\" data-e-type=\"widget\" data-widget_type=\"text-editor.default\">\n\t\t\t\t\t\t\t\t\t<p class=\"translation-block\">Industrial robots are an essential part of today\u2019s automation systems. Their ability to perform repetitive tasks with precision, speed, and consistency has transformed sectors such as automotive, logistics, metallurgy, electronics, and food processing. This page provides a clear and structured overview of the <strong>different types of industrial robots<\/strong>, their technical features, and the most common applications in production environments.<\/p>\t\t\t\t\t\t\t\t<\/div>\n\t\t\t\t<div class=\"elementor-element elementor-element-58b4de2 elementor-widget elementor-widget-heading\" data-id=\"58b4de2\" data-element_type=\"widget\" data-e-type=\"widget\" data-widget_type=\"heading.default\">\n\t\t\t\t\t<h2 class=\"elementor-heading-title elementor-size-default\">What is an industrial robot?<\/h2>\t\t\t\t<\/div>\n\t\t\t\t<div class=\"elementor-element elementor-element-c12e112 elementor-widget elementor-widget-text-editor\" data-id=\"c12e112\" data-element_type=\"widget\" data-e-type=\"widget\" data-widget_type=\"text-editor.default\">\n\t\t\t\t\t\t\t\t\t<p class=\"translation-block\">An industrial robot is a programmable manipulator capable of performing controlled and repetitive movements on three or more axes. Its main function is to <strong>automate processes<\/strong>, whether by handling parts, welding, assembling, palletizing, or performing operations that require constant precision.<\/p>\n<p data-start=\"1245\" data-end=\"1269\">Common characteristics:<\/p>\n\n<ul>\n \t<li data-start=\"1273\" data-end=\"1296\">High repeatability<\/li>\n \t<li data-start=\"1299\" data-end=\"1326\">Path accuracy<\/li>\n \t<li data-start=\"1329\" data-end=\"1360\">Continuous operation capability<\/li>\n \t<li data-start=\"1363\" data-end=\"1413\">Integration with other automation systems<\/li>\n \t<li data-start=\"1416\" data-end=\"1473\">Advanced safety for operation in industrial environments<\/li>\n<\/ul>\t\t\t\t\t\t\t\t<\/div>\n\t\t\t\t<div class=\"elementor-element elementor-element-4a919b3 elementor-widget elementor-widget-heading\" data-id=\"4a919b3\" data-element_type=\"widget\" data-e-type=\"widget\" data-widget_type=\"heading.default\">\n\t\t\t\t\t<h2 class=\"elementor-heading-title elementor-size-default\">Main types of industrial robots<\/h2>\t\t\t\t<\/div>\n\t\t\t\t<div class=\"elementor-element elementor-element-3ea901c elementor-widget elementor-widget-heading\" data-id=\"3ea901c\" data-element_type=\"widget\" data-e-type=\"widget\" data-widget_type=\"heading.default\">\n\t\t\t\t\t<h3 class=\"elementor-heading-title elementor-size-default\">1. Articulated robots<\/h3>\t\t\t\t<\/div>\n\t\t\t\t<div class=\"elementor-element elementor-element-eeddfaf elementor-widget elementor-widget-text-editor\" data-id=\"eeddfaf\" data-element_type=\"widget\" data-e-type=\"widget\" data-widget_type=\"text-editor.default\">\n\t\t\t\t\t\t\t\t\t<p data-start=\"1559\" data-end=\"1728\">They are the most widely used in industry. They consist of several axes (usually between 4 and 7), which gives them great freedom of movement and versatility.<\/p><p data-start=\"1730\" data-end=\"1815\" class=\"translation-block\"><strong>Most common uses:<\/strong> handling, welding, palletizing, machining, assembly.<\/p>\t\t\t\t\t\t\t\t<\/div>\n\t\t\t\t<div class=\"elementor-element elementor-element-b4c5f63 elementor-widget elementor-widget-heading\" data-id=\"b4c5f63\" data-element_type=\"widget\" data-e-type=\"widget\" data-widget_type=\"heading.default\">\n\t\t\t\t\t<h3 class=\"elementor-heading-title elementor-size-default\">2. SCARA robots<\/h3>\t\t\t\t<\/div>\n\t\t\t\t<div class=\"elementor-element elementor-element-c523b6b elementor-widget elementor-widget-text-editor\" data-id=\"c523b6b\" data-element_type=\"widget\" data-e-type=\"widget\" data-widget_type=\"text-editor.default\">\n\t\t\t\t\t\t\t\t\t<p data-start=\"1846\" data-end=\"1996\">They have a configuration designed for fast and precise movements on a horizontal plane. They are ideal for high-speed repetitive processes.<\/p><p data-start=\"1998\" data-end=\"2082\" class=\"translation-block\"><strong>Typical applications:<\/strong> electronic assembly, pick &amp; place, light handling.<\/p>\t\t\t\t\t\t\t\t<\/div>\n\t\t\t\t<div class=\"elementor-element elementor-element-3c06f67 elementor-widget elementor-widget-heading\" data-id=\"3c06f67\" data-element_type=\"widget\" data-e-type=\"widget\" data-widget_type=\"heading.default\">\n\t\t\t\t\t<h3 class=\"elementor-heading-title elementor-size-default\">3. Cartesian or gantry robots<\/h3>\t\t\t\t<\/div>\n\t\t\t\t<div class=\"elementor-element elementor-element-eaab2db elementor-widget elementor-widget-text-editor\" data-id=\"eaab2db\" data-element_type=\"widget\" data-e-type=\"widget\" data-widget_type=\"text-editor.default\">\n\t\t\t\t\t\t\t\t\t<p data-start=\"2132\" data-end=\"2289\">Funcionan mediante desplazamientos lineales en los ejes X, Y y Z. Permiten un gran control sobre la trayectoria y pueden cubrir \u00e1reas de trabajo muy amplias.<\/p><p data-start=\"2291\" data-end=\"2375\" class=\"translation-block\"><strong>Used in:<\/strong> CNC, 3D printing, dosing, handling of large parts.<\/p>\t\t\t\t\t\t\t\t<\/div>\n\t\t\t\t<div class=\"elementor-element elementor-element-d6db725 elementor-widget elementor-widget-heading\" data-id=\"d6db725\" data-element_type=\"widget\" data-e-type=\"widget\" data-widget_type=\"heading.default\">\n\t\t\t\t\t<h3 class=\"elementor-heading-title elementor-size-default\">4. Delta robots<\/h3>\t\t\t\t<\/div>\n\t\t\t\t<div class=\"elementor-element elementor-element-cd96904 elementor-widget elementor-widget-text-editor\" data-id=\"cd96904\" data-element_type=\"widget\" data-e-type=\"widget\" data-widget_type=\"text-editor.default\">\n\t\t\t\t\t\t\t\t\t<p data-start=\"2406\" data-end=\"2557\">Lightweight and extremely fast robots, usually suspended above the work area. Their parallel structure allows for very agile movements.<\/p><p data-start=\"2559\" data-end=\"2668\" class=\"translation-block\"><strong>Common uses:<\/strong> sorting, packaging, handling of small products on high-speed lines.<\/p>\t\t\t\t\t\t\t\t<\/div>\n\t\t\t\t<div class=\"elementor-element elementor-element-b2d3e11 elementor-widget elementor-widget-heading\" data-id=\"b2d3e11\" data-element_type=\"widget\" data-e-type=\"widget\" data-widget_type=\"heading.default\">\n\t\t\t\t\t<h3 class=\"elementor-heading-title elementor-size-default\">5. Collaborative robots (cobots)<\/h3>\t\t\t\t<\/div>\n\t\t\t\t<div class=\"elementor-element elementor-element-08ef025 elementor-widget elementor-widget-text-editor\" data-id=\"08ef025\" data-element_type=\"widget\" data-e-type=\"widget\" data-widget_type=\"text-editor.default\">\n\t\t\t\t\t\t\t\t\t<p data-start=\"2716\" data-end=\"2859\">They are designed to work alongside operators without physical barriers in many cases, thanks to sensors and advanced safety systems.<\/p><p data-start=\"2861\" data-end=\"2951\" class=\"translation-block\"><strong>Applications:<\/strong> fine assembly, screwing, quality control, light handling.<\/p>\t\t\t\t\t\t\t\t<\/div>\n\t\t\t\t<div class=\"elementor-element elementor-element-44327d2 elementor-widget elementor-widget-heading\" data-id=\"44327d2\" data-element_type=\"widget\" data-e-type=\"widget\" data-widget_type=\"heading.default\">\n\t\t\t\t\t<h2 class=\"elementor-heading-title elementor-size-default\">Key technical features<\/h2>\t\t\t\t<\/div>\n\t\t\t\t<div class=\"elementor-element elementor-element-e77e93a elementor-widget elementor-widget-text-editor\" data-id=\"e77e93a\" data-element_type=\"widget\" data-e-type=\"widget\" data-widget_type=\"text-editor.default\">\n\t\t\t\t\t\t\t\t\t<p data-start=\"2997\" data-end=\"3085\">When analysing or comparing industrial robots, several parameters come into play:<\/p><ul data-start=\"3087\" data-end=\"3644\"><li data-start=\"3087\" data-end=\"3153\"><p data-start=\"3089\" data-end=\"3153\" class=\"translation-block\"><strong>Payload (kg):<\/strong> maximum weight the robot can handle.<\/p><\/li><li data-start=\"3154\" data-end=\"3243\"><p data-start=\"3156\" data-end=\"3243\" class=\"translation-block\"><strong>Reach (mm or m):<\/strong> maximum distance between the robot base and the work point.<\/p><\/li><li data-start=\"3244\" data-end=\"3326\"><p data-start=\"3246\" data-end=\"3326\" class=\"translation-block\"><strong>Repeatability:<\/strong> ability to return to the same point with minimal deviation.<\/p><\/li><li data-start=\"3327\" data-end=\"3382\"><p data-start=\"3329\" data-end=\"3382\" class=\"translation-block\"><strong>Speed:<\/strong> swiftness of movements and cycles.<\/p><\/li><li data-start=\"3383\" data-end=\"3465\"><p data-start=\"3385\" data-end=\"3465\" class=\"translation-block\"><strong>Number of axes:<\/strong> determines the complexity and flexibility of movement.<\/p><\/li><li data-start=\"3466\" data-end=\"3557\"><p data-start=\"3468\" data-end=\"3557\" class=\"translation-block\"><strong>Controller type:<\/strong> affects programming, precision, and additional functions.<\/p><\/li><li data-start=\"3558\" data-end=\"3644\"><p data-start=\"3560\" data-end=\"3644\" class=\"translation-block\"><strong>Protection rating (IP):<\/strong> resistance to dust, liquids, or harsh environments.<\/p><\/li><\/ul><p data-start=\"3646\" data-end=\"3760\">These features allow selecting the right robot depending on the application and the working environment.<\/p>\t\t\t\t\t\t\t\t<\/div>\n\t\t\t\t<div class=\"elementor-element elementor-element-9dbd624 elementor-widget elementor-widget-heading\" data-id=\"9dbd624\" data-element_type=\"widget\" data-e-type=\"widget\" data-widget_type=\"heading.default\">\n\t\t\t\t\t<h2 class=\"elementor-heading-title elementor-size-default\">Common applications of industrial robots<\/h2>\t\t\t\t<\/div>\n\t\t\t\t<div class=\"elementor-element elementor-element-9c59580 elementor-widget elementor-widget-text-editor\" data-id=\"9c59580\" data-element_type=\"widget\" data-e-type=\"widget\" data-widget_type=\"text-editor.default\">\n\t\t\t\t\t\t\t\t\t<p data-start=\"3826\" data-end=\"3894\">Industrial robots are used in a wide range of processes:<\/p><ul><li data-start=\"3898\" data-end=\"3926\">Material handling<\/li><li data-start=\"3929\" data-end=\"3949\">Arc welding<\/li><li data-start=\"3952\" data-end=\"3980\">Palletizing and depalletizing<\/li><li data-start=\"3983\" data-end=\"4013\">Machine loading and unloading<\/li><li data-start=\"4016\" data-end=\"4041\">Machining and deburring<\/li><li data-start=\"4044\" data-end=\"4080\">Gluing and adhesive application<\/li><li data-start=\"4083\" data-end=\"4103\">Industrial painting<\/li><li data-start=\"4106\" data-end=\"4120\">Pick &amp; place<\/li><li data-start=\"4123\" data-end=\"4146\">Packaging and labeling<\/li><li data-start=\"4149\" data-end=\"4174\">Precision assembly<\/li><\/ul>\t\t\t\t\t\t\t\t<\/div>\n\t\t\t\t<div class=\"elementor-element elementor-element-e38acfd elementor-widget elementor-widget-heading\" data-id=\"e38acfd\" data-element_type=\"widget\" data-e-type=\"widget\" data-widget_type=\"heading.default\">\n\t\t\t\t\t<h2 class=\"elementor-heading-title elementor-size-default\">Evolution of industrial robots<\/h2>\t\t\t\t<\/div>\n\t\t\t\t<div class=\"elementor-element elementor-element-19cb5be elementor-widget elementor-widget-text-editor\" data-id=\"19cb5be\" data-element_type=\"widget\" data-e-type=\"widget\" data-widget_type=\"text-editor.default\">\n\t\t\t\t\t\t\t\t\t<p data-start=\"4226\" data-end=\"4313\">Over the past decades, industrial robotics has evolved significantly:<\/p><ul><li data-start=\"4317\" data-end=\"4346\">Improved control systems<\/li><li data-start=\"4349\" data-end=\"4391\">Greater connectivity and integrated sensors<\/li><li data-start=\"4394\" data-end=\"4427\">Lighter and more efficient robots<\/li><li data-start=\"4430\" data-end=\"4466\">Advances in artificial intelligence<\/li><li data-start=\"4469\" data-end=\"4505\">Integration with vision systems<\/li><li data-start=\"4508\" data-end=\"4556\">Increased safety in human-robot interaction<\/li><\/ul><p>\u00a0<\/p><p data-start=\"4558\" data-end=\"4671\">These advances have made it possible to expand their use to sectors where it was previously unfeasible due to cost, complexity, or space.<\/p>\t\t\t\t\t\t\t\t<\/div>\n\t\t\t\t<div class=\"elementor-element elementor-element-c78d93f elementor-widget elementor-widget-heading\" data-id=\"c78d93f\" data-element_type=\"widget\" data-e-type=\"widget\" data-widget_type=\"heading.default\">\n\t\t\t\t\t<h2 class=\"elementor-heading-title elementor-size-default\">Conclusion<\/h2>\t\t\t\t<\/div>\n\t\t\t\t<div class=\"elementor-element elementor-element-aee35d6 elementor-widget elementor-widget-text-editor\" data-id=\"aee35d6\" data-element_type=\"widget\" data-e-type=\"widget\" data-widget_type=\"text-editor.default\">\n\t\t\t\t\t\t\t\t\t<p>Industrial robots play a key role in modern automation. Understanding their different types, features, and applications is essential to grasp how they are integrated into current production processes and how they help improve quality, efficiency, and safety in industry.<\/p>\t\t\t\t\t\t\t\t<\/div>\n\t\t\t\t<\/div>\n\t\t<div class=\"elementor-element elementor-element-454058f e-con-full elementor-hidden-tablet elementor-hidden-mobile e-flex e-con e-child\" data-id=\"454058f\" data-element_type=\"container\" data-e-type=\"container\">\n\t\t\t\t<\/div>\n\t\t\t\t\t<\/div>\n\t\t\t\t<\/div>\n\t\t\t\t<\/div>","protected":false},"excerpt":{"rendered":"<p>Los robots industriales forman parte esencial de los sistemas de automatizaci\u00f3n actuales. Su capacidad para realizar tareas repetitivas con precisi\u00f3n, velocidad y consistencia ha transformado sectores como la automoci\u00f3n, la log\u00edstica, la metalurgia, la electr\u00f3nica o la alimentaci\u00f3n. Esta p\u00e1gina ofrece una visi\u00f3n clara y estructurada de los diferentes tipos de robots industriales, sus caracter\u00edsticas [&hellip;]<\/p>\n","protected":false},"author":1,"featured_media":0,"parent":0,"menu_order":0,"comment_status":"closed","ping_status":"closed","template":"","meta":{"_seopress_robots_primary_cat":"","_seopress_titles_title":"Robots industriales \u2013 gu\u00eda de tipos y usos","_seopress_titles_desc":"Descubre los distintos tipos de robots industriales y c\u00f3mo se utilizan en la industria. Gu\u00eda pr\u00e1ctica y actualizada para conocer sus aplicaciones.","_seopress_robots_index":"","footnotes":""},"class_list":["post-3591","page","type-page","status-publish","hentry"],"_links":{"self":[{"href":"https:\/\/www.robotsgallery.es\/en\/wp-json\/wp\/v2\/pages\/3591","targetHints":{"allow":["GET"]}}],"collection":[{"href":"https:\/\/www.robotsgallery.es\/en\/wp-json\/wp\/v2\/pages"}],"about":[{"href":"https:\/\/www.robotsgallery.es\/en\/wp-json\/wp\/v2\/types\/page"}],"author":[{"embeddable":true,"href":"https:\/\/www.robotsgallery.es\/en\/wp-json\/wp\/v2\/users\/1"}],"replies":[{"embeddable":true,"href":"https:\/\/www.robotsgallery.es\/en\/wp-json\/wp\/v2\/comments?post=3591"}],"version-history":[{"count":58,"href":"https:\/\/www.robotsgallery.es\/en\/wp-json\/wp\/v2\/pages\/3591\/revisions"}],"predecessor-version":[{"id":3649,"href":"https:\/\/www.robotsgallery.es\/en\/wp-json\/wp\/v2\/pages\/3591\/revisions\/3649"}],"wp:attachment":[{"href":"https:\/\/www.robotsgallery.es\/en\/wp-json\/wp\/v2\/media?parent=3591"}],"curies":[{"name":"wp","href":"https:\/\/api.w.org\/{rel}","templated":true}]}}