{"id":2302,"date":"2025-02-06T18:03:54","date_gmt":"2025-02-06T17:03:54","guid":{"rendered":"https:\/\/www.robotsgallery.es\/?page_id=2302"},"modified":"2025-02-28T13:04:42","modified_gmt":"2025-02-28T12:04:42","slug":"politica-cookies","status":"publish","type":"page","link":"https:\/\/www.robotsgallery.es\/en\/politica-cookies\/","title":{"rendered":"Cookie Policy"},"content":{"rendered":"<div data-elementor-type=\"wp-page\" data-elementor-id=\"2302\" class=\"elementor elementor-2302\" data-elementor-post-type=\"page\">\n\t\t\t\t<div class=\"elementor-element elementor-element-c16f0b3 e-flex e-con-boxed e-con e-parent\" data-id=\"c16f0b3\" data-element_type=\"container\" data-e-type=\"container\">\n\t\t\t\t\t<div class=\"e-con-inner\">\n\t\t\t\t<div class=\"elementor-element elementor-element-af99193 elementor-widget elementor-widget-heading\" data-id=\"af99193\" data-element_type=\"widget\" data-e-type=\"widget\" data-widget_type=\"heading.default\">\n\t\t\t\t\t<h1 class=\"elementor-heading-title elementor-size-default\">Cookie Policy<\/h1>\t\t\t\t<\/div>\n\t\t\t\t<div class=\"elementor-element elementor-element-27ac121 elementor-widget elementor-widget-text-editor\" data-id=\"27ac121\" data-element_type=\"widget\" data-e-type=\"widget\" data-widget_type=\"text-editor.default\">\n\t\t\t\t\t\t\t\t\t<h4><span style=\"font-family: arial, helvetica, sans-serif;\">\u00a0<\/span><\/h4><p><span style=\"font-family: arial, helvetica, sans-serif;\">Las cookies son ficheros que se descargan en su ordenador al acceder a determinadas p\u00e1ginas web. Las cookies facilitan a una p\u00e1gina web almacenar y recuperar informaci\u00f3n sobre los h\u00e1bitos de navegaci\u00f3n de un cliente y, dependiendo de la informaci\u00f3n que contengan y de la forma en que se utilice su equipo, pueden servir para reconocerlo.<\/span><\/p><p><span style=\"font-family: arial, helvetica, sans-serif;\">No obstante, estos medios s\u00f3lo obtienen informaci\u00f3n relacionada con el n\u00famero de p\u00e1ginas visitas, la ciudad a la que est\u00e1 asignada la direcci\u00f3n IP desde la que se accede, el n\u00famero de nuevos usuarios, la frecuencia y reincidencia de las visitas, el tiempo de visita, el navegador o el operador o tipo de terminal desde el que se realiza la visita. En ning\u00fan caso se obtienen datos sobre el nombre, apellidos, direcci\u00f3n postal u otros datos an\u00e1logos del usuario que se ha conectado.<\/span><\/p><h3><span style=\"font-family: arial, helvetica, sans-serif;\">Qu\u00e9 tipos de cookies existen<\/span><\/h3><p><span style=\"font-family: arial, helvetica, sans-serif;\"><strong>Necesarias:<\/strong> Las cookies necesarias son cruciales para las funciones b\u00e1sicas del sitio web y el sitio web no funcionar\u00e1 de la forma prevista sin ellas. Estas cookies no almacenan ning\u00fan dato de identificaci\u00f3n personal. Siempre est\u00e1n activas y no pueden desactivarse.<\/span><\/p><p><span style=\"font-family: arial, helvetica, sans-serif;\"><strong>Funcionales<\/strong>: Las cookies funcionales ayudan a realizar ciertas funcionalidades, como compartir el contenido del sitio web en plataformas de redes sociales, recopilar comentarios y otras caracter\u00edsticas de terceros.<\/span><\/p><p><span style=\"font-family: arial, helvetica, sans-serif;\"><strong>Anal\u00edticas<\/strong>: Las cookies anal\u00edticas se utilizan para comprender c\u00f3mo interact\u00faan los visitantes con el sitio web. Estas cookies ayudan a proporcionar informaci\u00f3n sobre m\u00e9tricas el n\u00famero de visitantes, el porcentaje de rebote, la fuente de tr\u00e1fico, etc.<\/span><\/p><p><span style=\"font-family: arial, helvetica, sans-serif;\"><strong>Rendimiento<\/strong>: Las cookies de rendimiento se utilizan para comprender y analizar los \u00edndices de rendimiento clave del sitio web, lo que ayuda a proporcionar una mejor experiencia de usuario para los visitantes.<\/span><\/p><p><span style=\"font-family: arial, helvetica, sans-serif;\"><strong>Publicitarias<\/strong>: Las cookies publicitarias se utilizan para entregar a los visitantes anuncios personalizados basados \u200b\u200ben las p\u00e1ginas que visitaron antes y analizar la efectividad de la campa\u00f1a publicitaria.<\/span><br \/><br \/><\/p><p><span style=\"font-family: arial, helvetica, sans-serif;\">Las cookies utilizadas en este sitio Web se clasifican seg\u00fan la siguiente finalidad:<\/span><\/p>\t\t\t\t\t\t\t\t<\/div>\n\t\t\t\t<div class=\"elementor-element elementor-element-e560ce8 elementor-widget elementor-widget-html\" data-id=\"e560ce8\" data-element_type=\"widget\" data-e-type=\"widget\" data-widget_type=\"html.default\">\n\t\t\t\t\t<div class=\n\"cky-audit-table-element\"><\/div>\t\t\t\t<\/div>\n\t\t\t\t<div class=\"elementor-element elementor-element-0ef85ba elementor-widget elementor-widget-text-editor\" data-id=\"0ef85ba\" data-element_type=\"widget\" data-e-type=\"widget\" data-widget_type=\"text-editor.default\">\n\t\t\t\t\t\t\t\t\tPuedes revisar tus preferencias sobre cookies haciendo <a class=\"cky-banner-element\">clic aqu\u00ed<\/a>.\t\t\t\t\t\t\t\t<\/div>\n\t\t\t\t<div class=\"elementor-element elementor-element-bae5681 elementor-widget elementor-widget-text-editor\" data-id=\"bae5681\" data-element_type=\"widget\" data-e-type=\"widget\" data-widget_type=\"text-editor.default\">\n\t\t\t\t\t\t\t\t\t<p>\u00a0<\/p><p><span style=\"font-family: arial, helvetica, sans-serif;\">Podr\u00e1s gestionar tus consentimientos en relaci\u00f3n con las Cookies que usa nuestra web en la ventana emergente.<\/span><\/p><p><span style=\"font-family: arial, helvetica, sans-serif;\">Tambi\u00e9n puedes permitir, bloquear o eliminar las cookies instaladas en tu equipo mediante la configuraci\u00f3n de las opciones de su navegador. Puedes encontrar informaci\u00f3n sobre c\u00f3mo hacerlo, en relaci\u00f3n con los navegadores m\u00e1s comunes, en los links que se incluyen a continuaci\u00f3n:<\/span><\/p><p><span style=\"font-family: arial, helvetica, sans-serif;\">Explorer: <a href=\"https:\/\/support.microsoft.com\/es-es\/help\/17442\/windows-internet-explorer-delete-manage-cookies\" target=\"_blank\" rel=\"noopener\">https:\/\/support.microsoft.com\/es-es\/help\/17442\/windows-internet-explorer-delete-manage-cookies<\/a><\/span><\/p><p><span style=\"font-family: arial, helvetica, sans-serif;\">Firefox: <a href=\"https:\/\/support.mozilla.org\/es\/kb\/habilitar-y-deshabilitar-cookies-sitios-web-rastrear-preferencias\" target=\"_blank\" rel=\"noopener\">https:\/\/support.mozilla.org\/es\/kb\/habilitar-y-deshabilitar-cookies-sitios-web-rastrear-preferencias<\/a><\/span><\/p><p><span style=\"font-family: arial, helvetica, sans-serif;\">Chrome: <a href=\"http:\/\/support.google.com\/chrome\/bin\/answer.py?hl=es&amp;answer=95647\" target=\"_blank\" rel=\"noopener\">http:\/\/support.google.com\/chrome\/bin\/answer.py?hl=es&amp;answer=95647<\/a><\/span><\/p><p><span style=\"font-family: arial, helvetica, sans-serif;\">Safari: <a href=\"http:\/\/support.apple.com\/kb\/ph5042\" target=\"_blank\" rel=\"noopener\">http:\/\/support.apple.com\/kb\/ph5042<\/a><\/span><\/p><p><span style=\"font-family: arial, helvetica, sans-serif;\">Te informamos, no obstante, de la posibilidad de que la desactivaci\u00f3n de alguna cookie impida o dificulte la navegaci\u00f3n o la prestaci\u00f3n de los servicios ofrecidos en este sitio web.<\/span><\/p>\t\t\t\t\t\t\t\t<\/div>\n\t\t\t\t\t<\/div>\n\t\t\t\t<\/div>\n\t\t<div class=\"elementor-element elementor-element-60df43e e-flex e-con-boxed e-con e-parent\" data-id=\"60df43e\" data-element_type=\"container\" data-e-type=\"container\">\n\t\t\t\t\t<div class=\"e-con-inner\">\n\t\t\t\t\t<\/div>\n\t\t\t\t<\/div>\n\t\t\t\t<\/div>","protected":false},"excerpt":{"rendered":"<p>Pol\u00edtica de Cookies \u00a0 Las cookies son ficheros que se descargan en su ordenador al acceder a determinadas p\u00e1ginas web. Las cookies facilitan a una p\u00e1gina web almacenar y recuperar informaci\u00f3n sobre los h\u00e1bitos de navegaci\u00f3n de un cliente y, dependiendo de la informaci\u00f3n que contengan y de la forma en que se utilice su [&hellip;]<\/p>\n","protected":false},"author":1,"featured_media":0,"parent":0,"menu_order":0,"comment_status":"closed","ping_status":"closed","template":"","meta":{"_seopress_robots_primary_cat":"","_seopress_titles_title":"","_seopress_titles_desc":"","_seopress_robots_index":"yes","footnotes":""},"class_list":["post-2302","page","type-page","status-publish","hentry"],"_links":{"self":[{"href":"https:\/\/www.robotsgallery.es\/en\/wp-json\/wp\/v2\/pages\/2302","targetHints":{"allow":["GET"]}}],"collection":[{"href":"https:\/\/www.robotsgallery.es\/en\/wp-json\/wp\/v2\/pages"}],"about":[{"href":"https:\/\/www.robotsgallery.es\/en\/wp-json\/wp\/v2\/types\/page"}],"author":[{"embeddable":true,"href":"https:\/\/www.robotsgallery.es\/en\/wp-json\/wp\/v2\/users\/1"}],"replies":[{"embeddable":true,"href":"https:\/\/www.robotsgallery.es\/en\/wp-json\/wp\/v2\/comments?post=2302"}],"version-history":[{"count":11,"href":"https:\/\/www.robotsgallery.es\/en\/wp-json\/wp\/v2\/pages\/2302\/revisions"}],"predecessor-version":[{"id":3379,"href":"https:\/\/www.robotsgallery.es\/en\/wp-json\/wp\/v2\/pages\/2302\/revisions\/3379"}],"wp:attachment":[{"href":"https:\/\/www.robotsgallery.es\/en\/wp-json\/wp\/v2\/media?parent=2302"}],"curies":[{"name":"wp","href":"https:\/\/api.w.org\/{rel}","templated":true}]}}